{"id":8850,"date":"2025-01-22T17:49:47","date_gmt":"2025-01-22T14:49:47","guid":{"rendered":"https:\/\/karayerlesim.bosphorusboatshow.com\/tr\/?post_type=product&#038;p=8850"},"modified":"2025-01-29T15:40:48","modified_gmt":"2025-01-29T12:40:48","slug":"vanemar","status":"publish","type":"product","link":"https:\/\/karayerlesim.bosphorusboatshow.com\/tr\/katilimci-markalar\/vanemar\/","title":{"rendered":"Vanemar"},"content":{"rendered":"\t\t<div data-elementor-type=\"product-post\" data-elementor-id=\"8850\" class=\"elementor elementor-8850\" data-elementor-post-type=\"product\">\n\t\t\t\t<div data-particle_enable=\"false\" data-particle-mobile-disabled=\"false\" class=\"elementor-element elementor-element-cca9ed1 e-flex e-con-boxed e-con e-parent\" data-id=\"cca9ed1\" data-element_type=\"container\" data-e-type=\"container\">\n\t\t\t\t\t<div class=\"e-con-inner\">\n\t\t\t\t<div class=\"elementor-element elementor-element-420a4a4 elementor-widget elementor-widget-button\" data-id=\"420a4a4\" data-element_type=\"widget\" data-e-type=\"widget\" data-widget_type=\"button.default\">\n\t\t\t\t<div class=\"elementor-widget-container\">\n\t\t\t\t\t\t\t\t\t<div class=\"elementor-button-wrapper\">\n\t\t\t\t\t<a class=\"elementor-button elementor-button-link elementor-size-sm\" href=\"https:\/\/karayerlesim.bosphorusboatshow.com\/tr\/\">\n\t\t\t\t\t\t<span class=\"elementor-button-content-wrapper\">\n\t\t\t\t\t\t<span class=\"elementor-button-icon\">\n\t\t\t\t<i aria-hidden=\"true\" class=\"fas fa-map-pin\"><\/i>\t\t\t<\/span>\n\t\t\t\t\t\t\t\t\t<span class=\"elementor-button-text\">Hall 3 Stant B09<\/span>\n\t\t\t\t\t<\/span>\n\t\t\t\t\t<\/a>\n\t\t\t\t<\/div>\n\t\t\t\t\t\t\t\t<\/div>\n\t\t\t\t<\/div>\n\t\t\t\t<div class=\"elementor-element elementor-element-c21277d elementor-widget elementor-widget-text-editor\" data-id=\"c21277d\" data-element_type=\"widget\" data-e-type=\"widget\" data-widget_type=\"text-editor.default\">\n\t\t\t\t<div class=\"elementor-widget-container\">\n\t\t\t\t\t\t\t\t\t<p>Vanemar ile tekneniz her zaman g\u00fcvende!<\/p><p>Denizdeki en b\u00fcy\u00fck endi\u015felerden biri, teknenizin ba\u015f\u0131nda olmad\u0131\u011f\u0131n\u0131zda ne durumda oldu\u011funu bilememektir. Vanemar, tam da bu ihtiyac\u0131 kar\u015f\u0131lamak i\u00e7in geli\u015ftirilmi\u015f yenilik\u00e7i bir izleme ve g\u00fcvenlik sistemi sunuyor. Kablosuz sens\u00f6rlerle \u00e7al\u0131\u015fan sistem, anl\u0131k konum takibi, sintine alarm\u0131, ak\u00fc voltaj izleme ve hareket alg\u0131lama gibi hayati \u00f6zellikler sa\u011fl\u0131yor. Teknenizin her an nerede oldu\u011funu ve herhangi bir sorun olup olmad\u0131\u011f\u0131n\u0131, cep telefonunuzdan kolayca kontrol edebilirsiniz.<\/p><p>Vanemar\u2019\u0131n en b\u00fcy\u00fck avantajlar\u0131ndan biri, karma\u015f\u0131k kablolama gerektirmeyen ve h\u0131zl\u0131ca kurulabilen bir sistem olmas\u0131. Kullan\u0131c\u0131 dostu mobil uygulamas\u0131 sayesinde teknenizin konumunu, batarya seviyesini, s\u0131cakl\u0131k ve nem gibi kritik bilgileri anl\u0131k olarak g\u00f6rebilir, herhangi bir ola\u011fan d\u0131\u015f\u0131 durumda an\u0131nda bildirim alabilirsiniz. B\u00f6ylece h\u0131rs\u0131zl\u0131k, su bask\u0131n\u0131 veya teknik ar\u0131zalar gibi olas\u0131 risklere kar\u015f\u0131 her zaman haz\u0131rl\u0131kl\u0131 olabilirsiniz.<\/p><p>Yaln\u0131zca g\u00fcvenlik de\u011fil, konfor a\u00e7\u0131s\u0131ndan da Vanemar b\u00fcy\u00fck kolayl\u0131klar sunuyor. Ak\u0131ll\u0131 prizlerle cihazlar\u0131n\u0131z\u0131 uzaktan a\u00e7\u0131p kapatabilir, teknenize gitmeden \u00f6nce haz\u0131rl\u0131k yapabilirsiniz. \u00dcstelik, sistemin sanal \u00e7it \u00f6zelli\u011fi sayesinde belirledi\u011finiz alan d\u0131\u015f\u0131na \u00e7\u0131k\u0131ld\u0131\u011f\u0131nda otomatik uyar\u0131 alarak teknenizin g\u00fcvende olup olmad\u0131\u011f\u0131n\u0131 her an takip edebilirsiniz.<\/p><p>Bosphorus Boat Show 2025\u2019te Vanemar stand\u0131n\u0131 ziyaret ederek bu ileri teknoloji sistemleri yak\u0131ndan inceleyebilir, tekneniz i\u00e7in en uygun \u00e7\u00f6z\u00fcmleri ke\u015ffedebilirsiniz. Vanemar ile denizde daha g\u00fcvenli ve huzurlu bir deneyime ad\u0131m at\u0131n!<\/p>\t\t\t\t\t\t\t\t<\/div>\n\t\t\t\t<\/div>\n\t\t\t\t\t<\/div>\n\t\t\t\t<\/div>\n\t\t<div data-particle_enable=\"false\" data-particle-mobile-disabled=\"false\" class=\"elementor-element elementor-element-3d52e6e e-flex e-con-boxed e-con e-parent\" data-id=\"3d52e6e\" data-element_type=\"container\" data-e-type=\"container\">\n\t\t\t\t\t<div class=\"e-con-inner\">\n\t\t\t\t<div class=\"elementor-element elementor-element-26993a0 elementor-widget elementor-widget-text-editor\" data-id=\"26993a0\" data-element_type=\"widget\" data-e-type=\"widget\" data-widget_type=\"text-editor.default\">\n\t\t\t\t<div class=\"elementor-widget-container\">\n\t\t\t\t\t\t\t\t\t<p><a href=\"https:\/\/vanemar.io\/\">https:\/\/vanemar.io\/<\/a><\/p>\t\t\t\t\t\t\t\t<\/div>\n\t\t\t\t<\/div>\n\t\t\t\t<div class=\"elementor-element elementor-element-5f47b6c elementor-widget-divider--view-line elementor-widget elementor-widget-divider\" data-id=\"5f47b6c\" data-element_type=\"widget\" data-e-type=\"widget\" data-widget_type=\"divider.default\">\n\t\t\t\t<div class=\"elementor-widget-container\">\n\t\t\t\t\t\t\t<div class=\"elementor-divider\">\n\t\t\t<span class=\"elementor-divider-separator\">\n\t\t\t\t\t\t<\/span>\n\t\t<\/div>\n\t\t\t\t\t\t<\/div>\n\t\t\t\t<\/div>\n\t\t\t\t\t<\/div>\n\t\t\t\t<\/div>\n\t\t<div data-particle_enable=\"false\" data-particle-mobile-disabled=\"false\" class=\"elementor-element elementor-element-5d63f87 e-flex e-con-boxed e-con e-parent\" data-id=\"5d63f87\" data-element_type=\"container\" data-e-type=\"container\">\n\t\t\t\t\t<div class=\"e-con-inner\">\n\t\t\t\t<div class=\"elementor-element elementor-element-bf8ff1d elementor-widget elementor-widget-gallery\" data-id=\"bf8ff1d\" data-element_type=\"widget\" data-e-type=\"widget\" data-settings=\"{&quot;columns&quot;:3,&quot;gallery_layout&quot;:&quot;grid&quot;,&quot;columns_tablet&quot;:2,&quot;columns_mobile&quot;:1,&quot;gap&quot;:{&quot;unit&quot;:&quot;px&quot;,&quot;size&quot;:10,&quot;sizes&quot;:[]},&quot;gap_tablet&quot;:{&quot;unit&quot;:&quot;px&quot;,&quot;size&quot;:10,&quot;sizes&quot;:[]},&quot;gap_mobile&quot;:{&quot;unit&quot;:&quot;px&quot;,&quot;size&quot;:10,&quot;sizes&quot;:[]},&quot;link_to&quot;:&quot;file&quot;,&quot;aspect_ratio&quot;:&quot;3:2&quot;,&quot;overlay_background&quot;:&quot;yes&quot;,&quot;content_hover_animation&quot;:&quot;fade-in&quot;}\" data-widget_type=\"gallery.default\">\n\t\t\t\t<div class=\"elementor-widget-container\">\n\t\t\t\t\t\t\t<div class=\"elementor-gallery__container\">\n\t\t\t\t\t\t\t<a class=\"e-gallery-item elementor-gallery-item elementor-animated-content\" href=\"https:\/\/karayerlesim.bosphorusboatshow.com\/wp-content\/uploads\/sites\/4\/2025\/01\/prof-scaled.jpg\" data-elementor-open-lightbox=\"yes\" data-elementor-lightbox-slideshow=\"bf8ff1d\" data-elementor-lightbox-title=\"prof-scaled\" data-e-action-hash=\"#elementor-action%3Aaction%3Dlightbox%26settings%3DeyJpZCI6OTExMSwidXJsIjoiaHR0cHM6XC9cL2thcmF5ZXJsZXNpbS5ib3NwaG9ydXNib2F0c2hvdy5jb21cL3dwLWNvbnRlbnRcL3VwbG9hZHNcL3NpdGVzXC80XC8yMDI1XC8wMVwvcHJvZi1zY2FsZWQuanBnIiwic2xpZGVzaG93IjoiYmY4ZmYxZCJ9\">\n\t\t\t\t\t<div class=\"e-gallery-image elementor-gallery-item__image\" data-thumbnail=\"https:\/\/karayerlesim.bosphorusboatshow.com\/wp-content\/uploads\/sites\/4\/2025\/01\/prof-300x182.jpg\" data-width=\"300\" data-height=\"182\" aria-label=\"\" role=\"img\" ><\/div>\n\t\t\t\t\t\t\t\t\t\t\t<div class=\"elementor-gallery-item__overlay\"><\/div>\n\t\t\t\t\t\t\t\t\t\t\t\t\t\t<\/a>\n\t\t\t\t\t<\/div>\n\t\t\t\t\t<\/div>\n\t\t\t\t<\/div>\n\t\t\t\t<div class=\"elementor-element elementor-element-0776904 elementor-widget-divider--view-line elementor-widget elementor-widget-divider\" data-id=\"0776904\" data-element_type=\"widget\" data-e-type=\"widget\" data-widget_type=\"divider.default\">\n\t\t\t\t<div class=\"elementor-widget-container\">\n\t\t\t\t\t\t\t<div class=\"elementor-divider\">\n\t\t\t<span class=\"elementor-divider-separator\">\n\t\t\t\t\t\t<\/span>\n\t\t<\/div>\n\t\t\t\t\t\t<\/div>\n\t\t\t\t<\/div>\n\t\t\t\t\t<\/div>\n\t\t\t\t<\/div>\n\t\t<div data-particle_enable=\"false\" data-particle-mobile-disabled=\"false\" class=\"elementor-element elementor-element-e5a44a4 e-flex e-con-boxed e-con e-parent\" data-id=\"e5a44a4\" data-element_type=\"container\" data-e-type=\"container\">\n\t\t\t\t\t<div class=\"e-con-inner\">\n\t\t\t\t<div class=\"elementor-element elementor-element-bb73d8a elementor-widget elementor-widget-heading\" data-id=\"bb73d8a\" data-element_type=\"widget\" data-e-type=\"widget\" data-widget_type=\"heading.default\">\n\t\t\t\t<div class=\"elementor-widget-container\">\n\t\t\t\t\t<h4 class=\"elementor-heading-title elementor-size-default\">Kat\u0131l\u0131mc\u0131 Kategorileri<\/h4>\t\t\t\t<\/div>\n\t\t\t\t<\/div>\n\t\t\t\t<div class=\"elementor-element elementor-element-26467cf elementor-icon-list--layout-inline elementor-list-item-link-full_width elementor-widget elementor-widget-icon-list\" data-id=\"26467cf\" data-element_type=\"widget\" data-e-type=\"widget\" data-widget_type=\"icon-list.default\">\n\t\t\t\t<div class=\"elementor-widget-container\">\n\t\t\t\t\t\t\t<ul class=\"elementor-icon-list-items elementor-inline-items\">\n\t\t\t\t\t\t\t<li class=\"elementor-icon-list-item elementor-inline-item\">\n\t\t\t\t\t\t\t\t\t\t\t<span class=\"elementor-icon-list-icon\">\n\t\t\t\t\t\t\t<svg xmlns=\"http:\/\/www.w3.org\/2000\/svg\" id=\"Layer_1\" data-name=\"Layer 1\" viewBox=\"0 0 1000 1000\"><defs><style>      .cls-1 {        fill: #fff;      }      .cls-1, .cls-2 {        stroke-width: 0px;      }      .cls-2 {        fill: #832880;      }    <\/style><\/defs><circle class=\"cls-2\" cx=\"500\" cy=\"500\" r=\"500\"><\/circle><path class=\"cls-1\" d=\"M752.2,550.63c-.97-1.84-1.97-3.64-3.02-5.4-.3-.51-.6-1.03-.91-1.54-.18-.29-.35-.59-.53-.87-20.81-34.59-51.99-61.8-89.05-76.99,8.07-4.92,15.75-10.48,23.03-16.7,10.03-8.55,18.82-18.48,26.41-29.79,7.59-11.3,13.66-23.98,18.22-38.04,4.55-14.05,6.83-30.25,6.83-48.59v-1.84c0-50.72-18.76-91.05-56.28-121-37.53-29.94-89.22-44.92-155.09-44.92H224.43v641.69c52.65-140.08,131.51-246.84,243.94-310.96-1.85,3.21-3.65,6.4-5.41,9.58-35.34,34.84-57.37,84.01-57.37,138.5,0,105.66,82.82,191.31,184.99,191.31s184.99-85.65,184.99-191.31c0-33.81-8.49-65.56-23.37-93.11Z\"><\/path><\/svg>\t\t\t\t\t\t<\/span>\n\t\t\t\t\t\t\t\t\t\t<span class=\"elementor-icon-list-text\">Ekipman \/ Aksesuar<\/span>\n\t\t\t\t\t\t\t\t\t<\/li>\n\t\t\t\t\t\t\t\t<li class=\"elementor-icon-list-item elementor-inline-item\">\n\t\t\t\t\t\t\t\t\t\t\t<span class=\"elementor-icon-list-icon\">\n\t\t\t\t\t\t\t<svg xmlns=\"http:\/\/www.w3.org\/2000\/svg\" id=\"Layer_1\" data-name=\"Layer 1\" viewBox=\"0 0 1000 1000\"><defs><style>      .cls-1 {        fill: #fff;      }      .cls-1, .cls-2 {        stroke-width: 0px;      }      .cls-2 {        fill: #832880;      }    <\/style><\/defs><circle class=\"cls-2\" cx=\"500\" cy=\"500\" r=\"500\"><\/circle><path class=\"cls-1\" d=\"M752.2,550.63c-.97-1.84-1.97-3.64-3.02-5.4-.3-.51-.6-1.03-.91-1.54-.18-.29-.35-.59-.53-.87-20.81-34.59-51.99-61.8-89.05-76.99,8.07-4.92,15.75-10.48,23.03-16.7,10.03-8.55,18.82-18.48,26.41-29.79,7.59-11.3,13.66-23.98,18.22-38.04,4.55-14.05,6.83-30.25,6.83-48.59v-1.84c0-50.72-18.76-91.05-56.28-121-37.53-29.94-89.22-44.92-155.09-44.92H224.43v641.69c52.65-140.08,131.51-246.84,243.94-310.96-1.85,3.21-3.65,6.4-5.41,9.58-35.34,34.84-57.37,84.01-57.37,138.5,0,105.66,82.82,191.31,184.99,191.31s184.99-85.65,184.99-191.31c0-33.81-8.49-65.56-23.37-93.11Z\"><\/path><\/svg>\t\t\t\t\t\t<\/span>\n\t\t\t\t\t\t\t\t\t\t<span class=\"elementor-icon-list-text\">Hizmet<\/span>\n\t\t\t\t\t\t\t\t\t<\/li>\n\t\t\t\t\t\t<\/ul>\n\t\t\t\t\t\t<\/div>\n\t\t\t\t<\/div>\n\t\t\t\t\t<\/div>\n\t\t\t\t<\/div>\n\t\t\t\t<\/div>\n\t\t","protected":false},"excerpt":{"rendered":"<p>Hall 3 Stant B09 Vanemar ile tekneniz her zaman g\u00fcvende! Denizdeki en b\u00fcy\u00fck endi\u015felerden biri, teknenizin ba\u015f\u0131nda olmad\u0131\u011f\u0131n\u0131zda ne durumda oldu\u011funu bilememektir. Vanemar, tam da bu ihtiyac\u0131 kar\u015f\u0131lamak i\u00e7in geli\u015ftirilmi\u015f yenilik\u00e7i bir izleme ve g\u00fcvenlik sistemi sunuyor. Kablosuz sens\u00f6rlerle \u00e7al\u0131\u015fan sistem, anl\u0131k konum takibi, sintine alarm\u0131, ak\u00fc voltaj izleme ve hareket alg\u0131lama gibi hayati \u00f6zellikler [&hellip;]<\/p>\n","protected":false},"featured_media":9390,"template":"","meta":{"inline_featured_image":false,"wds_primary_product_brand":0,"wds_primary_product_cat":0},"product_brand":[],"product_cat":[15],"product_tag":[],"class_list":{"0":"post-8850","1":"product","2":"type-product","3":"status-publish","4":"has-post-thumbnail","6":"product_cat-uncategorized","8":"first","9":"instock","10":"shipping-taxable","11":"product-type-simple"},"_links":{"self":[{"href":"https:\/\/karayerlesim.bosphorusboatshow.com\/tr\/wp-json\/wp\/v2\/product\/8850","targetHints":{"allow":["GET"]}}],"collection":[{"href":"https:\/\/karayerlesim.bosphorusboatshow.com\/tr\/wp-json\/wp\/v2\/product"}],"about":[{"href":"https:\/\/karayerlesim.bosphorusboatshow.com\/tr\/wp-json\/wp\/v2\/types\/product"}],"version-history":[{"count":14,"href":"https:\/\/karayerlesim.bosphorusboatshow.com\/tr\/wp-json\/wp\/v2\/product\/8850\/revisions"}],"predecessor-version":[{"id":9389,"href":"https:\/\/karayerlesim.bosphorusboatshow.com\/tr\/wp-json\/wp\/v2\/product\/8850\/revisions\/9389"}],"wp:featuredmedia":[{"embeddable":true,"href":"https:\/\/karayerlesim.bosphorusboatshow.com\/tr\/wp-json\/wp\/v2\/media\/9390"}],"wp:attachment":[{"href":"https:\/\/karayerlesim.bosphorusboatshow.com\/tr\/wp-json\/wp\/v2\/media?parent=8850"}],"wp:term":[{"taxonomy":"product_brand","embeddable":true,"href":"https:\/\/karayerlesim.bosphorusboatshow.com\/tr\/wp-json\/wp\/v2\/product_brand?post=8850"},{"taxonomy":"product_cat","embeddable":true,"href":"https:\/\/karayerlesim.bosphorusboatshow.com\/tr\/wp-json\/wp\/v2\/product_cat?post=8850"},{"taxonomy":"product_tag","embeddable":true,"href":"https:\/\/karayerlesim.bosphorusboatshow.com\/tr\/wp-json\/wp\/v2\/product_tag?post=8850"}],"curies":[{"name":"wp","href":"https:\/\/api.w.org\/{rel}","templated":true}]}}