{"id":8834,"date":"2025-01-22T17:41:40","date_gmt":"2025-01-22T14:41:40","guid":{"rendered":"https:\/\/karayerlesim.bosphorusboatshow.com\/tr\/?post_type=product&#038;p=8834"},"modified":"2025-02-13T11:44:38","modified_gmt":"2025-02-13T08:44:38","slug":"tersan-marine","status":"publish","type":"product","link":"https:\/\/karayerlesim.bosphorusboatshow.com\/tr\/katilimci-markalar\/tersan-marine\/","title":{"rendered":"Tersan Marine"},"content":{"rendered":"\t\t<div data-elementor-type=\"product-post\" data-elementor-id=\"8834\" class=\"elementor elementor-8834\" data-elementor-post-type=\"product\">\n\t\t\t\t<div data-particle_enable=\"false\" data-particle-mobile-disabled=\"false\" class=\"elementor-element elementor-element-e8a752a e-flex e-con-boxed e-con e-parent\" data-id=\"e8a752a\" data-element_type=\"container\" data-e-type=\"container\">\n\t\t\t\t\t<div class=\"e-con-inner\">\n\t\t\t\t<div class=\"elementor-element elementor-element-ad2f7d2 elementor-widget elementor-widget-button\" data-id=\"ad2f7d2\" data-element_type=\"widget\" data-e-type=\"widget\" data-widget_type=\"button.default\">\n\t\t\t\t<div class=\"elementor-widget-container\">\n\t\t\t\t\t\t\t\t\t<div class=\"elementor-button-wrapper\">\n\t\t\t\t\t<a class=\"elementor-button elementor-button-link elementor-size-sm\" href=\"https:\/\/karayerlesim.bosphorusboatshow.com\/tr\/\">\n\t\t\t\t\t\t<span class=\"elementor-button-content-wrapper\">\n\t\t\t\t\t\t<span class=\"elementor-button-icon\">\n\t\t\t\t<i aria-hidden=\"true\" class=\"fas fa-map-pin\"><\/i>\t\t\t<\/span>\n\t\t\t\t\t\t\t\t\t<span class=\"elementor-button-text\">Hall 3<\/span>\n\t\t\t\t\t<\/span>\n\t\t\t\t\t<\/a>\n\t\t\t\t<\/div>\n\t\t\t\t\t\t\t\t<\/div>\n\t\t\t\t<\/div>\n\t\t\t\t<div class=\"elementor-element elementor-element-e92cc55 elementor-widget elementor-widget-text-editor\" data-id=\"e92cc55\" data-element_type=\"widget\" data-e-type=\"widget\" data-widget_type=\"text-editor.default\">\n\t\t\t\t<div class=\"elementor-widget-container\">\n\t\t\t\t\t\t\t\t\t<p>Mu\u011fla\u2019n\u0131n Milas-\u00d6ren b\u00f6lgesinde, 200.000 m\u00b2\u2019lik geni\u015f bir alanda hizmet veren Tersan Marine, yatlar\u0131n k\u0131\u015flama, bak\u0131m-onar\u0131m ve refit i\u015flemleri i\u00e7in b\u00f6lgenin en modern ve donan\u0131ml\u0131 tesisidir. 820 ton ve 220 ton kapasiteli travel lift\u2019leri, 15 metre ve 9 metre geni\u015fli\u011findeki \u00f6zel lift havuzlar\u0131 ve 130 ton kapasiteli boat mover gibi ileri teknolojilere sahip altyap\u0131s\u0131yla, teknelere g\u00fcvenilir ve y\u00fcksek standartlarda \u00e7\u00f6z\u00fcmler sunmaktad\u0131r. \u00d6zellikle 15 metre geni\u015fli\u011findeki lift havuzu b\u00f6lgedeki katamaranlar i\u00e7in \u00f6nemli bir \u00e7\u00f6z\u00fcm olmu\u015ftur.<br \/>Modern hangarlar\u0131, uzman teknik ekipleri ve kapsaml\u0131 hizmetleriyle fark yaratan Tersan Marine; boya, marangozluk ve mekanik i\u015fler gibi pek \u00e7ok alanda Tersan garantisiyle profesyonel destek sunar. \u201cLook After\u201d hizmetiyle teknelerin karada kald\u0131klar\u0131 s\u00fcre boyunca temizli\u011fi, havaland\u0131rmas\u0131 ve sistem kontrollerini \u00fcstlenerek d\u00fczenli raporlama sa\u011flar. \u00d6nceliklerinden biri g\u00fcvenlik olan Tersan Marine, 7\/24 g\u00fcvenlik ekipleri ve kamera sistemiyle kontrol edilmekte, tesise giri\u015fler y\u00fcz tan\u0131ma sistemiyle yap\u0131lmaktad\u0131r. Sosyal alan\u0131 ve planlanan otel projelsiyle tesis hem yat sahiplerine hem de denizcilik profesyonellerine e\u015fsiz bir deneyim sunmay\u0131 hedeflemektedir.<\/p>\t\t\t\t\t\t\t\t<\/div>\n\t\t\t\t<\/div>\n\t\t\t\t<div class=\"elementor-element elementor-element-4fd7426 elementor-widget elementor-widget-text-editor\" data-id=\"4fd7426\" data-element_type=\"widget\" data-e-type=\"widget\" data-widget_type=\"text-editor.default\">\n\t\t\t\t<div class=\"elementor-widget-container\">\n\t\t\t\t\t\t\t\t\t<p><a href=\"http:\/\/www.tersanmarine.com\">http:\/\/www.tersanmarine.com<\/a><\/p>\t\t\t\t\t\t\t\t<\/div>\n\t\t\t\t<\/div>\n\t\t\t\t\t<\/div>\n\t\t\t\t<\/div>\n\t\t<div data-particle_enable=\"false\" data-particle-mobile-disabled=\"false\" class=\"elementor-element elementor-element-20f57d7 e-flex e-con-boxed e-con e-parent\" data-id=\"20f57d7\" data-element_type=\"container\" data-e-type=\"container\">\n\t\t\t\t\t<div class=\"e-con-inner\">\n\t\t\t\t<div class=\"elementor-element elementor-element-f6a0324 elementor-widget-divider--view-line elementor-widget elementor-widget-divider\" data-id=\"f6a0324\" data-element_type=\"widget\" data-e-type=\"widget\" data-widget_type=\"divider.default\">\n\t\t\t\t<div class=\"elementor-widget-container\">\n\t\t\t\t\t\t\t<div class=\"elementor-divider\">\n\t\t\t<span class=\"elementor-divider-separator\">\n\t\t\t\t\t\t<\/span>\n\t\t<\/div>\n\t\t\t\t\t\t<\/div>\n\t\t\t\t<\/div>\n\t\t\t\t\t<\/div>\n\t\t\t\t<\/div>\n\t\t<div data-particle_enable=\"false\" data-particle-mobile-disabled=\"false\" class=\"elementor-element elementor-element-64e4880 e-flex e-con-boxed e-con e-parent\" data-id=\"64e4880\" data-element_type=\"container\" data-e-type=\"container\">\n\t\t\t\t\t<div class=\"e-con-inner\">\n\t\t\t\t<div class=\"elementor-element elementor-element-40fe16f elementor-widget elementor-widget-heading\" data-id=\"40fe16f\" data-element_type=\"widget\" data-e-type=\"widget\" data-widget_type=\"heading.default\">\n\t\t\t\t<div class=\"elementor-widget-container\">\n\t\t\t\t\t<h4 class=\"elementor-heading-title elementor-size-default\">Kat\u0131l\u0131mc\u0131 Kategorileri<\/h4>\t\t\t\t<\/div>\n\t\t\t\t<\/div>\n\t\t\t\t<div class=\"elementor-element elementor-element-00a1804 elementor-icon-list--layout-inline elementor-list-item-link-full_width elementor-widget elementor-widget-icon-list\" data-id=\"00a1804\" data-element_type=\"widget\" data-e-type=\"widget\" data-widget_type=\"icon-list.default\">\n\t\t\t\t<div class=\"elementor-widget-container\">\n\t\t\t\t\t\t\t<ul class=\"elementor-icon-list-items elementor-inline-items\">\n\t\t\t\t\t\t\t<li class=\"elementor-icon-list-item elementor-inline-item\">\n\t\t\t\t\t\t\t\t\t\t\t<span class=\"elementor-icon-list-icon\">\n\t\t\t\t\t\t\t<svg xmlns=\"http:\/\/www.w3.org\/2000\/svg\" id=\"Layer_1\" data-name=\"Layer 1\" viewBox=\"0 0 1000 1000\"><defs><style>      .cls-1 {        fill: #fff;      }      .cls-1, .cls-2 {        stroke-width: 0px;      }      .cls-2 {        fill: #832880;      }    <\/style><\/defs><circle class=\"cls-2\" cx=\"500\" cy=\"500\" r=\"500\"><\/circle><path class=\"cls-1\" d=\"M752.2,550.63c-.97-1.84-1.97-3.64-3.02-5.4-.3-.51-.6-1.03-.91-1.54-.18-.29-.35-.59-.53-.87-20.81-34.59-51.99-61.8-89.05-76.99,8.07-4.92,15.75-10.48,23.03-16.7,10.03-8.55,18.82-18.48,26.41-29.79,7.59-11.3,13.66-23.98,18.22-38.04,4.55-14.05,6.83-30.25,6.83-48.59v-1.84c0-50.72-18.76-91.05-56.28-121-37.53-29.94-89.22-44.92-155.09-44.92H224.43v641.69c52.65-140.08,131.51-246.84,243.94-310.96-1.85,3.21-3.65,6.4-5.41,9.58-35.34,34.84-57.37,84.01-57.37,138.5,0,105.66,82.82,191.31,184.99,191.31s184.99-85.65,184.99-191.31c0-33.81-8.49-65.56-23.37-93.11Z\"><\/path><\/svg>\t\t\t\t\t\t<\/span>\n\t\t\t\t\t\t\t\t\t\t<span class=\"elementor-icon-list-text\">Hizmet<\/span>\n\t\t\t\t\t\t\t\t\t<\/li>\n\t\t\t\t\t\t<\/ul>\n\t\t\t\t\t\t<\/div>\n\t\t\t\t<\/div>\n\t\t\t\t\t<\/div>\n\t\t\t\t<\/div>\n\t\t\t\t<\/div>\n\t\t","protected":false},"excerpt":{"rendered":"<p>Hall 3 Mu\u011fla\u2019n\u0131n Milas-\u00d6ren b\u00f6lgesinde, 200.000 m\u00b2\u2019lik geni\u015f bir alanda hizmet veren Tersan Marine, yatlar\u0131n k\u0131\u015flama, bak\u0131m-onar\u0131m ve refit i\u015flemleri i\u00e7in b\u00f6lgenin en modern ve donan\u0131ml\u0131 tesisidir. 820 ton ve 220 ton kapasiteli travel lift\u2019leri, 15 metre ve 9 metre geni\u015fli\u011findeki \u00f6zel lift havuzlar\u0131 ve 130 ton kapasiteli boat mover gibi ileri teknolojilere sahip altyap\u0131s\u0131yla, [&hellip;]<\/p>\n","protected":false},"featured_media":10304,"template":"","meta":{"inline_featured_image":false,"wds_primary_product_brand":0,"wds_primary_product_cat":0},"product_brand":[],"product_cat":[15],"product_tag":[],"class_list":{"0":"post-8834","1":"product","2":"type-product","3":"status-publish","4":"has-post-thumbnail","6":"product_cat-uncategorized","8":"first","9":"instock","10":"shipping-taxable","11":"product-type-simple"},"_links":{"self":[{"href":"https:\/\/karayerlesim.bosphorusboatshow.com\/tr\/wp-json\/wp\/v2\/product\/8834","targetHints":{"allow":["GET"]}}],"collection":[{"href":"https:\/\/karayerlesim.bosphorusboatshow.com\/tr\/wp-json\/wp\/v2\/product"}],"about":[{"href":"https:\/\/karayerlesim.bosphorusboatshow.com\/tr\/wp-json\/wp\/v2\/types\/product"}],"version-history":[{"count":11,"href":"https:\/\/karayerlesim.bosphorusboatshow.com\/tr\/wp-json\/wp\/v2\/product\/8834\/revisions"}],"predecessor-version":[{"id":10312,"href":"https:\/\/karayerlesim.bosphorusboatshow.com\/tr\/wp-json\/wp\/v2\/product\/8834\/revisions\/10312"}],"wp:featuredmedia":[{"embeddable":true,"href":"https:\/\/karayerlesim.bosphorusboatshow.com\/tr\/wp-json\/wp\/v2\/media\/10304"}],"wp:attachment":[{"href":"https:\/\/karayerlesim.bosphorusboatshow.com\/tr\/wp-json\/wp\/v2\/media?parent=8834"}],"wp:term":[{"taxonomy":"product_brand","embeddable":true,"href":"https:\/\/karayerlesim.bosphorusboatshow.com\/tr\/wp-json\/wp\/v2\/product_brand?post=8834"},{"taxonomy":"product_cat","embeddable":true,"href":"https:\/\/karayerlesim.bosphorusboatshow.com\/tr\/wp-json\/wp\/v2\/product_cat?post=8834"},{"taxonomy":"product_tag","embeddable":true,"href":"https:\/\/karayerlesim.bosphorusboatshow.com\/tr\/wp-json\/wp\/v2\/product_tag?post=8834"}],"curies":[{"name":"wp","href":"https:\/\/api.w.org\/{rel}","templated":true}]}}