{"id":8789,"date":"2025-01-22T16:59:29","date_gmt":"2025-01-22T13:59:29","guid":{"rendered":"https:\/\/karayerlesim.bosphorusboatshow.com\/tr\/?post_type=product&#038;p=8789"},"modified":"2025-01-28T16:35:08","modified_gmt":"2025-01-28T13:35:08","slug":"limotive","status":"publish","type":"product","link":"https:\/\/karayerlesim.bosphorusboatshow.com\/tr\/katilimci-markalar\/limotive\/","title":{"rendered":"Limotive"},"content":{"rendered":"\t\t<div data-elementor-type=\"product-post\" data-elementor-id=\"8789\" class=\"elementor elementor-8789\" data-elementor-post-type=\"product\">\n\t\t\t\t<div data-particle_enable=\"false\" data-particle-mobile-disabled=\"false\" class=\"elementor-element elementor-element-b964304 e-flex e-con-boxed e-con e-parent\" data-id=\"b964304\" data-element_type=\"container\" data-e-type=\"container\">\n\t\t\t\t\t<div class=\"e-con-inner\">\n\t\t\t\t<div class=\"elementor-element elementor-element-69d2794 elementor-widget elementor-widget-button\" data-id=\"69d2794\" data-element_type=\"widget\" data-e-type=\"widget\" data-widget_type=\"button.default\">\n\t\t\t\t<div class=\"elementor-widget-container\">\n\t\t\t\t\t\t\t\t\t<div class=\"elementor-button-wrapper\">\n\t\t\t\t\t<a class=\"elementor-button elementor-button-link elementor-size-sm\" href=\"https:\/\/karayerlesim.bosphorusboatshow.com\/tr\/\">\n\t\t\t\t\t\t<span class=\"elementor-button-content-wrapper\">\n\t\t\t\t\t\t<span class=\"elementor-button-icon\">\n\t\t\t\t<i aria-hidden=\"true\" class=\"fas fa-map-pin\"><\/i>\t\t\t<\/span>\n\t\t\t\t\t\t\t\t\t<span class=\"elementor-button-text\">Hall 8 Stant C14.B<\/span>\n\t\t\t\t\t<\/span>\n\t\t\t\t\t<\/a>\n\t\t\t\t<\/div>\n\t\t\t\t\t\t\t\t<\/div>\n\t\t\t\t<\/div>\n\t\t\t\t<div class=\"elementor-element elementor-element-7b97375 elementor-widget elementor-widget-text-editor\" data-id=\"7b97375\" data-element_type=\"widget\" data-e-type=\"widget\" data-widget_type=\"text-editor.default\">\n\t\t\t\t<div class=\"elementor-widget-container\">\n\t\t\t\t\t\t\t\t\t<p>Limotive, ileri kompozit malzemeler ve LiFePo4 batarya teknolojisini birle\u015ftirerek hafif, y\u00fcksek performansl\u0131 ve uzun \u00f6m\u00fcrl\u00fc enerji depolama sistemleri geli\u015ftiren bir \u015firkettir. \u015eirket, s\u00fcrd\u00fcr\u00fclebilirli\u011fi \u00f6n planda tutarak, ara\u00e7 hafifletme, performans art\u0131r\u0131m\u0131 ve maliyet optimizasyonu sa\u011flayan yenilik\u00e7i batarya \u00e7\u00f6z\u00fcmleri sunmaktad\u0131r. Limotive, m\u00fc\u015fterilerine enerji ihtiya\u00e7lar\u0131n\u0131 g\u00fcvenilir ve verimli bir \u015fekilde y\u00f6netme imkan\u0131 tan\u0131rken, ayn\u0131 zamanda \u00e7evre dostu ve geni\u015f kullan\u0131m alan\u0131na sahip \u00e7\u00f6z\u00fcmler \u00fcretmektedir.<\/p>\t\t\t\t\t\t\t\t<\/div>\n\t\t\t\t<\/div>\n\t\t<div data-particle_enable=\"false\" data-particle-mobile-disabled=\"false\" class=\"elementor-element elementor-element-a469956 e-flex e-con-boxed e-con e-child\" data-id=\"a469956\" data-element_type=\"container\" data-e-type=\"container\">\n\t\t\t\t\t<div class=\"e-con-inner\">\n\t\t\t\t<div class=\"elementor-element elementor-element-dcd0800 elementor-widget elementor-widget-text-editor\" data-id=\"dcd0800\" data-element_type=\"widget\" data-e-type=\"widget\" data-widget_type=\"text-editor.default\">\n\t\t\t\t<div class=\"elementor-widget-container\">\n\t\t\t\t\t\t\t\t\t<p><a href=\"http:\/\/www.limotive.com\">http:\/\/www.limotive.com<\/a><\/p>\t\t\t\t\t\t\t\t<\/div>\n\t\t\t\t<\/div>\n\t\t\t\t\t<\/div>\n\t\t\t\t<\/div>\n\t\t<div data-particle_enable=\"false\" data-particle-mobile-disabled=\"false\" class=\"elementor-element elementor-element-3473c6d e-con-full e-flex e-con e-child\" data-id=\"3473c6d\" data-element_type=\"container\" data-e-type=\"container\">\n\t\t\t\t<div class=\"elementor-element elementor-element-80766e4 elementor-widget elementor-widget-text-editor\" data-id=\"80766e4\" data-element_type=\"widget\" data-e-type=\"widget\" data-widget_type=\"text-editor.default\">\n\t\t\t\t<div class=\"elementor-widget-container\">\n\t\t\t\t\t\t\t\t\t<p>Antfea<\/p>\t\t\t\t\t\t\t\t<\/div>\n\t\t\t\t<\/div>\n\t\t\t\t<\/div>\n\t\t\t\t\t<\/div>\n\t\t\t\t<\/div>\n\t\t<div data-particle_enable=\"false\" data-particle-mobile-disabled=\"false\" class=\"elementor-element elementor-element-e64ede5 e-flex e-con-boxed e-con e-parent\" data-id=\"e64ede5\" data-element_type=\"container\" data-e-type=\"container\">\n\t\t\t\t\t<div class=\"e-con-inner\">\n\t\t\t\t<div class=\"elementor-element elementor-element-42013f8 elementor-widget-divider--view-line elementor-widget elementor-widget-divider\" data-id=\"42013f8\" data-element_type=\"widget\" data-e-type=\"widget\" data-widget_type=\"divider.default\">\n\t\t\t\t<div class=\"elementor-widget-container\">\n\t\t\t\t\t\t\t<div class=\"elementor-divider\">\n\t\t\t<span class=\"elementor-divider-separator\">\n\t\t\t\t\t\t<\/span>\n\t\t<\/div>\n\t\t\t\t\t\t<\/div>\n\t\t\t\t<\/div>\n\t\t\t\t\t<\/div>\n\t\t\t\t<\/div>\n\t\t<div data-particle_enable=\"false\" data-particle-mobile-disabled=\"false\" class=\"elementor-element elementor-element-cb85e48 e-flex e-con-boxed e-con e-parent\" data-id=\"cb85e48\" data-element_type=\"container\" data-e-type=\"container\">\n\t\t\t\t\t<div class=\"e-con-inner\">\n\t\t\t\t<div class=\"elementor-element elementor-element-7a5507b elementor-widget elementor-widget-gallery\" data-id=\"7a5507b\" data-element_type=\"widget\" data-e-type=\"widget\" data-settings=\"{&quot;columns&quot;:3,&quot;gallery_layout&quot;:&quot;grid&quot;,&quot;columns_tablet&quot;:2,&quot;columns_mobile&quot;:1,&quot;gap&quot;:{&quot;unit&quot;:&quot;px&quot;,&quot;size&quot;:10,&quot;sizes&quot;:[]},&quot;gap_tablet&quot;:{&quot;unit&quot;:&quot;px&quot;,&quot;size&quot;:10,&quot;sizes&quot;:[]},&quot;gap_mobile&quot;:{&quot;unit&quot;:&quot;px&quot;,&quot;size&quot;:10,&quot;sizes&quot;:[]},&quot;link_to&quot;:&quot;file&quot;,&quot;aspect_ratio&quot;:&quot;3:2&quot;,&quot;overlay_background&quot;:&quot;yes&quot;,&quot;content_hover_animation&quot;:&quot;fade-in&quot;}\" data-widget_type=\"gallery.default\">\n\t\t\t\t<div class=\"elementor-widget-container\">\n\t\t\t\t\t\t\t<div class=\"elementor-gallery__container\">\n\t\t\t\t\t\t\t<a class=\"e-gallery-item elementor-gallery-item elementor-animated-content\" href=\"https:\/\/karayerlesim.bosphorusboatshow.com\/wp-content\/uploads\/sites\/4\/2025\/01\/\u6a2a\u5e451.jpg\" data-elementor-open-lightbox=\"yes\" data-elementor-lightbox-slideshow=\"7a5507b\" data-elementor-lightbox-title=\"\u6a2a\u5e451\" data-e-action-hash=\"#elementor-action%3Aaction%3Dlightbox%26settings%3DeyJpZCI6OTA5MSwidXJsIjoiaHR0cHM6XC9cL2thcmF5ZXJsZXNpbS5ib3NwaG9ydXNib2F0c2hvdy5jb21cL3dwLWNvbnRlbnRcL3VwbG9hZHNcL3NpdGVzXC80XC8yMDI1XC8wMVwvXHU2YTJhXHU1ZTQ1MS5qcGciLCJzbGlkZXNob3ciOiI3YTU1MDdiIn0%3D\">\n\t\t\t\t\t<div class=\"e-gallery-image elementor-gallery-item__image\" data-thumbnail=\"https:\/\/karayerlesim.bosphorusboatshow.com\/wp-content\/uploads\/sites\/4\/2025\/01\/\u6a2a\u5e451-300x133.jpg\" data-width=\"300\" data-height=\"133\" aria-label=\"\" role=\"img\" ><\/div>\n\t\t\t\t\t\t\t\t\t\t\t<div class=\"elementor-gallery-item__overlay\"><\/div>\n\t\t\t\t\t\t\t\t\t\t\t\t\t\t<\/a>\n\t\t\t\t\t\t\t<a class=\"e-gallery-item elementor-gallery-item elementor-animated-content\" href=\"https:\/\/karayerlesim.bosphorusboatshow.com\/wp-content\/uploads\/sites\/4\/2025\/01\/\u6a2a\u5e452.jpg\" data-elementor-open-lightbox=\"yes\" data-elementor-lightbox-slideshow=\"7a5507b\" data-elementor-lightbox-title=\"\u6a2a\u5e452\" data-e-action-hash=\"#elementor-action%3Aaction%3Dlightbox%26settings%3DeyJpZCI6OTA5MywidXJsIjoiaHR0cHM6XC9cL2thcmF5ZXJsZXNpbS5ib3NwaG9ydXNib2F0c2hvdy5jb21cL3dwLWNvbnRlbnRcL3VwbG9hZHNcL3NpdGVzXC80XC8yMDI1XC8wMVwvXHU2YTJhXHU1ZTQ1Mi5qcGciLCJzbGlkZXNob3ciOiI3YTU1MDdiIn0%3D\">\n\t\t\t\t\t<div class=\"e-gallery-image elementor-gallery-item__image\" data-thumbnail=\"https:\/\/karayerlesim.bosphorusboatshow.com\/wp-content\/uploads\/sites\/4\/2025\/01\/\u6a2a\u5e452-300x133.jpg\" data-width=\"300\" data-height=\"133\" aria-label=\"\" role=\"img\" ><\/div>\n\t\t\t\t\t\t\t\t\t\t\t<div class=\"elementor-gallery-item__overlay\"><\/div>\n\t\t\t\t\t\t\t\t\t\t\t\t\t\t<\/a>\n\t\t\t\t\t\t\t<a class=\"e-gallery-item elementor-gallery-item elementor-animated-content\" href=\"https:\/\/karayerlesim.bosphorusboatshow.com\/wp-content\/uploads\/sites\/4\/2025\/01\/\u6a2a\u5e453.jpg\" data-elementor-open-lightbox=\"yes\" data-elementor-lightbox-slideshow=\"7a5507b\" data-elementor-lightbox-title=\"\u6a2a\u5e453\" data-e-action-hash=\"#elementor-action%3Aaction%3Dlightbox%26settings%3DeyJpZCI6OTA5NSwidXJsIjoiaHR0cHM6XC9cL2thcmF5ZXJsZXNpbS5ib3NwaG9ydXNib2F0c2hvdy5jb21cL3dwLWNvbnRlbnRcL3VwbG9hZHNcL3NpdGVzXC80XC8yMDI1XC8wMVwvXHU2YTJhXHU1ZTQ1My5qcGciLCJzbGlkZXNob3ciOiI3YTU1MDdiIn0%3D\">\n\t\t\t\t\t<div class=\"e-gallery-image elementor-gallery-item__image\" data-thumbnail=\"https:\/\/karayerlesim.bosphorusboatshow.com\/wp-content\/uploads\/sites\/4\/2025\/01\/\u6a2a\u5e453-300x133.jpg\" data-width=\"300\" data-height=\"133\" aria-label=\"\" role=\"img\" ><\/div>\n\t\t\t\t\t\t\t\t\t\t\t<div class=\"elementor-gallery-item__overlay\"><\/div>\n\t\t\t\t\t\t\t\t\t\t\t\t\t\t<\/a>\n\t\t\t\t\t\t\t<a class=\"e-gallery-item elementor-gallery-item elementor-animated-content\" href=\"https:\/\/karayerlesim.bosphorusboatshow.com\/wp-content\/uploads\/sites\/4\/2025\/01\/\u6a2a\u5e455.jpg\" data-elementor-open-lightbox=\"yes\" data-elementor-lightbox-slideshow=\"7a5507b\" data-elementor-lightbox-title=\"\u6a2a\u5e455\" data-e-action-hash=\"#elementor-action%3Aaction%3Dlightbox%26settings%3DeyJpZCI6OTA5NywidXJsIjoiaHR0cHM6XC9cL2thcmF5ZXJsZXNpbS5ib3NwaG9ydXNib2F0c2hvdy5jb21cL3dwLWNvbnRlbnRcL3VwbG9hZHNcL3NpdGVzXC80XC8yMDI1XC8wMVwvXHU2YTJhXHU1ZTQ1NS5qcGciLCJzbGlkZXNob3ciOiI3YTU1MDdiIn0%3D\">\n\t\t\t\t\t<div class=\"e-gallery-image elementor-gallery-item__image\" data-thumbnail=\"https:\/\/karayerlesim.bosphorusboatshow.com\/wp-content\/uploads\/sites\/4\/2025\/01\/\u6a2a\u5e455-300x133.jpg\" data-width=\"300\" data-height=\"133\" aria-label=\"\" role=\"img\" ><\/div>\n\t\t\t\t\t\t\t\t\t\t\t<div class=\"elementor-gallery-item__overlay\"><\/div>\n\t\t\t\t\t\t\t\t\t\t\t\t\t\t<\/a>\n\t\t\t\t\t\t\t<a class=\"e-gallery-item elementor-gallery-item elementor-animated-content\" href=\"https:\/\/karayerlesim.bosphorusboatshow.com\/wp-content\/uploads\/sites\/4\/2025\/01\/\u6a2a\u5e456.jpg\" data-elementor-open-lightbox=\"yes\" data-elementor-lightbox-slideshow=\"7a5507b\" data-elementor-lightbox-title=\"\u6a2a\u5e456\" data-e-action-hash=\"#elementor-action%3Aaction%3Dlightbox%26settings%3DeyJpZCI6OTA5OSwidXJsIjoiaHR0cHM6XC9cL2thcmF5ZXJsZXNpbS5ib3NwaG9ydXNib2F0c2hvdy5jb21cL3dwLWNvbnRlbnRcL3VwbG9hZHNcL3NpdGVzXC80XC8yMDI1XC8wMVwvXHU2YTJhXHU1ZTQ1Ni5qcGciLCJzbGlkZXNob3ciOiI3YTU1MDdiIn0%3D\">\n\t\t\t\t\t<div class=\"e-gallery-image elementor-gallery-item__image\" data-thumbnail=\"https:\/\/karayerlesim.bosphorusboatshow.com\/wp-content\/uploads\/sites\/4\/2025\/01\/\u6a2a\u5e456-300x133.jpg\" data-width=\"300\" data-height=\"133\" aria-label=\"\" role=\"img\" ><\/div>\n\t\t\t\t\t\t\t\t\t\t\t<div class=\"elementor-gallery-item__overlay\"><\/div>\n\t\t\t\t\t\t\t\t\t\t\t\t\t\t<\/a>\n\t\t\t\t\t<\/div>\n\t\t\t\t\t<\/div>\n\t\t\t\t<\/div>\n\t\t\t\t\t<\/div>\n\t\t\t\t<\/div>\n\t\t<div data-particle_enable=\"false\" data-particle-mobile-disabled=\"false\" class=\"elementor-element elementor-element-78153b3 e-flex e-con-boxed e-con e-parent\" data-id=\"78153b3\" data-element_type=\"container\" data-e-type=\"container\">\n\t\t\t\t\t<div class=\"e-con-inner\">\n\t\t\t\t<div class=\"elementor-element elementor-element-382f6bb elementor-widget-divider--view-line elementor-widget elementor-widget-divider\" data-id=\"382f6bb\" data-element_type=\"widget\" data-e-type=\"widget\" data-widget_type=\"divider.default\">\n\t\t\t\t<div class=\"elementor-widget-container\">\n\t\t\t\t\t\t\t<div class=\"elementor-divider\">\n\t\t\t<span class=\"elementor-divider-separator\">\n\t\t\t\t\t\t<\/span>\n\t\t<\/div>\n\t\t\t\t\t\t<\/div>\n\t\t\t\t<\/div>\n\t\t\t\t<div class=\"elementor-element elementor-element-b39106a elementor-widget elementor-widget-heading\" data-id=\"b39106a\" data-element_type=\"widget\" data-e-type=\"widget\" data-widget_type=\"heading.default\">\n\t\t\t\t<div class=\"elementor-widget-container\">\n\t\t\t\t\t<h4 class=\"elementor-heading-title elementor-size-default\">Kat\u0131l\u0131mc\u0131 Kategorileri<\/h4>\t\t\t\t<\/div>\n\t\t\t\t<\/div>\n\t\t\t\t<div class=\"elementor-element elementor-element-f486ae7 elementor-icon-list--layout-inline elementor-list-item-link-full_width elementor-widget elementor-widget-icon-list\" data-id=\"f486ae7\" data-element_type=\"widget\" data-e-type=\"widget\" data-widget_type=\"icon-list.default\">\n\t\t\t\t<div class=\"elementor-widget-container\">\n\t\t\t\t\t\t\t<ul class=\"elementor-icon-list-items elementor-inline-items\">\n\t\t\t\t\t\t\t<li class=\"elementor-icon-list-item elementor-inline-item\">\n\t\t\t\t\t\t\t\t\t\t\t<span class=\"elementor-icon-list-icon\">\n\t\t\t\t\t\t\t<svg xmlns=\"http:\/\/www.w3.org\/2000\/svg\" id=\"Layer_1\" data-name=\"Layer 1\" viewBox=\"0 0 1000 1000\"><defs><style>      .cls-1 {        fill: #fff;      }      .cls-1, .cls-2 {        stroke-width: 0px;      }      .cls-2 {        fill: #832880;      }    <\/style><\/defs><circle class=\"cls-2\" cx=\"500\" cy=\"500\" r=\"500\"><\/circle><path class=\"cls-1\" d=\"M752.2,550.63c-.97-1.84-1.97-3.64-3.02-5.4-.3-.51-.6-1.03-.91-1.54-.18-.29-.35-.59-.53-.87-20.81-34.59-51.99-61.8-89.05-76.99,8.07-4.92,15.75-10.48,23.03-16.7,10.03-8.55,18.82-18.48,26.41-29.79,7.59-11.3,13.66-23.98,18.22-38.04,4.55-14.05,6.83-30.25,6.83-48.59v-1.84c0-50.72-18.76-91.05-56.28-121-37.53-29.94-89.22-44.92-155.09-44.92H224.43v641.69c52.65-140.08,131.51-246.84,243.94-310.96-1.85,3.21-3.65,6.4-5.41,9.58-35.34,34.84-57.37,84.01-57.37,138.5,0,105.66,82.82,191.31,184.99,191.31s184.99-85.65,184.99-191.31c0-33.81-8.49-65.56-23.37-93.11Z\"><\/path><\/svg>\t\t\t\t\t\t<\/span>\n\t\t\t\t\t\t\t\t\t\t<span class=\"elementor-icon-list-text\">Ekipman \/ Aksesuar <\/span>\n\t\t\t\t\t\t\t\t\t<\/li>\n\t\t\t\t\t\t\t\t<li class=\"elementor-icon-list-item elementor-inline-item\">\n\t\t\t\t\t\t\t\t\t\t\t<span class=\"elementor-icon-list-icon\">\n\t\t\t\t\t\t\t<svg xmlns=\"http:\/\/www.w3.org\/2000\/svg\" id=\"Layer_1\" data-name=\"Layer 1\" viewBox=\"0 0 1000 1000\"><defs><style>      .cls-1 {        fill: #fff;      }      .cls-1, .cls-2 {        stroke-width: 0px;      }      .cls-2 {        fill: #832880;      }    <\/style><\/defs><circle class=\"cls-2\" cx=\"500\" cy=\"500\" r=\"500\"><\/circle><path class=\"cls-1\" d=\"M752.2,550.63c-.97-1.84-1.97-3.64-3.02-5.4-.3-.51-.6-1.03-.91-1.54-.18-.29-.35-.59-.53-.87-20.81-34.59-51.99-61.8-89.05-76.99,8.07-4.92,15.75-10.48,23.03-16.7,10.03-8.55,18.82-18.48,26.41-29.79,7.59-11.3,13.66-23.98,18.22-38.04,4.55-14.05,6.83-30.25,6.83-48.59v-1.84c0-50.72-18.76-91.05-56.28-121-37.53-29.94-89.22-44.92-155.09-44.92H224.43v641.69c52.65-140.08,131.51-246.84,243.94-310.96-1.85,3.21-3.65,6.4-5.41,9.58-35.34,34.84-57.37,84.01-57.37,138.5,0,105.66,82.82,191.31,184.99,191.31s184.99-85.65,184.99-191.31c0-33.81-8.49-65.56-23.37-93.11Z\"><\/path><\/svg>\t\t\t\t\t\t<\/span>\n\t\t\t\t\t\t\t\t\t\t<span class=\"elementor-icon-list-text\">Hizmet<\/span>\n\t\t\t\t\t\t\t\t\t<\/li>\n\t\t\t\t\t\t\t\t<li class=\"elementor-icon-list-item elementor-inline-item\">\n\t\t\t\t\t\t\t\t\t\t\t<span class=\"elementor-icon-list-icon\">\n\t\t\t\t\t\t\t<svg xmlns=\"http:\/\/www.w3.org\/2000\/svg\" id=\"Layer_1\" data-name=\"Layer 1\" viewBox=\"0 0 1000 1000\"><defs><style>      .cls-1 {        fill: #fff;      }      .cls-1, .cls-2 {        stroke-width: 0px;      }      .cls-2 {        fill: #832880;      }    <\/style><\/defs><circle class=\"cls-2\" cx=\"500\" cy=\"500\" r=\"500\"><\/circle><path class=\"cls-1\" d=\"M752.2,550.63c-.97-1.84-1.97-3.64-3.02-5.4-.3-.51-.6-1.03-.91-1.54-.18-.29-.35-.59-.53-.87-20.81-34.59-51.99-61.8-89.05-76.99,8.07-4.92,15.75-10.48,23.03-16.7,10.03-8.55,18.82-18.48,26.41-29.79,7.59-11.3,13.66-23.98,18.22-38.04,4.55-14.05,6.83-30.25,6.83-48.59v-1.84c0-50.72-18.76-91.05-56.28-121-37.53-29.94-89.22-44.92-155.09-44.92H224.43v641.69c52.65-140.08,131.51-246.84,243.94-310.96-1.85,3.21-3.65,6.4-5.41,9.58-35.34,34.84-57.37,84.01-57.37,138.5,0,105.66,82.82,191.31,184.99,191.31s184.99-85.65,184.99-191.31c0-33.81-8.49-65.56-23.37-93.11Z\"><\/path><\/svg>\t\t\t\t\t\t<\/span>\n\t\t\t\t\t\t\t\t\t\t<span class=\"elementor-icon-list-text\">Marin Enerji Depolama \u00c7\u00f6z\u00fcmleri<\/span>\n\t\t\t\t\t\t\t\t\t<\/li>\n\t\t\t\t\t\t<\/ul>\n\t\t\t\t\t\t<\/div>\n\t\t\t\t<\/div>\n\t\t\t\t\t<\/div>\n\t\t\t\t<\/div>\n\t\t\t\t<\/div>\n\t\t","protected":false},"excerpt":{"rendered":"<p>Hall 8 Stant C14.B Limotive, ileri kompozit malzemeler ve LiFePo4 batarya teknolojisini birle\u015ftirerek hafif, y\u00fcksek performansl\u0131 ve uzun \u00f6m\u00fcrl\u00fc enerji depolama sistemleri geli\u015ftiren bir \u015firkettir. \u015eirket, s\u00fcrd\u00fcr\u00fclebilirli\u011fi \u00f6n planda tutarak, ara\u00e7 hafifletme, performans art\u0131r\u0131m\u0131 ve maliyet optimizasyonu sa\u011flayan yenilik\u00e7i batarya \u00e7\u00f6z\u00fcmleri sunmaktad\u0131r. Limotive, m\u00fc\u015fterilerine enerji ihtiya\u00e7lar\u0131n\u0131 g\u00fcvenilir ve verimli bir \u015fekilde y\u00f6netme imkan\u0131 tan\u0131rken, ayn\u0131 [&hellip;]<\/p>\n","protected":false},"featured_media":8791,"template":"","meta":{"inline_featured_image":false,"wds_primary_product_brand":0,"wds_primary_product_cat":0},"product_brand":[],"product_cat":[15],"product_tag":[],"class_list":{"0":"post-8789","1":"product","2":"type-product","3":"status-publish","4":"has-post-thumbnail","6":"product_cat-uncategorized","8":"first","9":"instock","10":"shipping-taxable","11":"product-type-simple"},"_links":{"self":[{"href":"https:\/\/karayerlesim.bosphorusboatshow.com\/tr\/wp-json\/wp\/v2\/product\/8789","targetHints":{"allow":["GET"]}}],"collection":[{"href":"https:\/\/karayerlesim.bosphorusboatshow.com\/tr\/wp-json\/wp\/v2\/product"}],"about":[{"href":"https:\/\/karayerlesim.bosphorusboatshow.com\/tr\/wp-json\/wp\/v2\/types\/product"}],"version-history":[{"count":10,"href":"https:\/\/karayerlesim.bosphorusboatshow.com\/tr\/wp-json\/wp\/v2\/product\/8789\/revisions"}],"predecessor-version":[{"id":9193,"href":"https:\/\/karayerlesim.bosphorusboatshow.com\/tr\/wp-json\/wp\/v2\/product\/8789\/revisions\/9193"}],"wp:featuredmedia":[{"embeddable":true,"href":"https:\/\/karayerlesim.bosphorusboatshow.com\/tr\/wp-json\/wp\/v2\/media\/8791"}],"wp:attachment":[{"href":"https:\/\/karayerlesim.bosphorusboatshow.com\/tr\/wp-json\/wp\/v2\/media?parent=8789"}],"wp:term":[{"taxonomy":"product_brand","embeddable":true,"href":"https:\/\/karayerlesim.bosphorusboatshow.com\/tr\/wp-json\/wp\/v2\/product_brand?post=8789"},{"taxonomy":"product_cat","embeddable":true,"href":"https:\/\/karayerlesim.bosphorusboatshow.com\/tr\/wp-json\/wp\/v2\/product_cat?post=8789"},{"taxonomy":"product_tag","embeddable":true,"href":"https:\/\/karayerlesim.bosphorusboatshow.com\/tr\/wp-json\/wp\/v2\/product_tag?post=8789"}],"curies":[{"name":"wp","href":"https:\/\/api.w.org\/{rel}","templated":true}]}}