{"id":8612,"date":"2025-01-21T15:21:31","date_gmt":"2025-01-21T12:21:31","guid":{"rendered":"https:\/\/karayerlesim.bosphorusboatshow.com\/tr\/?post_type=product&#038;p=8612"},"modified":"2025-02-02T14:17:16","modified_gmt":"2025-02-02T11:17:16","slug":"yat-pazari","status":"publish","type":"product","link":"https:\/\/karayerlesim.bosphorusboatshow.com\/tr\/katilimci-markalar\/yat-pazari\/","title":{"rendered":"Yat Pazar\u0131"},"content":{"rendered":"\t\t<div data-elementor-type=\"product-post\" data-elementor-id=\"8612\" class=\"elementor elementor-8612\" data-elementor-post-type=\"product\">\n\t\t\t\t<div data-particle_enable=\"false\" data-particle-mobile-disabled=\"false\" class=\"elementor-element elementor-element-42cd257 e-flex e-con-boxed e-con e-parent\" data-id=\"42cd257\" data-element_type=\"container\" data-e-type=\"container\">\n\t\t\t\t\t<div class=\"e-con-inner\">\n\t\t\t\t<div class=\"elementor-element elementor-element-fdfa371 elementor-widget elementor-widget-button\" data-id=\"fdfa371\" data-element_type=\"widget\" data-e-type=\"widget\" data-widget_type=\"button.default\">\n\t\t\t\t<div class=\"elementor-widget-container\">\n\t\t\t\t\t\t\t\t\t<div class=\"elementor-button-wrapper\">\n\t\t\t\t\t<a class=\"elementor-button elementor-button-link elementor-size-sm\" href=\"https:\/\/karayerlesim.bosphorusboatshow.com\/tr\/\">\n\t\t\t\t\t\t<span class=\"elementor-button-content-wrapper\">\n\t\t\t\t\t\t<span class=\"elementor-button-icon\">\n\t\t\t\t<i aria-hidden=\"true\" class=\"fas fa-map-pin\"><\/i>\t\t\t<\/span>\n\t\t\t\t\t\t\t\t\t<span class=\"elementor-button-text\">Hall 1 Stant B01<\/span>\n\t\t\t\t\t<\/span>\n\t\t\t\t\t<\/a>\n\t\t\t\t<\/div>\n\t\t\t\t\t\t\t\t<\/div>\n\t\t\t\t<\/div>\n\t\t\t\t<div class=\"elementor-element elementor-element-92e9ac5 elementor-widget elementor-widget-text-editor\" data-id=\"92e9ac5\" data-element_type=\"widget\" data-e-type=\"widget\" data-widget_type=\"text-editor.default\">\n\t\t\t\t<div class=\"elementor-widget-container\">\n\t\t\t\t\t\t\t\t\t<p>2008 y\u0131l\u0131nda tekne bak\u0131m onar\u0131m ve motor servis hizmeti ile ba\u015flayan, sonras\u0131nda tekne sat\u0131\u015f\u0131 ile firmam\u0131z\u0131 geni\u015flettik.<\/p><p>M\u00fc\u015fterilerimizin tekne al\u0131m-sat\u0131m a\u015famas\u0131nda bizleri se\u00e7mesindeki en temel sebep 15 y\u0131l\u0131 a\u015fk\u0131n s\u00fcredir m\u00fc\u015fteri memnuniyeti odakl\u0131 hizmet sunuyor olmam\u0131z ve ailemizi her ge\u00e7en y\u0131l bilgimiz, tecr\u00fcbemiz ve \u00f6zenli yakla\u015f\u0131m\u0131m\u0131z ile geni\u015fletmekteyiz.Sorun odakl\u0131 de\u011fil, kal\u0131c\u0131 \u00e7\u00f6z\u00fcm odakl\u0131 yakla\u015f\u0131m\u0131 benimsedik ve bu do\u011frultuda m\u00fc\u015fterilerimize hizmet sunmaktay\u0131z.<\/p>\t\t\t\t\t\t\t\t<\/div>\n\t\t\t\t<\/div>\n\t\t\t\t\t<\/div>\n\t\t\t\t<\/div>\n\t\t<div data-particle_enable=\"false\" data-particle-mobile-disabled=\"false\" class=\"elementor-element elementor-element-13c08c7 e-flex e-con-boxed e-con e-parent\" data-id=\"13c08c7\" data-element_type=\"container\" data-e-type=\"container\">\n\t\t\t\t\t<div class=\"e-con-inner\">\n\t\t\t\t<div class=\"elementor-element elementor-element-1eb772a elementor-widget-divider--view-line elementor-widget elementor-widget-divider\" data-id=\"1eb772a\" data-element_type=\"widget\" data-e-type=\"widget\" data-widget_type=\"divider.default\">\n\t\t\t\t<div class=\"elementor-widget-container\">\n\t\t\t\t\t\t\t<div class=\"elementor-divider\">\n\t\t\t<span class=\"elementor-divider-separator\">\n\t\t\t\t\t\t<\/span>\n\t\t<\/div>\n\t\t\t\t\t\t<\/div>\n\t\t\t\t<\/div>\n\t\t\t\t\t<\/div>\n\t\t\t\t<\/div>\n\t\t\t\t<\/div>\n\t\t","protected":false},"excerpt":{"rendered":"<p>Hall 1 Stant B01 2008 y\u0131l\u0131nda tekne bak\u0131m onar\u0131m ve motor servis hizmeti ile ba\u015flayan, sonras\u0131nda tekne sat\u0131\u015f\u0131 ile firmam\u0131z\u0131 geni\u015flettik. M\u00fc\u015fterilerimizin tekne al\u0131m-sat\u0131m a\u015famas\u0131nda bizleri se\u00e7mesindeki en temel sebep 15 y\u0131l\u0131 a\u015fk\u0131n s\u00fcredir m\u00fc\u015fteri memnuniyeti odakl\u0131 hizmet sunuyor olmam\u0131z ve ailemizi her ge\u00e7en y\u0131l bilgimiz, tecr\u00fcbemiz ve \u00f6zenli yakla\u015f\u0131m\u0131m\u0131z ile geni\u015fletmekteyiz.Sorun odakl\u0131 de\u011fil, kal\u0131c\u0131 [&hellip;]<\/p>\n","protected":false},"featured_media":8613,"template":"","meta":{"inline_featured_image":false,"wds_primary_product_brand":0,"wds_primary_product_cat":0},"product_brand":[],"product_cat":[15],"product_tag":[],"class_list":{"0":"post-8612","1":"product","2":"type-product","3":"status-publish","4":"has-post-thumbnail","6":"product_cat-uncategorized","8":"first","9":"instock","10":"shipping-taxable","11":"product-type-simple"},"_links":{"self":[{"href":"https:\/\/karayerlesim.bosphorusboatshow.com\/tr\/wp-json\/wp\/v2\/product\/8612","targetHints":{"allow":["GET"]}}],"collection":[{"href":"https:\/\/karayerlesim.bosphorusboatshow.com\/tr\/wp-json\/wp\/v2\/product"}],"about":[{"href":"https:\/\/karayerlesim.bosphorusboatshow.com\/tr\/wp-json\/wp\/v2\/types\/product"}],"version-history":[{"count":14,"href":"https:\/\/karayerlesim.bosphorusboatshow.com\/tr\/wp-json\/wp\/v2\/product\/8612\/revisions"}],"predecessor-version":[{"id":9901,"href":"https:\/\/karayerlesim.bosphorusboatshow.com\/tr\/wp-json\/wp\/v2\/product\/8612\/revisions\/9901"}],"wp:featuredmedia":[{"embeddable":true,"href":"https:\/\/karayerlesim.bosphorusboatshow.com\/tr\/wp-json\/wp\/v2\/media\/8613"}],"wp:attachment":[{"href":"https:\/\/karayerlesim.bosphorusboatshow.com\/tr\/wp-json\/wp\/v2\/media?parent=8612"}],"wp:term":[{"taxonomy":"product_brand","embeddable":true,"href":"https:\/\/karayerlesim.bosphorusboatshow.com\/tr\/wp-json\/wp\/v2\/product_brand?post=8612"},{"taxonomy":"product_cat","embeddable":true,"href":"https:\/\/karayerlesim.bosphorusboatshow.com\/tr\/wp-json\/wp\/v2\/product_cat?post=8612"},{"taxonomy":"product_tag","embeddable":true,"href":"https:\/\/karayerlesim.bosphorusboatshow.com\/tr\/wp-json\/wp\/v2\/product_tag?post=8612"}],"curies":[{"name":"wp","href":"https:\/\/api.w.org\/{rel}","templated":true}]}}