{"id":8224,"date":"2025-01-20T14:28:04","date_gmt":"2025-01-20T11:28:04","guid":{"rendered":"https:\/\/karayerlesim.bosphorusboatshow.com\/tr\/?post_type=product&#038;p=8224"},"modified":"2025-01-28T12:22:33","modified_gmt":"2025-01-28T09:22:33","slug":"gucbir-jenerator","status":"publish","type":"product","link":"https:\/\/karayerlesim.bosphorusboatshow.com\/tr\/katilimci-markalar\/gucbir-jenerator\/","title":{"rendered":"G\u00fc\u00e7bir Jenerat\u00f6r"},"content":{"rendered":"\t\t<div data-elementor-type=\"product-post\" data-elementor-id=\"8224\" class=\"elementor elementor-8224\" data-elementor-post-type=\"product\">\n\t\t\t\t<div data-particle_enable=\"false\" data-particle-mobile-disabled=\"false\" class=\"elementor-element elementor-element-cca9ed1 e-flex e-con-boxed e-con e-parent\" data-id=\"cca9ed1\" data-element_type=\"container\" data-e-type=\"container\">\n\t\t\t\t\t<div class=\"e-con-inner\">\n\t\t\t\t<div class=\"elementor-element elementor-element-420a4a4 elementor-widget elementor-widget-button\" data-id=\"420a4a4\" data-element_type=\"widget\" data-e-type=\"widget\" data-widget_type=\"button.default\">\n\t\t\t\t<div class=\"elementor-widget-container\">\n\t\t\t\t\t\t\t\t\t<div class=\"elementor-button-wrapper\">\n\t\t\t\t\t<a class=\"elementor-button elementor-button-link elementor-size-sm\" href=\"https:\/\/karayerlesim.bosphorusboatshow.com\/tr\/\">\n\t\t\t\t\t\t<span class=\"elementor-button-content-wrapper\">\n\t\t\t\t\t\t<span class=\"elementor-button-icon\">\n\t\t\t\t<i aria-hidden=\"true\" class=\"fas fa-map-pin\"><\/i>\t\t\t<\/span>\n\t\t\t\t\t\t\t\t\t<span class=\"elementor-button-text\">Hall 8 Stant A15.2<\/span>\n\t\t\t\t\t<\/span>\n\t\t\t\t\t<\/a>\n\t\t\t\t<\/div>\n\t\t\t\t\t\t\t\t<\/div>\n\t\t\t\t<\/div>\n\t\t\t\t<div class=\"elementor-element elementor-element-c21277d elementor-widget elementor-widget-text-editor\" data-id=\"c21277d\" data-element_type=\"widget\" data-e-type=\"widget\" data-widget_type=\"text-editor.default\">\n\t\t\t\t<div class=\"elementor-widget-container\">\n\t\t\t\t\t\t\t\t\t<div class=\"sc-dkPtRN eMmcyG jfAnswer-question\"><div class=\"sc-gsDKAQ cwVXsv sc-fHeRUh fKRrpa jfAnswer-question-text\">\u00a0<\/div><\/div><div class=\"sc-hKwDye egcdXp jfAnswer-answer-wrapper\"><div class=\"sc-gSQFLo gFhxtW jfAnswer-answer\">1980 y\u0131l\u0131nda k\u00fc\u00e7\u00fck bir imalat at\u00f6lyesiyle yola \u00e7\u0131kt\u0131k. Kaliteye, g\u00fcvene, yenili\u011fe olan a\u015fk\u0131m\u0131z bizi daima daha ileriye ta\u015f\u0131d\u0131. T\u00fcrkiye\u2019nin \u00f6nde gelen lider \u00fcreticilerinden biri olmay\u0131, o k\u00fc\u00e7\u00fck at\u00f6lyenin kocaman hayallerine bor\u00e7luyuz. Bug\u00fcn 45.000m2 olan fabrikam\u0131zda 300 ki\u015filik profesyonel kadroyla ba\u015fta Afrika olmak \u00fczere Ortado\u011fu, Avrupa, Asya ve G\u00fcney Amerika b\u00f6lgelerinde \u00e7al\u0131\u015fmalar\u0131m\u0131z\u0131 y\u00fcr\u00fct\u00fcyoruz G\u00fc\u00e7bir markas\u0131 ad\u0131 alt\u0131nda 5 kVA-4000 kVA g\u00fc\u00e7 aral\u0131\u011f\u0131nda yerli, yabanc\u0131 motor ve alternat\u00f6rlerimizle T\u00fcrkiye\u2019nin Karadeniz Ere\u011fli il\u00e7esinde \u00fcretim yap\u0131yor ve lojistik deste\u011fimizle, operasyonun her ad\u0131m\u0131nda \u201ceksiksiz ve \u00fcst\u00fcn hizmet\u201d felsefemizi hayata ge\u00e7iriyoruz. \u00dcr\u00fcn \u00e7e\u015fitlili\u011fimiz m\u00fc\u015fteri talebine orant\u0131l\u0131 olarak her ge\u00e7en g\u00fcn artarken yerli alternat\u00f6r markam\u0131z\u0131 d\u00fcnyan\u0131n d\u00f6rt bir yerine ta\u015f\u0131man\u0131n gururunu ya\u015f\u0131yoruz. G\u00fc\u00e7bir Jenerat\u00f6r ile hayat\u0131n\u0131z\u0131n her alan\u0131nda \u201cKesintisiz Enerji\u201d ile yan\u0131n\u0131zday\u0131z.<\/div><\/div>\t\t\t\t\t\t\t\t<\/div>\n\t\t\t\t<\/div>\n\t\t\t\t<div class=\"elementor-element elementor-element-0a2658c elementor-widget elementor-widget-text-editor\" data-id=\"0a2658c\" data-element_type=\"widget\" data-e-type=\"widget\" data-widget_type=\"text-editor.default\">\n\t\t\t\t<div class=\"elementor-widget-container\">\n\t\t\t\t\t\t\t\t\t<p><a href=\"http:\/\/www.gucbirjenerator.com\">http:\/\/www.gucbirjenerator.com<\/a><\/p>\t\t\t\t\t\t\t\t<\/div>\n\t\t\t\t<\/div>\n\t\t\t\t\t<\/div>\n\t\t\t\t<\/div>\n\t\t<div data-particle_enable=\"false\" data-particle-mobile-disabled=\"false\" class=\"elementor-element elementor-element-b8be09c e-flex e-con-boxed e-con e-parent\" data-id=\"b8be09c\" data-element_type=\"container\" data-e-type=\"container\">\n\t\t\t\t\t<div class=\"e-con-inner\">\n\t\t\t\t<div class=\"elementor-element elementor-element-2d68275 elementor-widget-divider--view-line elementor-widget elementor-widget-divider\" data-id=\"2d68275\" data-element_type=\"widget\" data-e-type=\"widget\" data-widget_type=\"divider.default\">\n\t\t\t\t<div class=\"elementor-widget-container\">\n\t\t\t\t\t\t\t<div class=\"elementor-divider\">\n\t\t\t<span class=\"elementor-divider-separator\">\n\t\t\t\t\t\t<\/span>\n\t\t<\/div>\n\t\t\t\t\t\t<\/div>\n\t\t\t\t<\/div>\n\t\t\t\t<div class=\"elementor-element elementor-element-70b0903 elementor-widget elementor-widget-gallery\" data-id=\"70b0903\" data-element_type=\"widget\" data-e-type=\"widget\" data-settings=\"{&quot;columns&quot;:3,&quot;gallery_layout&quot;:&quot;grid&quot;,&quot;columns_tablet&quot;:2,&quot;columns_mobile&quot;:1,&quot;gap&quot;:{&quot;unit&quot;:&quot;px&quot;,&quot;size&quot;:10,&quot;sizes&quot;:[]},&quot;gap_tablet&quot;:{&quot;unit&quot;:&quot;px&quot;,&quot;size&quot;:10,&quot;sizes&quot;:[]},&quot;gap_mobile&quot;:{&quot;unit&quot;:&quot;px&quot;,&quot;size&quot;:10,&quot;sizes&quot;:[]},&quot;link_to&quot;:&quot;file&quot;,&quot;aspect_ratio&quot;:&quot;3:2&quot;,&quot;overlay_background&quot;:&quot;yes&quot;,&quot;content_hover_animation&quot;:&quot;fade-in&quot;}\" data-widget_type=\"gallery.default\">\n\t\t\t\t<div class=\"elementor-widget-container\">\n\t\t\t\t\t\t\t<div class=\"elementor-gallery__container\">\n\t\t\t\t\t\t\t<a class=\"e-gallery-item elementor-gallery-item elementor-animated-content\" href=\"https:\/\/karayerlesim.bosphorusboatshow.com\/wp-content\/uploads\/sites\/4\/2025\/01\/WhatsApp-Image-2025-01-27-at-16.08.30_1942.jpeg\" data-elementor-open-lightbox=\"yes\" data-elementor-lightbox-slideshow=\"70b0903\" data-elementor-lightbox-title=\"WhatsApp Image 2025-01-27 at 16.08.30_1942\" data-e-action-hash=\"#elementor-action%3Aaction%3Dlightbox%26settings%3DeyJpZCI6OTE1MiwidXJsIjoiaHR0cHM6XC9cL2thcmF5ZXJsZXNpbS5ib3NwaG9ydXNib2F0c2hvdy5jb21cL3dwLWNvbnRlbnRcL3VwbG9hZHNcL3NpdGVzXC80XC8yMDI1XC8wMVwvV2hhdHNBcHAtSW1hZ2UtMjAyNS0wMS0yNy1hdC0xNi4wOC4zMF8xOTQyLmpwZWciLCJzbGlkZXNob3ciOiI3MGIwOTAzIn0%3D\">\n\t\t\t\t\t<div class=\"e-gallery-image elementor-gallery-item__image\" data-thumbnail=\"https:\/\/karayerlesim.bosphorusboatshow.com\/wp-content\/uploads\/sites\/4\/2025\/01\/WhatsApp-Image-2025-01-27-at-16.08.30_1942-300x200.jpeg\" data-width=\"300\" data-height=\"200\" aria-label=\"\" role=\"img\" ><\/div>\n\t\t\t\t\t\t\t\t\t\t\t<div class=\"elementor-gallery-item__overlay\"><\/div>\n\t\t\t\t\t\t\t\t\t\t\t\t\t\t<\/a>\n\t\t\t\t\t\t\t<a class=\"e-gallery-item elementor-gallery-item elementor-animated-content\" href=\"https:\/\/karayerlesim.bosphorusboatshow.com\/wp-content\/uploads\/sites\/4\/2025\/01\/WhatsApp-Image-2025-01-27-at-16.08.30_8694.jpeg\" data-elementor-open-lightbox=\"yes\" data-elementor-lightbox-slideshow=\"70b0903\" data-elementor-lightbox-title=\"WhatsApp Image 2025-01-27 at 16.08.30_8694\" data-e-action-hash=\"#elementor-action%3Aaction%3Dlightbox%26settings%3DeyJpZCI6OTE1NCwidXJsIjoiaHR0cHM6XC9cL2thcmF5ZXJsZXNpbS5ib3NwaG9ydXNib2F0c2hvdy5jb21cL3dwLWNvbnRlbnRcL3VwbG9hZHNcL3NpdGVzXC80XC8yMDI1XC8wMVwvV2hhdHNBcHAtSW1hZ2UtMjAyNS0wMS0yNy1hdC0xNi4wOC4zMF84Njk0LmpwZWciLCJzbGlkZXNob3ciOiI3MGIwOTAzIn0%3D\">\n\t\t\t\t\t<div class=\"e-gallery-image elementor-gallery-item__image\" data-thumbnail=\"https:\/\/karayerlesim.bosphorusboatshow.com\/wp-content\/uploads\/sites\/4\/2025\/01\/WhatsApp-Image-2025-01-27-at-16.08.30_8694-300x200.jpeg\" data-width=\"300\" data-height=\"200\" aria-label=\"\" role=\"img\" ><\/div>\n\t\t\t\t\t\t\t\t\t\t\t<div class=\"elementor-gallery-item__overlay\"><\/div>\n\t\t\t\t\t\t\t\t\t\t\t\t\t\t<\/a>\n\t\t\t\t\t\t\t<a class=\"e-gallery-item elementor-gallery-item elementor-animated-content\" href=\"https:\/\/karayerlesim.bosphorusboatshow.com\/wp-content\/uploads\/sites\/4\/2025\/01\/WhatsApp-Image-2025-01-27-at-16.08.36_6894.jpeg\" data-elementor-open-lightbox=\"yes\" data-elementor-lightbox-slideshow=\"70b0903\" data-elementor-lightbox-title=\"WhatsApp Image 2025-01-27 at 16.08.36_6894\" data-e-action-hash=\"#elementor-action%3Aaction%3Dlightbox%26settings%3DeyJpZCI6OTE1NiwidXJsIjoiaHR0cHM6XC9cL2thcmF5ZXJsZXNpbS5ib3NwaG9ydXNib2F0c2hvdy5jb21cL3dwLWNvbnRlbnRcL3VwbG9hZHNcL3NpdGVzXC80XC8yMDI1XC8wMVwvV2hhdHNBcHAtSW1hZ2UtMjAyNS0wMS0yNy1hdC0xNi4wOC4zNl82ODk0LmpwZWciLCJzbGlkZXNob3ciOiI3MGIwOTAzIn0%3D\">\n\t\t\t\t\t<div class=\"e-gallery-image elementor-gallery-item__image\" data-thumbnail=\"https:\/\/karayerlesim.bosphorusboatshow.com\/wp-content\/uploads\/sites\/4\/2025\/01\/WhatsApp-Image-2025-01-27-at-16.08.36_6894-300x200.jpeg\" data-width=\"300\" data-height=\"200\" aria-label=\"\" role=\"img\" ><\/div>\n\t\t\t\t\t\t\t\t\t\t\t<div class=\"elementor-gallery-item__overlay\"><\/div>\n\t\t\t\t\t\t\t\t\t\t\t\t\t\t<\/a>\n\t\t\t\t\t<\/div>\n\t\t\t\t\t<\/div>\n\t\t\t\t<\/div>\n\t\t\t\t\t<\/div>\n\t\t\t\t<\/div>\n\t\t\t\t<\/div>\n\t\t","protected":false},"excerpt":{"rendered":"<p>Hall 8 Stant A15.2 \u00a01980 y\u0131l\u0131nda k\u00fc\u00e7\u00fck bir imalat at\u00f6lyesiyle yola \u00e7\u0131kt\u0131k. Kaliteye, g\u00fcvene, yenili\u011fe olan a\u015fk\u0131m\u0131z bizi daima daha ileriye ta\u015f\u0131d\u0131. T\u00fcrkiye\u2019nin \u00f6nde gelen lider \u00fcreticilerinden biri olmay\u0131, o k\u00fc\u00e7\u00fck at\u00f6lyenin kocaman hayallerine bor\u00e7luyuz. Bug\u00fcn 45.000m2 olan fabrikam\u0131zda 300 ki\u015filik profesyonel kadroyla ba\u015fta Afrika olmak \u00fczere Ortado\u011fu, Avrupa, Asya ve G\u00fcney Amerika b\u00f6lgelerinde \u00e7al\u0131\u015fmalar\u0131m\u0131z\u0131 [&hellip;]<\/p>\n","protected":false},"featured_media":8225,"template":"","meta":{"inline_featured_image":false,"wds_primary_product_brand":0,"wds_primary_product_cat":0},"product_brand":[],"product_cat":[15],"product_tag":[],"class_list":{"0":"post-8224","1":"product","2":"type-product","3":"status-publish","4":"has-post-thumbnail","6":"product_cat-uncategorized","8":"first","9":"instock","10":"shipping-taxable","11":"product-type-simple"},"_links":{"self":[{"href":"https:\/\/karayerlesim.bosphorusboatshow.com\/tr\/wp-json\/wp\/v2\/product\/8224","targetHints":{"allow":["GET"]}}],"collection":[{"href":"https:\/\/karayerlesim.bosphorusboatshow.com\/tr\/wp-json\/wp\/v2\/product"}],"about":[{"href":"https:\/\/karayerlesim.bosphorusboatshow.com\/tr\/wp-json\/wp\/v2\/types\/product"}],"version-history":[{"count":7,"href":"https:\/\/karayerlesim.bosphorusboatshow.com\/tr\/wp-json\/wp\/v2\/product\/8224\/revisions"}],"predecessor-version":[{"id":9161,"href":"https:\/\/karayerlesim.bosphorusboatshow.com\/tr\/wp-json\/wp\/v2\/product\/8224\/revisions\/9161"}],"wp:featuredmedia":[{"embeddable":true,"href":"https:\/\/karayerlesim.bosphorusboatshow.com\/tr\/wp-json\/wp\/v2\/media\/8225"}],"wp:attachment":[{"href":"https:\/\/karayerlesim.bosphorusboatshow.com\/tr\/wp-json\/wp\/v2\/media?parent=8224"}],"wp:term":[{"taxonomy":"product_brand","embeddable":true,"href":"https:\/\/karayerlesim.bosphorusboatshow.com\/tr\/wp-json\/wp\/v2\/product_brand?post=8224"},{"taxonomy":"product_cat","embeddable":true,"href":"https:\/\/karayerlesim.bosphorusboatshow.com\/tr\/wp-json\/wp\/v2\/product_cat?post=8224"},{"taxonomy":"product_tag","embeddable":true,"href":"https:\/\/karayerlesim.bosphorusboatshow.com\/tr\/wp-json\/wp\/v2\/product_tag?post=8224"}],"curies":[{"name":"wp","href":"https:\/\/api.w.org\/{rel}","templated":true}]}}