{"id":686,"date":"2025-01-21T11:53:11","date_gmt":"2025-01-21T08:53:11","guid":{"rendered":"https:\/\/karayerlesim.bosphorusboatshow.com\/tr\/?post_type=product&#038;p=686"},"modified":"2025-02-06T15:05:35","modified_gmt":"2025-02-06T12:05:35","slug":"setur-marinas","status":"publish","type":"product","link":"https:\/\/karayerlesim.bosphorusboatshow.com\/tr\/katilimci-markalar\/setur-marinas\/","title":{"rendered":"Setur Marinas"},"content":{"rendered":"\t\t<div data-elementor-type=\"product-post\" data-elementor-id=\"686\" class=\"elementor elementor-686\" data-elementor-post-type=\"product\">\n\t\t\t\t<div data-particle_enable=\"false\" data-particle-mobile-disabled=\"false\" class=\"elementor-element elementor-element-d39008a e-flex e-con-boxed e-con e-parent\" data-id=\"d39008a\" data-element_type=\"container\" data-e-type=\"container\">\n\t\t\t\t\t<div class=\"e-con-inner\">\n\t\t\t\t<div class=\"elementor-element elementor-element-0ba37e8 elementor-widget elementor-widget-button\" data-id=\"0ba37e8\" data-element_type=\"widget\" data-e-type=\"widget\" data-widget_type=\"button.default\">\n\t\t\t\t<div class=\"elementor-widget-container\">\n\t\t\t\t\t\t\t\t\t<div class=\"elementor-button-wrapper\">\n\t\t\t\t\t<a class=\"elementor-button elementor-button-link elementor-size-sm\" href=\"https:\/\/karayerlesim.bosphorusboatshow.com\/tr\/\">\n\t\t\t\t\t\t<span class=\"elementor-button-content-wrapper\">\n\t\t\t\t\t\t<span class=\"elementor-button-icon\">\n\t\t\t\t<i aria-hidden=\"true\" class=\"fas fa-map-pin\"><\/i>\t\t\t<\/span>\n\t\t\t\t\t\t\t\t\t<span class=\"elementor-button-text\">Hall 3 Stant B06<\/span>\n\t\t\t\t\t<\/span>\n\t\t\t\t\t<\/a>\n\t\t\t\t<\/div>\n\t\t\t\t\t\t\t\t<\/div>\n\t\t\t\t<\/div>\n\t\t\t\t<div class=\"elementor-element elementor-element-cff8da2 elementor-widget elementor-widget-text-editor\" data-id=\"cff8da2\" data-element_type=\"widget\" data-e-type=\"widget\" data-widget_type=\"text-editor.default\">\n\t\t\t\t<div class=\"elementor-widget-container\">\n\t\t\t\t\t\t\t\t\t<p>Setur Marinalar\u0131, Ko\u00e7 Toplulu\u011fu b\u00fcnyesinde faaliyet g\u00f6steren T\u00fcrkiye&#8217;nin lider marina zinciri olarak, %20\u2019lik pazar pay\u0131 ile denizcilik sekt\u00f6r\u00fcnde \u00f6nc\u00fc bir konumda yer almaktad\u0131r. 1978 y\u0131l\u0131ndan bu yana kesintisiz olarak hizmet veren kurulu\u015f, marinac\u0131l\u0131k sekt\u00f6r\u00fcnde Akdeniz \u00c7ana\u011f\u0131&#8217;n\u0131n en sayg\u0131n marina i\u015fletmelerinden biri olarak yoluna devam etmektedir.Denizcilik tutkusuyla hareket eden, profesyonel bir marina i\u015fletmesi olarak, yat\u00e7\u0131lara \u00fcst\u00fcn kalitede hizmet sunmay\u0131 kendine misyon edinmi\u015f bir kurulu\u015ftur. K\u00f6kl\u00fc bir kurumsal k\u00fclt\u00fcre sahip olan Setur Marinalar\u0131, Ko\u00e7 Toplulu\u011fu&#8217;nun g\u00fcvenilir ve yenilik\u00e7i vizyonunu marinac\u0131l\u0131k sekt\u00f6r\u00fcnde ba\u015far\u0131yla yans\u0131tmaktad\u0131r. Denizcili\u011fin ve yat\u00e7\u0131l\u0131\u011f\u0131n geni\u015f kitlelerce benimsenmesi,\u00a0 deniz k\u00fclt\u00fcr\u00fcn\u00fcn ve turizminin \u00fclkemizde hak etti\u011fi yere gelmesi en \u00f6ncelikli hedeflerindendir.Kalam\u0131\u015f\/Fenerbah\u00e7e, Yalova, Ayval\u0131k, Midilli, \u00c7e\u015fme, Ku\u015fadas\u0131, Marmaris, Ka\u015f, Finike, Antalya ve Demre marinalar\u0131 ile \u00d6ren Rib &amp; Refit Park olmak \u00fczere toplam 11 marina ve 1 kara park alan\u0131 i\u015fleten Setur Marinalar\u0131, T\u00fcrkiye\u2019de marinac\u0131l\u0131k sekt\u00f6r\u00fcn\u00fcn geli\u015fimini destekleyen en \u00f6nemli markad\u0131r.<\/p>\t\t\t\t\t\t\t\t<\/div>\n\t\t\t\t<\/div>\n\t\t\t\t<div class=\"elementor-element elementor-element-f089a52 elementor-widget elementor-widget-text-editor\" data-id=\"f089a52\" data-element_type=\"widget\" data-e-type=\"widget\" data-widget_type=\"text-editor.default\">\n\t\t\t\t<div class=\"elementor-widget-container\">\n\t\t\t\t\t\t\t\t\t<p><a href=\"http:\/\/www.seturmarinas.com\">http:\/\/www.seturmarinas.com<\/a><\/p>\t\t\t\t\t\t\t\t<\/div>\n\t\t\t\t<\/div>\n\t\t\t\t\t<\/div>\n\t\t\t\t<\/div>\n\t\t<div data-particle_enable=\"false\" data-particle-mobile-disabled=\"false\" class=\"elementor-element elementor-element-8532603 e-flex e-con-boxed e-con e-parent\" data-id=\"8532603\" data-element_type=\"container\" data-e-type=\"container\">\n\t\t\t\t\t<div class=\"e-con-inner\">\n\t\t\t\t<div class=\"elementor-element elementor-element-500c5fd elementor-widget-divider--view-line elementor-widget elementor-widget-divider\" data-id=\"500c5fd\" data-element_type=\"widget\" data-e-type=\"widget\" data-widget_type=\"divider.default\">\n\t\t\t\t<div class=\"elementor-widget-container\">\n\t\t\t\t\t\t\t<div class=\"elementor-divider\">\n\t\t\t<span class=\"elementor-divider-separator\">\n\t\t\t\t\t\t<\/span>\n\t\t<\/div>\n\t\t\t\t\t\t<\/div>\n\t\t\t\t<\/div>\n\t\t\t\t\t<\/div>\n\t\t\t\t<\/div>\n\t\t<div data-particle_enable=\"false\" data-particle-mobile-disabled=\"false\" class=\"elementor-element elementor-element-9a727d5 e-flex e-con-boxed e-con e-parent\" data-id=\"9a727d5\" data-element_type=\"container\" data-e-type=\"container\">\n\t\t\t\t\t<div class=\"e-con-inner\">\n\t\t\t\t<div class=\"elementor-element elementor-element-755b210 elementor-widget elementor-widget-heading\" data-id=\"755b210\" data-element_type=\"widget\" data-e-type=\"widget\" data-widget_type=\"heading.default\">\n\t\t\t\t<div class=\"elementor-widget-container\">\n\t\t\t\t\t<h4 class=\"elementor-heading-title elementor-size-default\">Kat\u0131l\u0131mc\u0131 Kategorileri<\/h4>\t\t\t\t<\/div>\n\t\t\t\t<\/div>\n\t\t\t\t<div class=\"elementor-element elementor-element-126c23f elementor-icon-list--layout-inline elementor-list-item-link-full_width elementor-widget elementor-widget-icon-list\" data-id=\"126c23f\" data-element_type=\"widget\" data-e-type=\"widget\" data-widget_type=\"icon-list.default\">\n\t\t\t\t<div class=\"elementor-widget-container\">\n\t\t\t\t\t\t\t<ul class=\"elementor-icon-list-items elementor-inline-items\">\n\t\t\t\t\t\t\t<li class=\"elementor-icon-list-item elementor-inline-item\">\n\t\t\t\t\t\t\t\t\t\t\t<span class=\"elementor-icon-list-icon\">\n\t\t\t\t\t\t\t<svg xmlns=\"http:\/\/www.w3.org\/2000\/svg\" id=\"Layer_1\" data-name=\"Layer 1\" viewBox=\"0 0 1000 1000\"><defs><style>      .cls-1 {        fill: #fff;      }      .cls-1, .cls-2 {        stroke-width: 0px;      }      .cls-2 {        fill: #832880;      }    <\/style><\/defs><circle class=\"cls-2\" cx=\"500\" cy=\"500\" r=\"500\"><\/circle><path class=\"cls-1\" d=\"M752.2,550.63c-.97-1.84-1.97-3.64-3.02-5.4-.3-.51-.6-1.03-.91-1.54-.18-.29-.35-.59-.53-.87-20.81-34.59-51.99-61.8-89.05-76.99,8.07-4.92,15.75-10.48,23.03-16.7,10.03-8.55,18.82-18.48,26.41-29.79,7.59-11.3,13.66-23.98,18.22-38.04,4.55-14.05,6.83-30.25,6.83-48.59v-1.84c0-50.72-18.76-91.05-56.28-121-37.53-29.94-89.22-44.92-155.09-44.92H224.43v641.69c52.65-140.08,131.51-246.84,243.94-310.96-1.85,3.21-3.65,6.4-5.41,9.58-35.34,34.84-57.37,84.01-57.37,138.5,0,105.66,82.82,191.31,184.99,191.31s184.99-85.65,184.99-191.31c0-33.81-8.49-65.56-23.37-93.11Z\"><\/path><\/svg>\t\t\t\t\t\t<\/span>\n\t\t\t\t\t\t\t\t\t\t<span class=\"elementor-icon-list-text\">Marina<\/span>\n\t\t\t\t\t\t\t\t\t<\/li>\n\t\t\t\t\t\t<\/ul>\n\t\t\t\t\t\t<\/div>\n\t\t\t\t<\/div>\n\t\t\t\t\t<\/div>\n\t\t\t\t<\/div>\n\t\t\t\t<\/div>\n\t\t","protected":false},"excerpt":{"rendered":"<p>Hall 3 Stant B06 Setur Marinalar\u0131, Ko\u00e7 Toplulu\u011fu b\u00fcnyesinde faaliyet g\u00f6steren T\u00fcrkiye&#8217;nin lider marina zinciri olarak, %20\u2019lik pazar pay\u0131 ile denizcilik sekt\u00f6r\u00fcnde \u00f6nc\u00fc bir konumda yer almaktad\u0131r. 1978 y\u0131l\u0131ndan bu yana kesintisiz olarak hizmet veren kurulu\u015f, marinac\u0131l\u0131k sekt\u00f6r\u00fcnde Akdeniz \u00c7ana\u011f\u0131&#8217;n\u0131n en sayg\u0131n marina i\u015fletmelerinden biri olarak yoluna devam etmektedir.Denizcilik tutkusuyla hareket eden, profesyonel bir marina [&hellip;]<\/p>\n","protected":false},"featured_media":933,"template":"","meta":{"inline_featured_image":false,"wds_primary_product_brand":0,"wds_primary_product_cat":0},"product_brand":[],"product_cat":[15],"product_tag":[],"class_list":{"0":"post-686","1":"product","2":"type-product","3":"status-publish","4":"has-post-thumbnail","6":"product_cat-uncategorized","8":"first","9":"instock","10":"shipping-taxable","11":"product-type-simple"},"_links":{"self":[{"href":"https:\/\/karayerlesim.bosphorusboatshow.com\/tr\/wp-json\/wp\/v2\/product\/686","targetHints":{"allow":["GET"]}}],"collection":[{"href":"https:\/\/karayerlesim.bosphorusboatshow.com\/tr\/wp-json\/wp\/v2\/product"}],"about":[{"href":"https:\/\/karayerlesim.bosphorusboatshow.com\/tr\/wp-json\/wp\/v2\/types\/product"}],"version-history":[{"count":42,"href":"https:\/\/karayerlesim.bosphorusboatshow.com\/tr\/wp-json\/wp\/v2\/product\/686\/revisions"}],"predecessor-version":[{"id":10116,"href":"https:\/\/karayerlesim.bosphorusboatshow.com\/tr\/wp-json\/wp\/v2\/product\/686\/revisions\/10116"}],"wp:featuredmedia":[{"embeddable":true,"href":"https:\/\/karayerlesim.bosphorusboatshow.com\/tr\/wp-json\/wp\/v2\/media\/933"}],"wp:attachment":[{"href":"https:\/\/karayerlesim.bosphorusboatshow.com\/tr\/wp-json\/wp\/v2\/media?parent=686"}],"wp:term":[{"taxonomy":"product_brand","embeddable":true,"href":"https:\/\/karayerlesim.bosphorusboatshow.com\/tr\/wp-json\/wp\/v2\/product_brand?post=686"},{"taxonomy":"product_cat","embeddable":true,"href":"https:\/\/karayerlesim.bosphorusboatshow.com\/tr\/wp-json\/wp\/v2\/product_cat?post=686"},{"taxonomy":"product_tag","embeddable":true,"href":"https:\/\/karayerlesim.bosphorusboatshow.com\/tr\/wp-json\/wp\/v2\/product_tag?post=686"}],"curies":[{"name":"wp","href":"https:\/\/api.w.org\/{rel}","templated":true}]}}