{"id":544,"date":"2023-11-30T18:29:01","date_gmt":"2023-11-30T15:29:01","guid":{"rendered":"https:\/\/karayerlesim.bosphorusboatshow.com\/tr\/?post_type=product&#038;p=544"},"modified":"2025-01-16T16:33:11","modified_gmt":"2025-01-16T13:33:11","slug":"arti-marin","status":"publish","type":"product","link":"https:\/\/karayerlesim.bosphorusboatshow.com\/tr\/katilimci-markalar\/arti-marin\/","title":{"rendered":"Art\u0131 Marin"},"content":{"rendered":"\t\t<div data-elementor-type=\"product-post\" data-elementor-id=\"544\" class=\"elementor elementor-544\" data-elementor-post-type=\"product\">\n\t\t\t\t<div data-particle_enable=\"false\" data-particle-mobile-disabled=\"false\" class=\"elementor-element elementor-element-ebe90e2 e-flex e-con-boxed e-con e-parent\" data-id=\"ebe90e2\" data-element_type=\"container\" data-e-type=\"container\">\n\t\t\t\t\t<div class=\"e-con-inner\">\n\t\t\t\t<div class=\"elementor-element elementor-element-82fd2fc elementor-widget elementor-widget-button\" data-id=\"82fd2fc\" data-element_type=\"widget\" data-e-type=\"widget\" data-widget_type=\"button.default\">\n\t\t\t\t<div class=\"elementor-widget-container\">\n\t\t\t\t\t\t\t\t\t<div class=\"elementor-button-wrapper\">\n\t\t\t\t\t<a class=\"elementor-button elementor-button-link elementor-size-sm\" href=\"https:\/\/karayerlesim.bosphorusboatshow.com\/tr\/\">\n\t\t\t\t\t\t<span class=\"elementor-button-content-wrapper\">\n\t\t\t\t\t\t<span class=\"elementor-button-icon\">\n\t\t\t\t<i aria-hidden=\"true\" class=\"fas fa-map-pin\"><\/i>\t\t\t<\/span>\n\t\t\t\t\t\t\t\t\t<span class=\"elementor-button-text\">Hall 8 Stant B09<\/span>\n\t\t\t\t\t<\/span>\n\t\t\t\t\t<\/a>\n\t\t\t\t<\/div>\n\t\t\t\t\t\t\t\t<\/div>\n\t\t\t\t<\/div>\n\t\t\t\t<div class=\"elementor-element elementor-element-146fdef elementor-widget elementor-widget-text-editor\" data-id=\"146fdef\" data-element_type=\"widget\" data-e-type=\"widget\" data-widget_type=\"text-editor.default\">\n\t\t\t\t<div class=\"elementor-widget-container\">\n\t\t\t\t\t\t\t\t\t<p>D\u00fcnyaca \u00fcnl\u00fc Marin, Mobil ve End\u00fcstriyel ekipman markalar\u0131 tek bir \u00e7at\u0131 alt\u0131nda, yenilik\u00e7i yerle\u015fik g\u00fc\u00e7 ve enerji sistemi \u00e7\u00f6z\u00fcmlerinde lider.<\/p><p>\u00a0Art\u0131 Marin Mobil Enerji Sistemleri, deneyimli \u00e7al\u0131\u015fanlar\u0131 ile Denizcilik Sekt\u00f6r\u00fc i\u00e7in d\u00fcnyaca bilinen markalar\u0131 sunmaktad\u0131r. Art\u0131 Marin Mobile, G\u00fc\u00e7 Elektroni\u011fi, So\u011fuk su Klima sistemleri, Elektrikli ve Hidrolik pruva ve k\u0131\u00e7 \u0130ticileri, Ters Ozmoz su \u00fcreticileri, Kanat dengeleyiciler, TVRO sistemleri ve \u0130leti\u015fim antenleri, Navigasyon sistemleri vb. Gibi olduk\u00e7a geli\u015fmi\u015f m\u00fchendislik \u00fcr\u00fcnleri sunmaktad\u0131r<span style=\"color: var( --e-global-color-text ); font-family: var( --e-global-typography-text-font-family ), Sans-serif; font-weight: var( --e-global-typography-text-font-weight ); text-align: var(--text-align);\">.<\/span><\/p><p><span style=\"color: var( --e-global-color-text ); font-family: var( --e-global-typography-text-font-family ), Sans-serif; font-weight: var( --e-global-typography-text-font-weight ); text-align: var(--text-align);\">\u00a0Denizcilik ve Mobil end\u00fcstrisi \u00e7ok h\u0131zl\u0131 geli\u015fiyor ve teknedeki konforunuzu artt\u0131rmak i\u00e7in daha ak\u0131ll\u0131 se\u00e7imler ve zorluklar getiriyor. Art\u0131 Marin Mobil de bu yeni \u00fcr\u00fcnleri takip ederek konforunuza sunuyor.<\/span><\/p>\t\t\t\t\t\t\t\t<\/div>\n\t\t\t\t<\/div>\n\t\t<div data-particle_enable=\"false\" data-particle-mobile-disabled=\"false\" class=\"elementor-element elementor-element-672ed1e e-flex e-con-boxed e-con e-child\" data-id=\"672ed1e\" data-element_type=\"container\" data-e-type=\"container\">\n\t\t\t\t\t<div class=\"e-con-inner\">\n\t\t\t\t<div class=\"elementor-element elementor-element-308ee48 elementor-widget elementor-widget-text-editor\" data-id=\"308ee48\" data-element_type=\"widget\" data-e-type=\"widget\" data-widget_type=\"text-editor.default\">\n\t\t\t\t<div class=\"elementor-widget-container\">\n\t\t\t\t\t\t\t\t\t<p><a href=\"http:\/\/www.artimarin.com\"><strong>www.artimarin.com<\/strong><\/a><\/p>\t\t\t\t\t\t\t\t<\/div>\n\t\t\t\t<\/div>\n\t\t\t\t\t<\/div>\n\t\t\t\t<\/div>\n\t\t\t\t\t<\/div>\n\t\t\t\t<\/div>\n\t\t<div data-particle_enable=\"false\" data-particle-mobile-disabled=\"false\" class=\"elementor-element elementor-element-0bdd749 e-flex e-con-boxed e-con e-parent\" data-id=\"0bdd749\" data-element_type=\"container\" data-e-type=\"container\">\n\t\t\t\t\t<div class=\"e-con-inner\">\n\t\t\t\t<div class=\"elementor-element elementor-element-2fa02bc elementor-widget elementor-widget-gallery\" data-id=\"2fa02bc\" data-element_type=\"widget\" data-e-type=\"widget\" data-settings=\"{&quot;columns&quot;:5,&quot;gap&quot;:{&quot;unit&quot;:&quot;px&quot;,&quot;size&quot;:5,&quot;sizes&quot;:[]},&quot;gallery_layout&quot;:&quot;grid&quot;,&quot;columns_tablet&quot;:2,&quot;columns_mobile&quot;:1,&quot;gap_tablet&quot;:{&quot;unit&quot;:&quot;px&quot;,&quot;size&quot;:10,&quot;sizes&quot;:[]},&quot;gap_mobile&quot;:{&quot;unit&quot;:&quot;px&quot;,&quot;size&quot;:10,&quot;sizes&quot;:[]},&quot;aspect_ratio&quot;:&quot;3:2&quot;,&quot;content_hover_animation&quot;:&quot;fade-in&quot;}\" data-widget_type=\"gallery.default\">\n\t\t\t\t<div class=\"elementor-widget-container\">\n\t\t\t\t\t\t\t<div class=\"elementor-gallery__container\">\n\t\t\t\t\t\t\t<div class=\"e-gallery-item elementor-gallery-item elementor-animated-content\">\n\t\t\t\t\t<div class=\"e-gallery-image elementor-gallery-item__image\" data-thumbnail=\"https:\/\/karayerlesim.bosphorusboatshow.com\/wp-content\/uploads\/sites\/4\/2024\/01\/logo5.png\" data-width=\"160\" data-height=\"100\" aria-label=\"\" role=\"img\" ><\/div>\n\t\t\t\t\t\t\t\t\t\t\t\t\t\t<\/div>\n\t\t\t\t\t\t\t<div class=\"e-gallery-item elementor-gallery-item elementor-animated-content\">\n\t\t\t\t\t<div class=\"e-gallery-image elementor-gallery-item__image\" data-thumbnail=\"https:\/\/karayerlesim.bosphorusboatshow.com\/wp-content\/uploads\/sites\/4\/2024\/01\/tecmalogo.png\" data-width=\"160\" data-height=\"100\" aria-label=\"\" role=\"img\" ><\/div>\n\t\t\t\t\t\t\t\t\t\t\t\t\t\t<\/div>\n\t\t\t\t\t\t\t<div class=\"e-gallery-item elementor-gallery-item elementor-animated-content\">\n\t\t\t\t\t<div class=\"e-gallery-image elementor-gallery-item__image\" data-thumbnail=\"https:\/\/karayerlesim.bosphorusboatshow.com\/wp-content\/uploads\/sites\/4\/2024\/01\/maxpowerlogo.png\" data-width=\"160\" data-height=\"100\" aria-label=\"\" role=\"img\" ><\/div>\n\t\t\t\t\t\t\t\t\t\t\t\t\t\t<\/div>\n\t\t\t\t\t\t\t<div class=\"e-gallery-item elementor-gallery-item elementor-animated-content\">\n\t\t\t\t\t<div class=\"e-gallery-image elementor-gallery-item__image\" data-thumbnail=\"https:\/\/karayerlesim.bosphorusboatshow.com\/wp-content\/uploads\/sites\/4\/2024\/01\/mastervolt.png\" data-width=\"160\" data-height=\"100\" aria-label=\"\" role=\"img\" ><\/div>\n\t\t\t\t\t\t\t\t\t\t\t\t\t\t<\/div>\n\t\t\t\t\t\t\t<div class=\"e-gallery-item elementor-gallery-item elementor-animated-content\">\n\t\t\t\t\t<div class=\"e-gallery-image elementor-gallery-item__image\" data-thumbnail=\"https:\/\/karayerlesim.bosphorusboatshow.com\/wp-content\/uploads\/sites\/4\/2024\/01\/intellianlogo.png\" data-width=\"160\" data-height=\"100\" aria-label=\"\" role=\"img\" ><\/div>\n\t\t\t\t\t\t\t\t\t\t\t\t\t\t<\/div>\n\t\t\t\t\t\t\t<div class=\"e-gallery-item elementor-gallery-item elementor-animated-content\">\n\t\t\t\t\t<div class=\"e-gallery-image elementor-gallery-item__image\" data-thumbnail=\"https:\/\/karayerlesim.bosphorusboatshow.com\/wp-content\/uploads\/sites\/4\/2024\/01\/marlenco.png\" data-width=\"160\" data-height=\"100\" aria-label=\"\" role=\"img\" ><\/div>\n\t\t\t\t\t\t\t\t\t\t\t\t\t\t<\/div>\n\t\t\t\t\t<\/div>\n\t\t\t\t\t<\/div>\n\t\t\t\t<\/div>\n\t\t\t\t<div class=\"elementor-element elementor-element-b4d2a92 elementor-widget-divider--view-line elementor-widget elementor-widget-divider\" data-id=\"b4d2a92\" data-element_type=\"widget\" data-e-type=\"widget\" data-widget_type=\"divider.default\">\n\t\t\t\t<div class=\"elementor-widget-container\">\n\t\t\t\t\t\t\t<div class=\"elementor-divider\">\n\t\t\t<span class=\"elementor-divider-separator\">\n\t\t\t\t\t\t<\/span>\n\t\t<\/div>\n\t\t\t\t\t\t<\/div>\n\t\t\t\t<\/div>\n\t\t\t\t\t<\/div>\n\t\t\t\t<\/div>\n\t\t<div data-particle_enable=\"false\" data-particle-mobile-disabled=\"false\" class=\"elementor-element elementor-element-5c6a6f1 e-flex e-con-boxed e-con e-parent\" data-id=\"5c6a6f1\" data-element_type=\"container\" data-e-type=\"container\">\n\t\t\t\t\t<div class=\"e-con-inner\">\n\t\t\t\t<div class=\"elementor-element elementor-element-48a7b7f elementor-widget elementor-widget-heading\" data-id=\"48a7b7f\" data-element_type=\"widget\" data-e-type=\"widget\" data-widget_type=\"heading.default\">\n\t\t\t\t<div class=\"elementor-widget-container\">\n\t\t\t\t\t<h4 class=\"elementor-heading-title elementor-size-default\">Kat\u0131l\u0131mc\u0131 Kategorileri<\/h4>\t\t\t\t<\/div>\n\t\t\t\t<\/div>\n\t\t\t\t<div class=\"elementor-element elementor-element-5d41789 elementor-icon-list--layout-inline elementor-list-item-link-full_width elementor-widget elementor-widget-icon-list\" data-id=\"5d41789\" data-element_type=\"widget\" data-e-type=\"widget\" data-widget_type=\"icon-list.default\">\n\t\t\t\t<div class=\"elementor-widget-container\">\n\t\t\t\t\t\t\t<ul class=\"elementor-icon-list-items elementor-inline-items\">\n\t\t\t\t\t\t\t<li class=\"elementor-icon-list-item elementor-inline-item\">\n\t\t\t\t\t\t\t\t\t\t\t<span class=\"elementor-icon-list-icon\">\n\t\t\t\t\t\t\t<svg xmlns=\"http:\/\/www.w3.org\/2000\/svg\" id=\"Layer_1\" data-name=\"Layer 1\" viewBox=\"0 0 1000 1000\"><defs><style>      .cls-1 {        fill: #fff;      }      .cls-1, .cls-2 {        stroke-width: 0px;      }      .cls-2 {        fill: #832880;      }    <\/style><\/defs><circle class=\"cls-2\" cx=\"500\" cy=\"500\" r=\"500\"><\/circle><path class=\"cls-1\" d=\"M752.2,550.63c-.97-1.84-1.97-3.64-3.02-5.4-.3-.51-.6-1.03-.91-1.54-.18-.29-.35-.59-.53-.87-20.81-34.59-51.99-61.8-89.05-76.99,8.07-4.92,15.75-10.48,23.03-16.7,10.03-8.55,18.82-18.48,26.41-29.79,7.59-11.3,13.66-23.98,18.22-38.04,4.55-14.05,6.83-30.25,6.83-48.59v-1.84c0-50.72-18.76-91.05-56.28-121-37.53-29.94-89.22-44.92-155.09-44.92H224.43v641.69c52.65-140.08,131.51-246.84,243.94-310.96-1.85,3.21-3.65,6.4-5.41,9.58-35.34,34.84-57.37,84.01-57.37,138.5,0,105.66,82.82,191.31,184.99,191.31s184.99-85.65,184.99-191.31c0-33.81-8.49-65.56-23.37-93.11Z\"><\/path><\/svg>\t\t\t\t\t\t<\/span>\n\t\t\t\t\t\t\t\t\t\t<span class=\"elementor-icon-list-text\">Ekipman \/ Aksesuar<\/span>\n\t\t\t\t\t\t\t\t\t<\/li>\n\t\t\t\t\t\t<\/ul>\n\t\t\t\t\t\t<\/div>\n\t\t\t\t<\/div>\n\t\t\t\t\t<\/div>\n\t\t\t\t<\/div>\n\t\t\t\t<\/div>\n\t\t","protected":false},"excerpt":{"rendered":"<p>Hall 8 Stant B09 D\u00fcnyaca \u00fcnl\u00fc Marin, Mobil ve End\u00fcstriyel ekipman markalar\u0131 tek bir \u00e7at\u0131 alt\u0131nda, yenilik\u00e7i yerle\u015fik g\u00fc\u00e7 ve enerji sistemi \u00e7\u00f6z\u00fcmlerinde lider. \u00a0Art\u0131 Marin Mobil Enerji Sistemleri, deneyimli \u00e7al\u0131\u015fanlar\u0131 ile Denizcilik Sekt\u00f6r\u00fc i\u00e7in d\u00fcnyaca bilinen markalar\u0131 sunmaktad\u0131r. Art\u0131 Marin Mobile, G\u00fc\u00e7 Elektroni\u011fi, So\u011fuk su Klima sistemleri, Elektrikli ve Hidrolik pruva ve k\u0131\u00e7 \u0130ticileri, [&hellip;]<\/p>\n","protected":false},"featured_media":3613,"template":"","meta":{"inline_featured_image":false,"wds_primary_product_brand":0,"wds_primary_product_cat":0},"product_brand":[],"product_cat":[15],"product_tag":[],"class_list":{"0":"post-544","1":"product","2":"type-product","3":"status-publish","4":"has-post-thumbnail","6":"product_cat-uncategorized","8":"first","9":"instock","10":"shipping-taxable","11":"product-type-simple"},"_links":{"self":[{"href":"https:\/\/karayerlesim.bosphorusboatshow.com\/tr\/wp-json\/wp\/v2\/product\/544","targetHints":{"allow":["GET"]}}],"collection":[{"href":"https:\/\/karayerlesim.bosphorusboatshow.com\/tr\/wp-json\/wp\/v2\/product"}],"about":[{"href":"https:\/\/karayerlesim.bosphorusboatshow.com\/tr\/wp-json\/wp\/v2\/types\/product"}],"version-history":[{"count":23,"href":"https:\/\/karayerlesim.bosphorusboatshow.com\/tr\/wp-json\/wp\/v2\/product\/544\/revisions"}],"predecessor-version":[{"id":7967,"href":"https:\/\/karayerlesim.bosphorusboatshow.com\/tr\/wp-json\/wp\/v2\/product\/544\/revisions\/7967"}],"wp:featuredmedia":[{"embeddable":true,"href":"https:\/\/karayerlesim.bosphorusboatshow.com\/tr\/wp-json\/wp\/v2\/media\/3613"}],"wp:attachment":[{"href":"https:\/\/karayerlesim.bosphorusboatshow.com\/tr\/wp-json\/wp\/v2\/media?parent=544"}],"wp:term":[{"taxonomy":"product_brand","embeddable":true,"href":"https:\/\/karayerlesim.bosphorusboatshow.com\/tr\/wp-json\/wp\/v2\/product_brand?post=544"},{"taxonomy":"product_cat","embeddable":true,"href":"https:\/\/karayerlesim.bosphorusboatshow.com\/tr\/wp-json\/wp\/v2\/product_cat?post=544"},{"taxonomy":"product_tag","embeddable":true,"href":"https:\/\/karayerlesim.bosphorusboatshow.com\/tr\/wp-json\/wp\/v2\/product_tag?post=544"}],"curies":[{"name":"wp","href":"https:\/\/api.w.org\/{rel}","templated":true}]}}