{"id":515,"date":"2025-01-22T13:25:45","date_gmt":"2025-01-22T10:25:45","guid":{"rendered":"https:\/\/karayerlesim.bosphorusboatshow.com\/tr\/?post_type=product&#038;p=515"},"modified":"2025-02-07T09:50:57","modified_gmt":"2025-02-07T06:50:57","slug":"kuner-marine","status":"publish","type":"product","link":"https:\/\/karayerlesim.bosphorusboatshow.com\/tr\/katilimci-markalar\/kuner-marine\/","title":{"rendered":"Kuner Marine"},"content":{"rendered":"\t\t<div data-elementor-type=\"product-post\" data-elementor-id=\"515\" class=\"elementor elementor-515\" data-elementor-post-type=\"product\">\n\t\t\t\t<div data-particle_enable=\"false\" data-particle-mobile-disabled=\"false\" class=\"elementor-element elementor-element-85c7f27 e-flex e-con-boxed e-con e-parent\" data-id=\"85c7f27\" data-element_type=\"container\" data-e-type=\"container\">\n\t\t\t\t\t<div class=\"e-con-inner\">\n\t\t\t\t<div class=\"elementor-element elementor-element-ab9638f elementor-widget elementor-widget-button\" data-id=\"ab9638f\" data-element_type=\"widget\" data-e-type=\"widget\" data-widget_type=\"button.default\">\n\t\t\t\t<div class=\"elementor-widget-container\">\n\t\t\t\t\t\t\t\t\t<div class=\"elementor-button-wrapper\">\n\t\t\t\t\t<a class=\"elementor-button elementor-button-link elementor-size-sm\" href=\"https:\/\/karayerlesim.bosphorusboatshow.com\/tr\/\">\n\t\t\t\t\t\t<span class=\"elementor-button-content-wrapper\">\n\t\t\t\t\t\t<span class=\"elementor-button-icon\">\n\t\t\t\t<i aria-hidden=\"true\" class=\"fas fa-map-pin\"><\/i>\t\t\t<\/span>\n\t\t\t\t\t\t\t\t\t<span class=\"elementor-button-text\">Hall 3 Stant A06.1<\/span>\n\t\t\t\t\t<\/span>\n\t\t\t\t\t<\/a>\n\t\t\t\t<\/div>\n\t\t\t\t\t\t\t\t<\/div>\n\t\t\t\t<\/div>\n\t\t\t\t<div class=\"elementor-element elementor-element-90a3c77 elementor-widget elementor-widget-text-editor\" data-id=\"90a3c77\" data-element_type=\"widget\" data-e-type=\"widget\" data-widget_type=\"text-editor.default\">\n\t\t\t\t<div class=\"elementor-widget-container\">\n\t\t\t\t\t\t\t\t\t<div class=\"sc-bdvvtL eoVZzK jfAnswer-container\"><div class=\"sc-hKwDye egcdXp jfAnswer-answer-wrapper\"><div class=\"sc-gSQFLo gFhxtW jfAnswer-answer\">Vizyonumuz<\/div><div class=\"sc-gSQFLo gFhxtW jfAnswer-answer\">Flexiteek T\u00fcrkiye Tekne Kaplama Firmas\u0131 olarak, deniz tutkunlar\u0131n\u0131n denizde ge\u00e7irdikleri her an\u0131 daha keyifli ve unutulmaz k\u0131lmak i\u00e7in var\u0131z. Vizyonumuz, denizcilik d\u00fcnyas\u0131na estetik, konfor ve g\u00fcvenlik katmak, sekt\u00f6rde \u00f6nc\u00fc bir rol \u00fcstlenmek ve m\u00fc\u015fterilerimize en iyi deneyimi sunmak \u015feklindedir. Denizlerde s\u00fcrd\u00fcr\u00fclebilirli\u011fi destekleyen \u00e7\u00f6z\u00fcmler sunarak, gelecek nesillerin de bu g\u00fczellikleri ya\u015famas\u0131na yard\u0131mc\u0131 olmay\u0131 hedefliyoruz.<\/div><div>\u00a0<\/div><div class=\"sc-gSQFLo gFhxtW jfAnswer-answer\">Misyonumuz<\/div><div class=\"sc-gSQFLo gFhxtW jfAnswer-answer\">Misyonumuz, deniz tutkunlar\u0131n\u0131n hayallerini ger\u00e7ekle\u015ftirerek, her teknenin benzersiz \u00f6zelliklerini ve sahibinin tarz\u0131n\u0131 yans\u0131tan \u00f6zelle\u015ftirilmi\u015f kaplamalar sunmakt\u0131r. Uzman ekibimiz ve kaliteli malzemelerimizle, tekneleri sadece d\u0131\u015far\u0131dan de\u011fil i\u00e7eriden de \u015f\u0131k ve konforlu hale getirerek, denizcilik deneyimini en \u00fcst seviyeye ta\u015f\u0131may\u0131 ama\u00e7l\u0131yoruz. M\u00fc\u015fteri memnuniyetini odak noktam\u0131z olarak g\u00f6r\u00fcyor, s\u00fcrekli geli\u015fen teknoloji ve yenilikleri takip ederek sekt\u00f6rdeki liderli\u011fimizi s\u00fcrd\u00fcr\u00fclebilir k\u0131lmay\u0131 hedefliyoruz.<\/div><div class=\"sc-gSQFLo gFhxtW jfAnswer-answer\">Bu vizyon ve misyon beyanlar\u0131n\u0131z\u0131 \u015firketinizin \u00f6zelliklerine, de\u011ferlerine ve hedeflerine g\u00f6re \u00f6zelle\u015ftirerek kullanabilirsiniz.<\/div><div>\u00a0<\/div><div class=\"sc-gSQFLo gFhxtW jfAnswer-answer\">Kalite Anlay\u0131\u015f\u0131m\u0131z<\/div><div class=\"sc-gSQFLo gFhxtW jfAnswer-answer\">Flexiteek T\u00fcrkiye Tekne Kaplama Firmas\u0131 olarak, m\u00fc\u015fterilerimize en y\u00fcksek kalitede \u00fcr\u00fcnler ve hizmetler sunma taahh\u00fcd\u00fcyle hareket ediyoruz. Kalite, i\u015fimizin temel dire\u011fidir ve her a\u015famada s\u00fcrekli olarak sa\u011flanmas\u0131n\u0131 ama\u00e7lar.<\/div><div>\u00a0<\/div><div class=\"sc-gSQFLo gFhxtW jfAnswer-answer\">Dayan\u0131kl\u0131l\u0131k ve G\u00fcvenlik<\/div><div class=\"sc-gSQFLo gFhxtW jfAnswer-answer\">Kalitemizi \u00f6l\u00e7mek i\u00e7in i\u015flerimizin dayan\u0131kl\u0131l\u0131\u011f\u0131n\u0131 ve g\u00fcvenli\u011fini \u00f6nemli bir kriter olarak g\u00f6r\u00fcyoruz. \u00dcr\u00fcnlerimizin uzun \u00f6m\u00fcrl\u00fc olmas\u0131n\u0131 sa\u011flayarak m\u00fc\u015fterilerimize yat\u0131r\u0131mlar\u0131n\u0131n kar\u015f\u0131l\u0131\u011f\u0131n\u0131 en iyi \u015fekilde vermemizi sa\u011fl\u0131yoruz. Ayn\u0131 zamanda kaymaz y\u00fczeyler ve denizde g\u00fcvenli\u011fi art\u0131rmaya y\u00f6nelik \u00e7\u00f6z\u00fcmler sunarak kullan\u0131c\u0131lar\u0131n g\u00fcvenli\u011fini sa\u011flamaktan \u00f6d\u00fcn vermiyoruz.<\/div><\/div><\/div>\t\t\t\t\t\t\t\t<\/div>\n\t\t\t\t<\/div>\n\t\t<div data-particle_enable=\"false\" data-particle-mobile-disabled=\"false\" class=\"elementor-element elementor-element-d88b0fc e-flex e-con-boxed e-con e-child\" data-id=\"d88b0fc\" data-element_type=\"container\" data-e-type=\"container\">\n\t\t\t\t\t<div class=\"e-con-inner\">\n\t\t\t\t<div class=\"elementor-element elementor-element-64c91c5 elementor-widget elementor-widget-text-editor\" data-id=\"64c91c5\" data-element_type=\"widget\" data-e-type=\"widget\" data-widget_type=\"text-editor.default\">\n\t\t\t\t<div class=\"elementor-widget-container\">\n\t\t\t\t\t\t\t\t\t<p><a href=\"https:\/\/www.kunermarine.com\/\">https:\/\/www.kunermarine.com\/<\/a><\/p>\t\t\t\t\t\t\t\t<\/div>\n\t\t\t\t<\/div>\n\t\t\t\t\t<\/div>\n\t\t\t\t<\/div>\n\t\t\t\t\t<\/div>\n\t\t\t\t<\/div>\n\t\t<div data-particle_enable=\"false\" data-particle-mobile-disabled=\"false\" class=\"elementor-element elementor-element-9324c5b e-flex e-con-boxed e-con e-parent\" data-id=\"9324c5b\" data-element_type=\"container\" data-e-type=\"container\">\n\t\t\t\t\t<div class=\"e-con-inner\">\n\t\t\t\t<div class=\"elementor-element elementor-element-8b797c0 elementor-widget-divider--view-line elementor-widget elementor-widget-divider\" data-id=\"8b797c0\" data-element_type=\"widget\" data-e-type=\"widget\" data-widget_type=\"divider.default\">\n\t\t\t\t<div class=\"elementor-widget-container\">\n\t\t\t\t\t\t\t<div class=\"elementor-divider\">\n\t\t\t<span class=\"elementor-divider-separator\">\n\t\t\t\t\t\t<\/span>\n\t\t<\/div>\n\t\t\t\t\t\t<\/div>\n\t\t\t\t<\/div>\n\t\t\t\t\t<\/div>\n\t\t\t\t<\/div>\n\t\t<div data-particle_enable=\"false\" data-particle-mobile-disabled=\"false\" class=\"elementor-element elementor-element-e77fef2 e-flex e-con-boxed e-con e-parent\" data-id=\"e77fef2\" data-element_type=\"container\" data-e-type=\"container\">\n\t\t\t\t\t<div class=\"e-con-inner\">\n\t\t\t\t<div class=\"elementor-element elementor-element-a8e0cd6 elementor-widget elementor-widget-gallery\" data-id=\"a8e0cd6\" data-element_type=\"widget\" data-e-type=\"widget\" data-settings=\"{&quot;columns&quot;:3,&quot;gallery_layout&quot;:&quot;grid&quot;,&quot;columns_tablet&quot;:2,&quot;columns_mobile&quot;:1,&quot;gap&quot;:{&quot;unit&quot;:&quot;px&quot;,&quot;size&quot;:10,&quot;sizes&quot;:[]},&quot;gap_tablet&quot;:{&quot;unit&quot;:&quot;px&quot;,&quot;size&quot;:10,&quot;sizes&quot;:[]},&quot;gap_mobile&quot;:{&quot;unit&quot;:&quot;px&quot;,&quot;size&quot;:10,&quot;sizes&quot;:[]},&quot;link_to&quot;:&quot;file&quot;,&quot;aspect_ratio&quot;:&quot;3:2&quot;,&quot;overlay_background&quot;:&quot;yes&quot;,&quot;content_hover_animation&quot;:&quot;fade-in&quot;}\" data-widget_type=\"gallery.default\">\n\t\t\t\t<div class=\"elementor-widget-container\">\n\t\t\t\t\t\t\t<div class=\"elementor-gallery__container\">\n\t\t\t\t\t\t\t<a class=\"e-gallery-item elementor-gallery-item elementor-animated-content\" href=\"https:\/\/karayerlesim.bosphorusboatshow.com\/wp-content\/uploads\/sites\/4\/2025\/02\/flexSON.jpg\" data-elementor-open-lightbox=\"yes\" data-elementor-lightbox-slideshow=\"a8e0cd6\" data-elementor-lightbox-title=\"flexSON\" data-e-action-hash=\"#elementor-action%3Aaction%3Dlightbox%26settings%3DeyJpZCI6MTAwMTcsInVybCI6Imh0dHBzOlwvXC9rYXJheWVybGVzaW0uYm9zcGhvcnVzYm9hdHNob3cuY29tXC93cC1jb250ZW50XC91cGxvYWRzXC9zaXRlc1wvNFwvMjAyNVwvMDJcL2ZsZXhTT04uanBnIiwic2xpZGVzaG93IjoiYThlMGNkNiJ9\">\n\t\t\t\t\t<div class=\"e-gallery-image elementor-gallery-item__image\" data-thumbnail=\"https:\/\/karayerlesim.bosphorusboatshow.com\/wp-content\/uploads\/sites\/4\/2025\/02\/flexSON-169x300.jpg\" data-width=\"169\" data-height=\"300\" aria-label=\"\" role=\"img\" ><\/div>\n\t\t\t\t\t\t\t\t\t\t\t<div class=\"elementor-gallery-item__overlay\"><\/div>\n\t\t\t\t\t\t\t\t\t\t\t\t\t\t<\/a>\n\t\t\t\t\t\t\t<a class=\"e-gallery-item elementor-gallery-item elementor-animated-content\" href=\"https:\/\/karayerlesim.bosphorusboatshow.com\/wp-content\/uploads\/sites\/4\/2024\/01\/Siteye-optimize-resimp_0005_20220421_151259.jpg\" data-elementor-open-lightbox=\"yes\" data-elementor-lightbox-slideshow=\"a8e0cd6\" data-elementor-lightbox-title=\"Siteye optimize resimp_0005_20220421_151259\" data-e-action-hash=\"#elementor-action%3Aaction%3Dlightbox%26settings%3DeyJpZCI6MjgzNSwidXJsIjoiaHR0cHM6XC9cL2thcmF5ZXJsZXNpbS5ib3NwaG9ydXNib2F0c2hvdy5jb21cL3dwLWNvbnRlbnRcL3VwbG9hZHNcL3NpdGVzXC80XC8yMDI0XC8wMVwvU2l0ZXllLW9wdGltaXplLXJlc2ltcF8wMDA1XzIwMjIwNDIxXzE1MTI1OS5qcGciLCJzbGlkZXNob3ciOiJhOGUwY2Q2In0%3D\">\n\t\t\t\t\t<div class=\"e-gallery-image elementor-gallery-item__image\" data-thumbnail=\"https:\/\/karayerlesim.bosphorusboatshow.com\/wp-content\/uploads\/sites\/4\/2024\/01\/Siteye-optimize-resimp_0005_20220421_151259-300x169.jpg\" data-width=\"300\" data-height=\"169\" aria-label=\"\" role=\"img\" ><\/div>\n\t\t\t\t\t\t\t\t\t\t\t<div class=\"elementor-gallery-item__overlay\"><\/div>\n\t\t\t\t\t\t\t\t\t\t\t\t\t\t<\/a>\n\t\t\t\t\t\t\t<a class=\"e-gallery-item elementor-gallery-item elementor-animated-content\" href=\"https:\/\/karayerlesim.bosphorusboatshow.com\/wp-content\/uploads\/sites\/4\/2024\/01\/Siteye-optimize-resimp_0001_IMG_7673.jpg\" data-elementor-open-lightbox=\"yes\" data-elementor-lightbox-slideshow=\"a8e0cd6\" data-elementor-lightbox-title=\"Siteye optimize resimp_0001_IMG_7673\" data-e-action-hash=\"#elementor-action%3Aaction%3Dlightbox%26settings%3DeyJpZCI6MjgzOSwidXJsIjoiaHR0cHM6XC9cL2thcmF5ZXJsZXNpbS5ib3NwaG9ydXNib2F0c2hvdy5jb21cL3dwLWNvbnRlbnRcL3VwbG9hZHNcL3NpdGVzXC80XC8yMDI0XC8wMVwvU2l0ZXllLW9wdGltaXplLXJlc2ltcF8wMDAxX0lNR183NjczLmpwZyIsInNsaWRlc2hvdyI6ImE4ZTBjZDYifQ%3D%3D\">\n\t\t\t\t\t<div class=\"e-gallery-image elementor-gallery-item__image\" data-thumbnail=\"https:\/\/karayerlesim.bosphorusboatshow.com\/wp-content\/uploads\/sites\/4\/2024\/01\/Siteye-optimize-resimp_0001_IMG_7673-300x169.jpg\" data-width=\"300\" data-height=\"169\" aria-label=\"\" role=\"img\" ><\/div>\n\t\t\t\t\t\t\t\t\t\t\t<div class=\"elementor-gallery-item__overlay\"><\/div>\n\t\t\t\t\t\t\t\t\t\t\t\t\t\t<\/a>\n\t\t\t\t\t\t\t<a class=\"e-gallery-item elementor-gallery-item elementor-animated-content\" href=\"https:\/\/karayerlesim.bosphorusboatshow.com\/wp-content\/uploads\/sites\/4\/2024\/01\/Siteye-optimize-resimp_0002_IMG-20240113-WA0012.jpg\" data-elementor-open-lightbox=\"yes\" data-elementor-lightbox-slideshow=\"a8e0cd6\" data-elementor-lightbox-title=\"Siteye optimize resimp_0002_IMG-20240113-WA0012\" data-e-action-hash=\"#elementor-action%3Aaction%3Dlightbox%26settings%3DeyJpZCI6Mjg0MSwidXJsIjoiaHR0cHM6XC9cL2thcmF5ZXJsZXNpbS5ib3NwaG9ydXNib2F0c2hvdy5jb21cL3dwLWNvbnRlbnRcL3VwbG9hZHNcL3NpdGVzXC80XC8yMDI0XC8wMVwvU2l0ZXllLW9wdGltaXplLXJlc2ltcF8wMDAyX0lNRy0yMDI0MDExMy1XQTAwMTIuanBnIiwic2xpZGVzaG93IjoiYThlMGNkNiJ9\">\n\t\t\t\t\t<div class=\"e-gallery-image elementor-gallery-item__image\" data-thumbnail=\"https:\/\/karayerlesim.bosphorusboatshow.com\/wp-content\/uploads\/sites\/4\/2024\/01\/Siteye-optimize-resimp_0002_IMG-20240113-WA0012-300x169.jpg\" data-width=\"300\" data-height=\"169\" aria-label=\"\" role=\"img\" ><\/div>\n\t\t\t\t\t\t\t\t\t\t\t<div class=\"elementor-gallery-item__overlay\"><\/div>\n\t\t\t\t\t\t\t\t\t\t\t\t\t\t<\/a>\n\t\t\t\t\t\t\t<a class=\"e-gallery-item elementor-gallery-item elementor-animated-content\" href=\"https:\/\/karayerlesim.bosphorusboatshow.com\/wp-content\/uploads\/sites\/4\/2024\/01\/Siteye-optimize-resimp_0003_IMG-20240113-WA0013.jpg\" data-elementor-open-lightbox=\"yes\" data-elementor-lightbox-slideshow=\"a8e0cd6\" data-elementor-lightbox-title=\"Siteye optimize resimp_0003_IMG-20240113-WA0013\" data-e-action-hash=\"#elementor-action%3Aaction%3Dlightbox%26settings%3DeyJpZCI6MjgzMSwidXJsIjoiaHR0cHM6XC9cL2thcmF5ZXJsZXNpbS5ib3NwaG9ydXNib2F0c2hvdy5jb21cL3dwLWNvbnRlbnRcL3VwbG9hZHNcL3NpdGVzXC80XC8yMDI0XC8wMVwvU2l0ZXllLW9wdGltaXplLXJlc2ltcF8wMDAzX0lNRy0yMDI0MDExMy1XQTAwMTMuanBnIiwic2xpZGVzaG93IjoiYThlMGNkNiJ9\">\n\t\t\t\t\t<div class=\"e-gallery-image elementor-gallery-item__image\" data-thumbnail=\"https:\/\/karayerlesim.bosphorusboatshow.com\/wp-content\/uploads\/sites\/4\/2024\/01\/Siteye-optimize-resimp_0003_IMG-20240113-WA0013-300x169.jpg\" data-width=\"300\" data-height=\"169\" aria-label=\"\" role=\"img\" ><\/div>\n\t\t\t\t\t\t\t\t\t\t\t<div class=\"elementor-gallery-item__overlay\"><\/div>\n\t\t\t\t\t\t\t\t\t\t\t\t\t\t<\/a>\n\t\t\t\t\t\t\t<a class=\"e-gallery-item elementor-gallery-item elementor-animated-content\" href=\"https:\/\/karayerlesim.bosphorusboatshow.com\/wp-content\/uploads\/sites\/4\/2024\/01\/Siteye-optimize-resimp_0004_20210702_104512.jpg\" data-elementor-open-lightbox=\"yes\" data-elementor-lightbox-slideshow=\"a8e0cd6\" data-elementor-lightbox-title=\"Siteye optimize resimp_0004_20210702_104512\" data-e-action-hash=\"#elementor-action%3Aaction%3Dlightbox%26settings%3DeyJpZCI6MjgzMywidXJsIjoiaHR0cHM6XC9cL2thcmF5ZXJsZXNpbS5ib3NwaG9ydXNib2F0c2hvdy5jb21cL3dwLWNvbnRlbnRcL3VwbG9hZHNcL3NpdGVzXC80XC8yMDI0XC8wMVwvU2l0ZXllLW9wdGltaXplLXJlc2ltcF8wMDA0XzIwMjEwNzAyXzEwNDUxMi5qcGciLCJzbGlkZXNob3ciOiJhOGUwY2Q2In0%3D\">\n\t\t\t\t\t<div class=\"e-gallery-image elementor-gallery-item__image\" data-thumbnail=\"https:\/\/karayerlesim.bosphorusboatshow.com\/wp-content\/uploads\/sites\/4\/2024\/01\/Siteye-optimize-resimp_0004_20210702_104512-300x169.jpg\" data-width=\"300\" data-height=\"169\" aria-label=\"\" role=\"img\" ><\/div>\n\t\t\t\t\t\t\t\t\t\t\t<div class=\"elementor-gallery-item__overlay\"><\/div>\n\t\t\t\t\t\t\t\t\t\t\t\t\t\t<\/a>\n\t\t\t\t\t<\/div>\n\t\t\t\t\t<\/div>\n\t\t\t\t<\/div>\n\t\t\t\t<div class=\"elementor-element elementor-element-ac4ab3c elementor-widget-divider--view-line elementor-widget elementor-widget-divider\" data-id=\"ac4ab3c\" data-element_type=\"widget\" data-e-type=\"widget\" data-widget_type=\"divider.default\">\n\t\t\t\t<div class=\"elementor-widget-container\">\n\t\t\t\t\t\t\t<div class=\"elementor-divider\">\n\t\t\t<span class=\"elementor-divider-separator\">\n\t\t\t\t\t\t<\/span>\n\t\t<\/div>\n\t\t\t\t\t\t<\/div>\n\t\t\t\t<\/div>\n\t\t\t\t\t<\/div>\n\t\t\t\t<\/div>\n\t\t<div data-particle_enable=\"false\" data-particle-mobile-disabled=\"false\" class=\"elementor-element elementor-element-a736cad e-flex e-con-boxed e-con e-parent\" data-id=\"a736cad\" data-element_type=\"container\" data-e-type=\"container\">\n\t\t\t\t\t<div class=\"e-con-inner\">\n\t\t\t\t<div class=\"elementor-element elementor-element-572ec28 elementor-widget elementor-widget-heading\" data-id=\"572ec28\" data-element_type=\"widget\" data-e-type=\"widget\" data-widget_type=\"heading.default\">\n\t\t\t\t<div class=\"elementor-widget-container\">\n\t\t\t\t\t<h4 class=\"elementor-heading-title elementor-size-default\">Kat\u0131l\u0131mc\u0131 Kategorileri<\/h4>\t\t\t\t<\/div>\n\t\t\t\t<\/div>\n\t\t\t\t<div class=\"elementor-element elementor-element-2e0651b elementor-icon-list--layout-inline elementor-list-item-link-full_width elementor-widget elementor-widget-icon-list\" data-id=\"2e0651b\" data-element_type=\"widget\" data-e-type=\"widget\" data-widget_type=\"icon-list.default\">\n\t\t\t\t<div class=\"elementor-widget-container\">\n\t\t\t\t\t\t\t<ul class=\"elementor-icon-list-items elementor-inline-items\">\n\t\t\t\t\t\t\t<li class=\"elementor-icon-list-item elementor-inline-item\">\n\t\t\t\t\t\t\t\t\t\t\t<span class=\"elementor-icon-list-icon\">\n\t\t\t\t\t\t\t<svg xmlns=\"http:\/\/www.w3.org\/2000\/svg\" id=\"Layer_1\" data-name=\"Layer 1\" viewBox=\"0 0 1000 1000\"><defs><style>      .cls-1 {        fill: #fff;      }      .cls-1, .cls-2 {        stroke-width: 0px;      }      .cls-2 {        fill: #832880;      }    <\/style><\/defs><circle class=\"cls-2\" cx=\"500\" cy=\"500\" r=\"500\"><\/circle><path class=\"cls-1\" d=\"M752.2,550.63c-.97-1.84-1.97-3.64-3.02-5.4-.3-.51-.6-1.03-.91-1.54-.18-.29-.35-.59-.53-.87-20.81-34.59-51.99-61.8-89.05-76.99,8.07-4.92,15.75-10.48,23.03-16.7,10.03-8.55,18.82-18.48,26.41-29.79,7.59-11.3,13.66-23.98,18.22-38.04,4.55-14.05,6.83-30.25,6.83-48.59v-1.84c0-50.72-18.76-91.05-56.28-121-37.53-29.94-89.22-44.92-155.09-44.92H224.43v641.69c52.65-140.08,131.51-246.84,243.94-310.96-1.85,3.21-3.65,6.4-5.41,9.58-35.34,34.84-57.37,84.01-57.37,138.5,0,105.66,82.82,191.31,184.99,191.31s184.99-85.65,184.99-191.31c0-33.81-8.49-65.56-23.37-93.11Z\"><\/path><\/svg>\t\t\t\t\t\t<\/span>\n\t\t\t\t\t\t\t\t\t\t<span class=\"elementor-icon-list-text\">Ekipman \/ Aksesuar<\/span>\n\t\t\t\t\t\t\t\t\t<\/li>\n\t\t\t\t\t\t\t\t<li class=\"elementor-icon-list-item elementor-inline-item\">\n\t\t\t\t\t\t\t\t\t\t\t<span class=\"elementor-icon-list-icon\">\n\t\t\t\t\t\t\t<svg xmlns=\"http:\/\/www.w3.org\/2000\/svg\" id=\"Layer_1\" data-name=\"Layer 1\" viewBox=\"0 0 1000 1000\"><defs><style>      .cls-1 {        fill: #fff;      }      .cls-1, .cls-2 {        stroke-width: 0px;      }      .cls-2 {        fill: #832880;      }    <\/style><\/defs><circle class=\"cls-2\" cx=\"500\" cy=\"500\" r=\"500\"><\/circle><path class=\"cls-1\" d=\"M752.2,550.63c-.97-1.84-1.97-3.64-3.02-5.4-.3-.51-.6-1.03-.91-1.54-.18-.29-.35-.59-.53-.87-20.81-34.59-51.99-61.8-89.05-76.99,8.07-4.92,15.75-10.48,23.03-16.7,10.03-8.55,18.82-18.48,26.41-29.79,7.59-11.3,13.66-23.98,18.22-38.04,4.55-14.05,6.83-30.25,6.83-48.59v-1.84c0-50.72-18.76-91.05-56.28-121-37.53-29.94-89.22-44.92-155.09-44.92H224.43v641.69c52.65-140.08,131.51-246.84,243.94-310.96-1.85,3.21-3.65,6.4-5.41,9.58-35.34,34.84-57.37,84.01-57.37,138.5,0,105.66,82.82,191.31,184.99,191.31s184.99-85.65,184.99-191.31c0-33.81-8.49-65.56-23.37-93.11Z\"><\/path><\/svg>\t\t\t\t\t\t<\/span>\n\t\t\t\t\t\t\t\t\t\t<span class=\"elementor-icon-list-text\">Hizmet<\/span>\n\t\t\t\t\t\t\t\t\t<\/li>\n\t\t\t\t\t\t<\/ul>\n\t\t\t\t\t\t<\/div>\n\t\t\t\t<\/div>\n\t\t\t\t\t<\/div>\n\t\t\t\t<\/div>\n\t\t\t\t<\/div>\n\t\t","protected":false},"excerpt":{"rendered":"<p>Hall 3 Stant A06.1 VizyonumuzFlexiteek T\u00fcrkiye Tekne Kaplama Firmas\u0131 olarak, deniz tutkunlar\u0131n\u0131n denizde ge\u00e7irdikleri her an\u0131 daha keyifli ve unutulmaz k\u0131lmak i\u00e7in var\u0131z. Vizyonumuz, denizcilik d\u00fcnyas\u0131na estetik, konfor ve g\u00fcvenlik katmak, sekt\u00f6rde \u00f6nc\u00fc bir rol \u00fcstlenmek ve m\u00fc\u015fterilerimize en iyi deneyimi sunmak \u015feklindedir. Denizlerde s\u00fcrd\u00fcr\u00fclebilirli\u011fi destekleyen \u00e7\u00f6z\u00fcmler sunarak, gelecek nesillerin de bu g\u00fczellikleri ya\u015famas\u0131na yard\u0131mc\u0131 [&hellip;]<\/p>\n","protected":false},"featured_media":10024,"template":"","meta":{"inline_featured_image":false,"wds_primary_product_brand":0,"wds_primary_product_cat":0},"product_brand":[],"product_cat":[15],"product_tag":[],"class_list":{"0":"post-515","1":"product","2":"type-product","3":"status-publish","4":"has-post-thumbnail","6":"product_cat-uncategorized","8":"first","9":"instock","10":"shipping-taxable","11":"product-type-simple"},"_links":{"self":[{"href":"https:\/\/karayerlesim.bosphorusboatshow.com\/tr\/wp-json\/wp\/v2\/product\/515","targetHints":{"allow":["GET"]}}],"collection":[{"href":"https:\/\/karayerlesim.bosphorusboatshow.com\/tr\/wp-json\/wp\/v2\/product"}],"about":[{"href":"https:\/\/karayerlesim.bosphorusboatshow.com\/tr\/wp-json\/wp\/v2\/types\/product"}],"version-history":[{"count":36,"href":"https:\/\/karayerlesim.bosphorusboatshow.com\/tr\/wp-json\/wp\/v2\/product\/515\/revisions"}],"predecessor-version":[{"id":10124,"href":"https:\/\/karayerlesim.bosphorusboatshow.com\/tr\/wp-json\/wp\/v2\/product\/515\/revisions\/10124"}],"wp:featuredmedia":[{"embeddable":true,"href":"https:\/\/karayerlesim.bosphorusboatshow.com\/tr\/wp-json\/wp\/v2\/media\/10024"}],"wp:attachment":[{"href":"https:\/\/karayerlesim.bosphorusboatshow.com\/tr\/wp-json\/wp\/v2\/media?parent=515"}],"wp:term":[{"taxonomy":"product_brand","embeddable":true,"href":"https:\/\/karayerlesim.bosphorusboatshow.com\/tr\/wp-json\/wp\/v2\/product_brand?post=515"},{"taxonomy":"product_cat","embeddable":true,"href":"https:\/\/karayerlesim.bosphorusboatshow.com\/tr\/wp-json\/wp\/v2\/product_cat?post=515"},{"taxonomy":"product_tag","embeddable":true,"href":"https:\/\/karayerlesim.bosphorusboatshow.com\/tr\/wp-json\/wp\/v2\/product_tag?post=515"}],"curies":[{"name":"wp","href":"https:\/\/api.w.org\/{rel}","templated":true}]}}