{"id":485,"date":"2023-11-30T17:45:54","date_gmt":"2023-11-30T14:45:54","guid":{"rendered":"https:\/\/karayerlesim.bosphorusboatshow.com\/tr\/?post_type=product&#038;p=485"},"modified":"2025-01-21T14:22:56","modified_gmt":"2025-01-21T11:22:56","slug":"seamar-watermakers","status":"publish","type":"product","link":"https:\/\/karayerlesim.bosphorusboatshow.com\/tr\/katilimci-markalar\/seamar-watermakers\/","title":{"rendered":"Seamar Watermarkers"},"content":{"rendered":"\t\t<div data-elementor-type=\"product-post\" data-elementor-id=\"485\" class=\"elementor elementor-485\" data-elementor-post-type=\"product\">\n\t\t\t\t<div data-particle_enable=\"false\" data-particle-mobile-disabled=\"false\" class=\"elementor-element elementor-element-0e3800f e-flex e-con-boxed e-con e-parent\" data-id=\"0e3800f\" data-element_type=\"container\" data-e-type=\"container\">\n\t\t\t\t\t<div class=\"e-con-inner\">\n\t\t\t\t<div class=\"elementor-element elementor-element-aec3077 elementor-widget elementor-widget-button\" data-id=\"aec3077\" data-element_type=\"widget\" data-e-type=\"widget\" data-widget_type=\"button.default\">\n\t\t\t\t<div class=\"elementor-widget-container\">\n\t\t\t\t\t\t\t\t\t<div class=\"elementor-button-wrapper\">\n\t\t\t\t\t<a class=\"elementor-button elementor-button-link elementor-size-sm\" href=\"https:\/\/karayerlesim.bosphorusboatshow.com\/tr\/\">\n\t\t\t\t\t\t<span class=\"elementor-button-content-wrapper\">\n\t\t\t\t\t\t<span class=\"elementor-button-icon\">\n\t\t\t\t<i aria-hidden=\"true\" class=\"fas fa-map-pin\"><\/i>\t\t\t<\/span>\n\t\t\t\t\t\t\t\t\t<span class=\"elementor-button-text\">Hall 8 Stant C12.A<\/span>\n\t\t\t\t\t<\/span>\n\t\t\t\t\t<\/a>\n\t\t\t\t<\/div>\n\t\t\t\t\t\t\t\t<\/div>\n\t\t\t\t<\/div>\n\t\t\t\t<div class=\"elementor-element elementor-element-b2d8a22 elementor-widget elementor-widget-text-editor\" data-id=\"b2d8a22\" data-element_type=\"widget\" data-e-type=\"widget\" data-widget_type=\"text-editor.default\">\n\t\t\t\t<div class=\"elementor-widget-container\">\n\t\t\t\t\t\t\t\t\t<p>Seamar Watermakers, AsTeknik Marine olarak 1993 senesinde Ku\u015fadas\u0131 Turban Marina\u2019da ilk faaliyetlerine ba\u015flam\u0131\u015ft\u0131r. Tekne iklimlendirme, \u0131s\u0131tma ve so\u011futma konular\u0131nda uzmanla\u015fan firmam\u0131z 2004 senesinden itibaren Marmaris\u2019te su yap\u0131c\u0131 konusunda faaliyet g\u00f6stermi\u015ftir. 2010 y\u0131l\u0131ndan itibaren ise kendi \u00fcretimi olan Seamar Watermakers su yap\u0131c\u0131lar\u0131n\u0131 ve yedek par\u00e7alar\u0131n\u0131n imalat\u0131na ba\u015flam\u0131\u015ft\u0131r. Denizcilik sekt\u00f6r\u00fcndeki uzun y\u0131llara dayanan tecr\u00fcbesi ile 2015 y\u0131l\u0131nda \u015firket yap\u0131lanmas\u0131n\u0131 olu\u015fturarak kurumsal kimli\u011fine b\u00fcr\u00fcnm\u00fc\u015ft\u00fcr. Y\u00fcksek talep do\u011frultusunda, 2018y\u0131l\u0131nda \u0130zmir Fabrikas\u0131n\u0131 kurarak \u00fcretimini geni\u015fletmi\u015f, geni\u015fleyen faaliyet ve y\u00fcksek ihracat taleplerinden dolay\u0131 merkezini 2019 y\u0131l\u0131nda \u0130stanbul\u2019a ta\u015f\u0131m\u0131\u015ft\u0131r. Seamar A.\u015e. kurdu\u011fu FRP (Fiber Reinforced Plastic) fabrikas\u0131nda, \u00fcretim yelpazesine y\u00fcksek bas\u0131n\u00e7 filtre kab\u0131 (Housing) imalat\u0131n\u0131 da ekleyerek m\u00fc\u015fterilerine daha ekonomik \u00fcr\u00fcnler sunmay\u0131 hedeflemi\u015ftir. Motor yat, gemi ve kara-tabanl\u0131 su ar\u0131tma sistemlerinde uzmanla\u015fan kadrosuyla, k\u0131sa s\u00fcrede mali yap\u0131s\u0131n\u0131 daha da g\u00fc\u00e7lendirmi\u015f, 2021 y\u0131l\u0131nda nevi de\u011fi\u015fikli\u011fi ile Anonim \u015eirketi\u2019ne ge\u00e7erek sekt\u00f6rde lider konuma ula\u015fm\u0131\u015ft\u0131r. Evrensel de\u011ferlere sad\u0131k ve \u00e7evreye duyarl\u0131 kurumsal firmam\u0131z, yapt\u0131\u011f\u0131 projelerle her zaman m\u00fchendislik hizmetini ve kaliteyi \u00f6n planda tutmu\u015ftur. Y\u0131llar i\u00e7erisinde edindi\u011fi bilgi birikimi ve tecr\u00fcbe ile bug\u00fcn y\u00fcksek oranda ihracat yapan bir firma konumuna gelerek, varl\u0131\u011f\u0131n\u0131 daha g\u00fc\u00e7l\u00fc bir \u015fekilde s\u00fcrd\u00fcrmeye ba\u015flam\u0131\u015ft\u0131r. Sekt\u00f6r\u00fcnde kendi \u00fcretim fabrikas\u0131 bulunan ender firmalardan birisi olarak, t\u00fcm teknik donan\u0131m ve teknolojik alt yap\u0131s\u0131 ile uluslararas\u0131 hizmet sunmaktad\u0131r. Yurti\u00e7i ve yurtd\u0131\u015f\u0131nda, d\u00fcnya teknolojileriyle rekabet edebilecek d\u00fczeyde olan firmam\u0131z, \u00fcretim fabrikas\u0131n\u0131n yan\u0131 s\u0131ra uzman kadrosuyla da m\u00fc\u015fterilerinin \u00f6ncelik sebebidir. Sekt\u00f6r\u00fcn\u00fcn \u00f6nc\u00fcs\u00fc olarak, t\u00fcm projelerimizde do\u011fru te\u015fhis ve ba\u015far\u0131l\u0131 sonu\u00e7lar elde edebilmek i\u00e7in uzman kadromuzla beraber destek vermekteyiz. Su ar\u0131tma sistemleri denildi\u011finde, T\u00fcrkiye\u2019de akla ilk gelen firmalardan biri olman\u0131n yan\u0131 s\u0131ra, imalat\u0131n\u0131 yapt\u0131\u011f\u0131m\u0131z ters ozmos sistemleri Avrupa ve Ortado\u011fu\u2019da aran\u0131r ve be\u011fenilir hale gelmi\u015ftir.<\/p>\t\t\t\t\t\t\t\t<\/div>\n\t\t\t\t<\/div>\n\t\t<div data-particle_enable=\"false\" data-particle-mobile-disabled=\"false\" class=\"elementor-element elementor-element-6fd0f8e e-flex e-con-boxed e-con e-child\" data-id=\"6fd0f8e\" data-element_type=\"container\" data-e-type=\"container\">\n\t\t\t\t\t<div class=\"e-con-inner\">\n\t\t\t\t<div class=\"elementor-element elementor-element-ccf65a2 elementor-widget elementor-widget-text-editor\" data-id=\"ccf65a2\" data-element_type=\"widget\" data-e-type=\"widget\" data-widget_type=\"text-editor.default\">\n\t\t\t\t<div class=\"elementor-widget-container\">\n\t\t\t\t\t\t\t\t\t<p><strong><a href=\"http:\/\/www.seamar.com.tr\">www.seamar.com.tr<\/a><\/strong><\/p>\t\t\t\t\t\t\t\t<\/div>\n\t\t\t\t<\/div>\n\t\t\t\t\t<\/div>\n\t\t\t\t<\/div>\n\t\t\t\t\t<\/div>\n\t\t\t\t<\/div>\n\t\t<div data-particle_enable=\"false\" data-particle-mobile-disabled=\"false\" class=\"elementor-element elementor-element-df457a2 e-flex e-con-boxed e-con e-parent\" data-id=\"df457a2\" data-element_type=\"container\" data-e-type=\"container\">\n\t\t\t\t\t<div class=\"e-con-inner\">\n\t\t\t\t<div class=\"elementor-element elementor-element-a8c8663 elementor-widget-divider--view-line elementor-widget elementor-widget-divider\" data-id=\"a8c8663\" data-element_type=\"widget\" data-e-type=\"widget\" data-widget_type=\"divider.default\">\n\t\t\t\t<div class=\"elementor-widget-container\">\n\t\t\t\t\t\t\t<div class=\"elementor-divider\">\n\t\t\t<span class=\"elementor-divider-separator\">\n\t\t\t\t\t\t<\/span>\n\t\t<\/div>\n\t\t\t\t\t\t<\/div>\n\t\t\t\t<\/div>\n\t\t\t\t\t<\/div>\n\t\t\t\t<\/div>\n\t\t<div data-particle_enable=\"false\" data-particle-mobile-disabled=\"false\" class=\"elementor-element elementor-element-17ba243 e-flex e-con-boxed e-con e-parent\" data-id=\"17ba243\" data-element_type=\"container\" data-e-type=\"container\">\n\t\t\t\t\t<div class=\"e-con-inner\">\n\t\t\t\t<div class=\"elementor-element elementor-element-de5562d elementor-widget elementor-widget-gallery\" data-id=\"de5562d\" data-element_type=\"widget\" data-e-type=\"widget\" data-settings=\"{&quot;columns&quot;:3,&quot;gallery_layout&quot;:&quot;grid&quot;,&quot;columns_tablet&quot;:2,&quot;columns_mobile&quot;:1,&quot;gap&quot;:{&quot;unit&quot;:&quot;px&quot;,&quot;size&quot;:10,&quot;sizes&quot;:[]},&quot;gap_tablet&quot;:{&quot;unit&quot;:&quot;px&quot;,&quot;size&quot;:10,&quot;sizes&quot;:[]},&quot;gap_mobile&quot;:{&quot;unit&quot;:&quot;px&quot;,&quot;size&quot;:10,&quot;sizes&quot;:[]},&quot;link_to&quot;:&quot;file&quot;,&quot;aspect_ratio&quot;:&quot;3:2&quot;,&quot;overlay_background&quot;:&quot;yes&quot;,&quot;content_hover_animation&quot;:&quot;fade-in&quot;}\" data-widget_type=\"gallery.default\">\n\t\t\t\t<div class=\"elementor-widget-container\">\n\t\t\t\t\t\t\t<div class=\"elementor-gallery__container\">\n\t\t\t\t\t\t\t<a class=\"e-gallery-item elementor-gallery-item elementor-animated-content\" href=\"https:\/\/karayerlesim.bosphorusboatshow.com\/wp-content\/uploads\/sites\/4\/2024\/01\/Untitled-1_0000s_0001_seamar-no3-200x150-kopya.jpg\" data-elementor-open-lightbox=\"yes\" data-elementor-lightbox-slideshow=\"de5562d\" data-elementor-lightbox-title=\"Untitled-1_0000s_0001_seamar no3 200x150 kopya\" data-e-action-hash=\"#elementor-action%3Aaction%3Dlightbox%26settings%3DeyJpZCI6MzUxNywidXJsIjoiaHR0cHM6XC9cL2thcmF5ZXJsZXNpbS5ib3NwaG9ydXNib2F0c2hvdy5jb21cL3dwLWNvbnRlbnRcL3VwbG9hZHNcL3NpdGVzXC80XC8yMDI0XC8wMVwvVW50aXRsZWQtMV8wMDAwc18wMDAxX3NlYW1hci1ubzMtMjAweDE1MC1rb3B5YS5qcGciLCJzbGlkZXNob3ciOiJkZTU1NjJkIn0%3D\">\n\t\t\t\t\t<div class=\"e-gallery-image elementor-gallery-item__image\" data-thumbnail=\"https:\/\/karayerlesim.bosphorusboatshow.com\/wp-content\/uploads\/sites\/4\/2024\/01\/Untitled-1_0000s_0001_seamar-no3-200x150-kopya-300x169.jpg\" data-width=\"300\" data-height=\"169\" aria-label=\"\" role=\"img\" ><\/div>\n\t\t\t\t\t\t\t\t\t\t\t<div class=\"elementor-gallery-item__overlay\"><\/div>\n\t\t\t\t\t\t\t\t\t\t\t\t\t\t<\/a>\n\t\t\t\t\t\t\t<a class=\"e-gallery-item elementor-gallery-item elementor-animated-content\" href=\"https:\/\/karayerlesim.bosphorusboatshow.com\/wp-content\/uploads\/sites\/4\/2024\/01\/Untitled-1_0000s_0002_seamar-no2-150x300-1.jpg\" data-elementor-open-lightbox=\"yes\" data-elementor-lightbox-slideshow=\"de5562d\" data-elementor-lightbox-title=\"Untitled-1_0000s_0002_seamar no2 150x300\" data-e-action-hash=\"#elementor-action%3Aaction%3Dlightbox%26settings%3DeyJpZCI6MzUxOSwidXJsIjoiaHR0cHM6XC9cL2thcmF5ZXJsZXNpbS5ib3NwaG9ydXNib2F0c2hvdy5jb21cL3dwLWNvbnRlbnRcL3VwbG9hZHNcL3NpdGVzXC80XC8yMDI0XC8wMVwvVW50aXRsZWQtMV8wMDAwc18wMDAyX3NlYW1hci1ubzItMTUweDMwMC0xLmpwZyIsInNsaWRlc2hvdyI6ImRlNTU2MmQifQ%3D%3D\">\n\t\t\t\t\t<div class=\"e-gallery-image elementor-gallery-item__image\" data-thumbnail=\"https:\/\/karayerlesim.bosphorusboatshow.com\/wp-content\/uploads\/sites\/4\/2024\/01\/Untitled-1_0000s_0002_seamar-no2-150x300-1-300x169.jpg\" data-width=\"300\" data-height=\"169\" aria-label=\"\" role=\"img\" ><\/div>\n\t\t\t\t\t\t\t\t\t\t\t<div class=\"elementor-gallery-item__overlay\"><\/div>\n\t\t\t\t\t\t\t\t\t\t\t\t\t\t<\/a>\n\t\t\t\t\t\t\t<a class=\"e-gallery-item elementor-gallery-item elementor-animated-content\" href=\"https:\/\/karayerlesim.bosphorusboatshow.com\/wp-content\/uploads\/sites\/4\/2024\/01\/Untitled-1_0000s_0003_seamar-no1-150x300-1.jpg\" data-elementor-open-lightbox=\"yes\" data-elementor-lightbox-slideshow=\"de5562d\" data-elementor-lightbox-title=\"Untitled-1_0000s_0003_seamar no1 150x300\" data-e-action-hash=\"#elementor-action%3Aaction%3Dlightbox%26settings%3DeyJpZCI6MzUyMSwidXJsIjoiaHR0cHM6XC9cL2thcmF5ZXJsZXNpbS5ib3NwaG9ydXNib2F0c2hvdy5jb21cL3dwLWNvbnRlbnRcL3VwbG9hZHNcL3NpdGVzXC80XC8yMDI0XC8wMVwvVW50aXRsZWQtMV8wMDAwc18wMDAzX3NlYW1hci1ubzEtMTUweDMwMC0xLmpwZyIsInNsaWRlc2hvdyI6ImRlNTU2MmQifQ%3D%3D\">\n\t\t\t\t\t<div class=\"e-gallery-image elementor-gallery-item__image\" data-thumbnail=\"https:\/\/karayerlesim.bosphorusboatshow.com\/wp-content\/uploads\/sites\/4\/2024\/01\/Untitled-1_0000s_0003_seamar-no1-150x300-1-300x169.jpg\" data-width=\"300\" data-height=\"169\" aria-label=\"\" role=\"img\" ><\/div>\n\t\t\t\t\t\t\t\t\t\t\t<div class=\"elementor-gallery-item__overlay\"><\/div>\n\t\t\t\t\t\t\t\t\t\t\t\t\t\t<\/a>\n\t\t\t\t\t\t\t<a class=\"e-gallery-item elementor-gallery-item elementor-animated-content\" href=\"https:\/\/karayerlesim.bosphorusboatshow.com\/wp-content\/uploads\/sites\/4\/2024\/01\/Untitled-1_0000s_0000_seamar-no4-200x150-kopya.jpg\" data-elementor-open-lightbox=\"yes\" data-elementor-lightbox-slideshow=\"de5562d\" data-elementor-lightbox-title=\"Untitled-1_0000s_0000_seamar no4 200x150 kopya\" data-e-action-hash=\"#elementor-action%3Aaction%3Dlightbox%26settings%3DeyJpZCI6MzUyMywidXJsIjoiaHR0cHM6XC9cL2thcmF5ZXJsZXNpbS5ib3NwaG9ydXNib2F0c2hvdy5jb21cL3dwLWNvbnRlbnRcL3VwbG9hZHNcL3NpdGVzXC80XC8yMDI0XC8wMVwvVW50aXRsZWQtMV8wMDAwc18wMDAwX3NlYW1hci1ubzQtMjAweDE1MC1rb3B5YS5qcGciLCJzbGlkZXNob3ciOiJkZTU1NjJkIn0%3D\">\n\t\t\t\t\t<div class=\"e-gallery-image elementor-gallery-item__image\" data-thumbnail=\"https:\/\/karayerlesim.bosphorusboatshow.com\/wp-content\/uploads\/sites\/4\/2024\/01\/Untitled-1_0000s_0000_seamar-no4-200x150-kopya-300x169.jpg\" data-width=\"300\" data-height=\"169\" aria-label=\"\" role=\"img\" ><\/div>\n\t\t\t\t\t\t\t\t\t\t\t<div class=\"elementor-gallery-item__overlay\"><\/div>\n\t\t\t\t\t\t\t\t\t\t\t\t\t\t<\/a>\n\t\t\t\t\t<\/div>\n\t\t\t\t\t<\/div>\n\t\t\t\t<\/div>\n\t\t\t\t<div class=\"elementor-element elementor-element-eec99e4 elementor-widget-divider--view-line elementor-widget elementor-widget-divider\" data-id=\"eec99e4\" data-element_type=\"widget\" data-e-type=\"widget\" data-widget_type=\"divider.default\">\n\t\t\t\t<div class=\"elementor-widget-container\">\n\t\t\t\t\t\t\t<div class=\"elementor-divider\">\n\t\t\t<span class=\"elementor-divider-separator\">\n\t\t\t\t\t\t<\/span>\n\t\t<\/div>\n\t\t\t\t\t\t<\/div>\n\t\t\t\t<\/div>\n\t\t\t\t\t<\/div>\n\t\t\t\t<\/div>\n\t\t<div data-particle_enable=\"false\" data-particle-mobile-disabled=\"false\" class=\"elementor-element elementor-element-9c7427b e-flex e-con-boxed e-con e-parent\" data-id=\"9c7427b\" data-element_type=\"container\" data-e-type=\"container\">\n\t\t\t\t\t<div class=\"e-con-inner\">\n\t\t\t\t<div class=\"elementor-element elementor-element-cdeb151 elementor-widget elementor-widget-heading\" data-id=\"cdeb151\" data-element_type=\"widget\" data-e-type=\"widget\" data-widget_type=\"heading.default\">\n\t\t\t\t<div class=\"elementor-widget-container\">\n\t\t\t\t\t<h4 class=\"elementor-heading-title elementor-size-default\">Kat\u0131l\u0131mc\u0131 Kategorileri<\/h4>\t\t\t\t<\/div>\n\t\t\t\t<\/div>\n\t\t\t\t<div class=\"elementor-element elementor-element-4e07d03 elementor-icon-list--layout-inline elementor-list-item-link-full_width elementor-widget elementor-widget-icon-list\" data-id=\"4e07d03\" data-element_type=\"widget\" data-e-type=\"widget\" data-widget_type=\"icon-list.default\">\n\t\t\t\t<div class=\"elementor-widget-container\">\n\t\t\t\t\t\t\t<ul class=\"elementor-icon-list-items elementor-inline-items\">\n\t\t\t\t\t\t\t<li class=\"elementor-icon-list-item elementor-inline-item\">\n\t\t\t\t\t\t\t\t\t\t\t<span class=\"elementor-icon-list-icon\">\n\t\t\t\t\t\t\t<svg xmlns=\"http:\/\/www.w3.org\/2000\/svg\" id=\"Layer_1\" data-name=\"Layer 1\" viewBox=\"0 0 1000 1000\"><defs><style>      .cls-1 {        fill: #fff;      }      .cls-1, .cls-2 {        stroke-width: 0px;      }      .cls-2 {        fill: #832880;      }    <\/style><\/defs><circle class=\"cls-2\" cx=\"500\" cy=\"500\" r=\"500\"><\/circle><path class=\"cls-1\" d=\"M752.2,550.63c-.97-1.84-1.97-3.64-3.02-5.4-.3-.51-.6-1.03-.91-1.54-.18-.29-.35-.59-.53-.87-20.81-34.59-51.99-61.8-89.05-76.99,8.07-4.92,15.75-10.48,23.03-16.7,10.03-8.55,18.82-18.48,26.41-29.79,7.59-11.3,13.66-23.98,18.22-38.04,4.55-14.05,6.83-30.25,6.83-48.59v-1.84c0-50.72-18.76-91.05-56.28-121-37.53-29.94-89.22-44.92-155.09-44.92H224.43v641.69c52.65-140.08,131.51-246.84,243.94-310.96-1.85,3.21-3.65,6.4-5.41,9.58-35.34,34.84-57.37,84.01-57.37,138.5,0,105.66,82.82,191.31,184.99,191.31s184.99-85.65,184.99-191.31c0-33.81-8.49-65.56-23.37-93.11Z\"><\/path><\/svg>\t\t\t\t\t\t<\/span>\n\t\t\t\t\t\t\t\t\t\t<span class=\"elementor-icon-list-text\">Ekipman \/ Aksesuar<\/span>\n\t\t\t\t\t\t\t\t\t<\/li>\n\t\t\t\t\t\t<\/ul>\n\t\t\t\t\t\t<\/div>\n\t\t\t\t<\/div>\n\t\t\t\t\t<\/div>\n\t\t\t\t<\/div>\n\t\t\t\t<\/div>\n\t\t","protected":false},"excerpt":{"rendered":"<p>Hall 8 Stant C12.A Seamar Watermakers, AsTeknik Marine olarak 1993 senesinde Ku\u015fadas\u0131 Turban Marina\u2019da ilk faaliyetlerine ba\u015flam\u0131\u015ft\u0131r. Tekne iklimlendirme, \u0131s\u0131tma ve so\u011futma konular\u0131nda uzmanla\u015fan firmam\u0131z 2004 senesinden itibaren Marmaris\u2019te su yap\u0131c\u0131 konusunda faaliyet g\u00f6stermi\u015ftir. 2010 y\u0131l\u0131ndan itibaren ise kendi \u00fcretimi olan Seamar Watermakers su yap\u0131c\u0131lar\u0131n\u0131 ve yedek par\u00e7alar\u0131n\u0131n imalat\u0131na ba\u015flam\u0131\u015ft\u0131r. Denizcilik sekt\u00f6r\u00fcndeki uzun y\u0131llara dayanan [&hellip;]<\/p>\n","protected":false},"featured_media":3513,"template":"","meta":{"inline_featured_image":false,"wds_primary_product_brand":0,"wds_primary_product_cat":0},"product_brand":[],"product_cat":[15],"product_tag":[],"class_list":{"0":"post-485","1":"product","2":"type-product","3":"status-publish","4":"has-post-thumbnail","6":"product_cat-uncategorized","8":"first","9":"instock","10":"shipping-taxable","11":"product-type-simple"},"_links":{"self":[{"href":"https:\/\/karayerlesim.bosphorusboatshow.com\/tr\/wp-json\/wp\/v2\/product\/485","targetHints":{"allow":["GET"]}}],"collection":[{"href":"https:\/\/karayerlesim.bosphorusboatshow.com\/tr\/wp-json\/wp\/v2\/product"}],"about":[{"href":"https:\/\/karayerlesim.bosphorusboatshow.com\/tr\/wp-json\/wp\/v2\/types\/product"}],"version-history":[{"count":28,"href":"https:\/\/karayerlesim.bosphorusboatshow.com\/tr\/wp-json\/wp\/v2\/product\/485\/revisions"}],"predecessor-version":[{"id":8521,"href":"https:\/\/karayerlesim.bosphorusboatshow.com\/tr\/wp-json\/wp\/v2\/product\/485\/revisions\/8521"}],"wp:featuredmedia":[{"embeddable":true,"href":"https:\/\/karayerlesim.bosphorusboatshow.com\/tr\/wp-json\/wp\/v2\/media\/3513"}],"wp:attachment":[{"href":"https:\/\/karayerlesim.bosphorusboatshow.com\/tr\/wp-json\/wp\/v2\/media?parent=485"}],"wp:term":[{"taxonomy":"product_brand","embeddable":true,"href":"https:\/\/karayerlesim.bosphorusboatshow.com\/tr\/wp-json\/wp\/v2\/product_brand?post=485"},{"taxonomy":"product_cat","embeddable":true,"href":"https:\/\/karayerlesim.bosphorusboatshow.com\/tr\/wp-json\/wp\/v2\/product_cat?post=485"},{"taxonomy":"product_tag","embeddable":true,"href":"https:\/\/karayerlesim.bosphorusboatshow.com\/tr\/wp-json\/wp\/v2\/product_tag?post=485"}],"curies":[{"name":"wp","href":"https:\/\/api.w.org\/{rel}","templated":true}]}}