{"id":449,"date":"2023-11-30T17:34:21","date_gmt":"2023-11-30T14:34:21","guid":{"rendered":"https:\/\/karayerlesim.bosphorusboatshow.com\/tr\/?post_type=product&#038;p=449"},"modified":"2025-01-28T14:14:55","modified_gmt":"2025-01-28T11:14:55","slug":"marina-deniz-araclari","status":"publish","type":"product","link":"https:\/\/karayerlesim.bosphorusboatshow.com\/tr\/katilimci-markalar\/marina-deniz-araclari\/","title":{"rendered":"Marina Deniz Ara\u00e7lar\u0131"},"content":{"rendered":"\t\t<div data-elementor-type=\"product-post\" data-elementor-id=\"449\" class=\"elementor elementor-449\" data-elementor-post-type=\"product\">\n\t\t\t\t<div data-particle_enable=\"false\" data-particle-mobile-disabled=\"false\" class=\"elementor-element elementor-element-b4f8432 e-flex e-con-boxed e-con e-parent\" data-id=\"b4f8432\" data-element_type=\"container\" data-e-type=\"container\">\n\t\t\t\t\t<div class=\"e-con-inner\">\n\t\t\t\t<div class=\"elementor-element elementor-element-fb9ac9b elementor-widget elementor-widget-button\" data-id=\"fb9ac9b\" data-element_type=\"widget\" data-e-type=\"widget\" data-widget_type=\"button.default\">\n\t\t\t\t<div class=\"elementor-widget-container\">\n\t\t\t\t\t\t\t\t\t<div class=\"elementor-button-wrapper\">\n\t\t\t\t\t<a class=\"elementor-button elementor-button-link elementor-size-sm\" href=\"https:\/\/karayerlesim.bosphorusboatshow.com\/tr\/\">\n\t\t\t\t\t\t<span class=\"elementor-button-content-wrapper\">\n\t\t\t\t\t\t<span class=\"elementor-button-icon\">\n\t\t\t\t<i aria-hidden=\"true\" class=\"fas fa-map-pin\"><\/i>\t\t\t<\/span>\n\t\t\t\t\t\t\t\t\t<span class=\"elementor-button-text\">Hall 8 Stant A07<\/span>\n\t\t\t\t\t<\/span>\n\t\t\t\t\t<\/a>\n\t\t\t\t<\/div>\n\t\t\t\t\t\t\t\t<\/div>\n\t\t\t\t<\/div>\n\t\t\t\t<div class=\"elementor-element elementor-element-2aeb72c elementor-widget elementor-widget-text-editor\" data-id=\"2aeb72c\" data-element_type=\"widget\" data-e-type=\"widget\" data-widget_type=\"text-editor.default\">\n\t\t\t\t<div class=\"elementor-widget-container\">\n\t\t\t\t\t\t\t\t\t<p>\u0130stanbul&#8217;da yatlara teknik destek ve k\u0131\u015fl\u0131k depolama hizmeti veren bir \u015firket olarak 1972 y\u0131l\u0131nda \u0130stanbul&#8217;da kurulmu\u015ftur. 1984 y\u0131l\u0131ndan sonra Marina Deniz Ara\u00e7lar\u0131 A.\u015e. sat\u0131\u015f ve servis departmanlar\u0131n\u0131n kurulmas\u0131 ile uluslararas\u0131 denizcilik markalar\u0131n\u0131 T\u00fcrkiye&#8217;de temsil etmeye ba\u015flam\u0131\u015ft\u0131r. \u015eu anda Marina Deniz Ara\u00e7lar\u0131 A.\u015e. ve Tuzla Serbest B\u00f6lgesi&#8217;ndeki \u015fubesi a\u015fa\u011f\u0131daki hizmetleri aktif olarak vermektedir.<br \/>Tekne ve yat sat\u0131\u015f\u0131, Yat ekipmanlar\u0131 ve aksesuarlar\u0131n\u0131n sat\u0131\u015f\u0131, \u201cMarina Teknik\u201d ad\u0131 alt\u0131nda teknik yard\u0131m ve hizmet<\/p><p>Marina Deniz Ara\u00e7lar\u0131 A.\u015e., T\u00fcrkiye\u2019deki 19 yat\u00e7\u0131l\u0131k ekipman\u0131 ve 5 yat markas\u0131n\u0131 temsil etmektedir. Bunlar aras\u0131nda \u0130talya, \u0130spanya, Hollanda, Yunanistan, Almanya, Danimarka, ABD, \u0130ngiltere ve \u0130sve\u00e7\u2019ten d\u00fcnya standartlar\u0131nda markalar yer al\u0131yor. Portf\u00f6y\u00fcndeki her marka ve \u00fcr\u00fcn, Teknik \u00fcst\u00fcnl\u00fck ve kaliteye b\u00fcy\u00fck \u00f6zen g\u00f6sterilerek \u00f6zenle se\u00e7ilmektedir.<\/p><p>\u2022 Marina Deniz Ara\u00e7lar\u0131 portf\u00f6y\u00fcndeki t\u00fcm markalar i\u00e7in kurulum, bak\u0131m ve onar\u0131m dahil olmak \u00fczere teknik destek sa\u011flamaktad\u0131r. Tam zamanl\u0131 \u00e7al\u0131\u015fan 2 (iki) deniz m\u00fchendisi ve 3 (\u00fc\u00e7) teknisyen bulunmaktad\u0131r.<br \/>\u2022 Marina Deniz Ara\u00e7lar\u0131 A.\u015e., \u0130stanbul&#8217;da 3 lokasyonda toplam 20 \u00e7al\u0131\u015fan\u0131 ile faaliyet g\u00f6stermektedir.<\/p><p><br \/>1. \u0130stanbul K\u00fc\u00e7\u00fckyal\u0131 Merkez Ofis ve Showroom<\/p><p><br \/>2. \u0130stanbul Tuzla Serbest B\u00f6lgesi&#8217;ndeki Depo ve Da\u011f\u0131t\u0131m Merkezi<\/p><p><br \/>3. \u0130stanbul Tuzla Teknik Servis Merkezi<\/p><p>Vizyonumuz<\/p><p><br \/>\u00dcst\u00fcn kalitede yat ve yat ekipmanlar\u0131n\u0131, T\u00fcrkiye\u2019deki en \u00fcst\u00fcn hizmet kalitesi ile sunan en g\u00fcvenilir firma olmak.<\/p><p>Misyonumuz<\/p><p>\u2022 \u00dcr\u00fcn ve hizmet konusunda i\u015f ahlak\u0131, d\u00fcr\u00fcstl\u00fck ve g\u00fcvenilirli\u011fi temel alarak \u00e7al\u0131\u015fmak.<br \/>\u2022 Sekt\u00f6r\u00fcnde 50 y\u0131l\u0131 a\u015fk\u0131n deneyimini, uzman y\u00f6netim ve \u00e7al\u0131\u015fan kadrosu vas\u0131tas\u0131yla m\u00fc\u015fterileri ile payla\u015fmak.<br \/>\u2022 Yurti\u00e7i ve yurtd\u0131\u015f\u0131nda sekt\u00f6r\u00fc yak\u0131ndan izleyip, ilgili geli\u015fim ve de\u011fi\u015fimleri ara\u015ft\u0131r\u0131p takip ederek, \u00fcr\u00fcn ve hizmetleri s\u00fcrekli olarak farkl\u0131 k\u0131lmak.<br \/>\u2022 M\u00fc\u015fterilerimize \u00fcr\u00fcn ve hizmetlerimizi nihai kullan\u0131c\u0131lara en kaliteli \u015fekilde iletebilmeleri i\u00e7in gerek sat\u0131\u015f, gerekse sat\u0131\u015f sonras\u0131nda gerekli t\u00fcm deste\u011fi sa\u011flamak.<br \/>\u2022 Firma b\u00fcnyesinde g\u00f6rev yapmakta olan herkese kendilerini s\u00fcrekli yenileyip geli\u015ftirebilecekleri, huzurlu ve keyifli bir i\u015f ortam\u0131 yaratmak.<\/p><p>M\u00fc\u015fterilerimiz i\u00e7in var\u0131z<\/p><p>M\u00fc\u015fterilerimize \u00fcr\u00fcn ve hizmetlerin sat\u0131\u015f\u0131, sat\u0131\u015f sonras\u0131 kullan\u0131m\u0131 ve yard\u0131mc\u0131 olabilece\u011fimiz di\u011fer t\u00fcm konularda d\u00fcr\u00fcst, g\u00fcvenilir, i\u00e7ten, \u00e7\u00f6z\u00fcm odakl\u0131 ve yard\u0131msever yakla\u015f\u0131mda bulunur, davran\u0131\u015flar\u0131m\u0131zla bunu onlara hissettiririz.<\/p><p>M\u00fc\u015fterilerimize ve birbirimize kar\u015f\u0131 d\u00fcr\u00fcst ve g\u00fcveniliriz<\/p><p>M\u00fc\u015fterilerimize ve birbirimize istikrarl\u0131 olarak adil ve d\u00fcr\u00fcst davran\u0131r, g\u00fcven ortam\u0131 i\u00e7erisinde, kurdu\u011fumuz her temasta bu g\u00fcveni daha da sa\u011flamla\u015ft\u0131rmak i\u00e7in \u00e7aba sarfederiz.<\/p><p>50 y\u0131l\u0131 a\u015fk\u0131n deneyimimizle i\u015fimizin ustas\u0131y\u0131z<\/p><p>Sekt\u00f6rde 50 y\u0131l\u0131 a\u015fk\u0131n deneyime sahip kadromuz ile i\u015fimizi teknik ve operasyonel boyutta en \u00fcst kalite standartlar\u0131 do\u011frultusunda, en iyi \u015fekilde yapar\u0131z.<\/p><p>Kaliteden vazge\u00e7meyiz<\/p><p><br \/>Bir tesad\u00fcf de\u011fil, me\u015fakatli bir \u00e7aba \u00fcr\u00fcn\u00fc olan kalite, vizyonumuz ve hedeflerimize giden yolda olmazsa olmaz prensibimizdir.<\/p>\t\t\t\t\t\t\t\t<\/div>\n\t\t\t\t<\/div>\n\t\t<div data-particle_enable=\"false\" data-particle-mobile-disabled=\"false\" class=\"elementor-element elementor-element-b903ead e-flex e-con-boxed e-con e-child\" data-id=\"b903ead\" data-element_type=\"container\" data-e-type=\"container\">\n\t\t\t\t\t<div class=\"e-con-inner\">\n\t\t\t\t<div class=\"elementor-element elementor-element-8706ba2 elementor-widget elementor-widget-text-editor\" data-id=\"8706ba2\" data-element_type=\"widget\" data-e-type=\"widget\" data-widget_type=\"text-editor.default\">\n\t\t\t\t<div class=\"elementor-widget-container\">\n\t\t\t\t\t\t\t\t\t<p><strong><a href=\"http:\/\/www.marina.com.tr\">www.marina.com.tr<\/a><\/strong><\/p>\t\t\t\t\t\t\t\t<\/div>\n\t\t\t\t<\/div>\n\t\t\t\t<div class=\"elementor-element elementor-element-498cca5 elementor-widget-divider--view-line elementor-widget elementor-widget-divider\" data-id=\"498cca5\" data-element_type=\"widget\" data-e-type=\"widget\" data-widget_type=\"divider.default\">\n\t\t\t\t<div class=\"elementor-widget-container\">\n\t\t\t\t\t\t\t<div class=\"elementor-divider\">\n\t\t\t<span class=\"elementor-divider-separator\">\n\t\t\t\t\t\t<\/span>\n\t\t<\/div>\n\t\t\t\t\t\t<\/div>\n\t\t\t\t<\/div>\n\t\t\t\t\t<\/div>\n\t\t\t\t<\/div>\n\t\t\t\t\t<\/div>\n\t\t\t\t<\/div>\n\t\t<div data-particle_enable=\"false\" data-particle-mobile-disabled=\"false\" class=\"elementor-element elementor-element-9462d88 e-flex e-con-boxed e-con e-parent\" data-id=\"9462d88\" data-element_type=\"container\" data-e-type=\"container\">\n\t\t\t\t\t<div class=\"e-con-inner\">\n\t\t\t\t<div class=\"elementor-element elementor-element-9ac457b elementor-widget elementor-widget-text-editor\" data-id=\"9ac457b\" data-element_type=\"widget\" data-e-type=\"widget\" data-widget_type=\"text-editor.default\">\n\t\t\t\t<div class=\"elementor-widget-container\">\n\t\t\t\t\t\t\t\t\t<p>ARIMAR, BESENZON\u0130, CASOLUX, Idromar, Isotherm, Lopolight, Marine Fire, MG Energy Systems, Seakeeper, Seakeeper Ride, Techni Biocon, Tecnoinox, U-Line, Victron Energy, Webasto Marine, Zipwake, C.E.M Pumps<\/p>\t\t\t\t\t\t\t\t<\/div>\n\t\t\t\t<\/div>\n\t\t\t\t<div class=\"elementor-element elementor-element-b658f2b elementor-widget-divider--view-line elementor-widget elementor-widget-divider\" data-id=\"b658f2b\" data-element_type=\"widget\" data-e-type=\"widget\" data-widget_type=\"divider.default\">\n\t\t\t\t<div class=\"elementor-widget-container\">\n\t\t\t\t\t\t\t<div class=\"elementor-divider\">\n\t\t\t<span class=\"elementor-divider-separator\">\n\t\t\t\t\t\t<\/span>\n\t\t<\/div>\n\t\t\t\t\t\t<\/div>\n\t\t\t\t<\/div>\n\t\t\t\t<div class=\"elementor-element elementor-element-dd51e3b elementor-widget elementor-widget-gallery\" data-id=\"dd51e3b\" data-element_type=\"widget\" data-e-type=\"widget\" data-settings=\"{&quot;columns&quot;:5,&quot;gap&quot;:{&quot;unit&quot;:&quot;px&quot;,&quot;size&quot;:5,&quot;sizes&quot;:[]},&quot;gallery_layout&quot;:&quot;grid&quot;,&quot;columns_tablet&quot;:2,&quot;columns_mobile&quot;:1,&quot;gap_tablet&quot;:{&quot;unit&quot;:&quot;px&quot;,&quot;size&quot;:10,&quot;sizes&quot;:[]},&quot;gap_mobile&quot;:{&quot;unit&quot;:&quot;px&quot;,&quot;size&quot;:10,&quot;sizes&quot;:[]},&quot;aspect_ratio&quot;:&quot;3:2&quot;,&quot;content_hover_animation&quot;:&quot;fade-in&quot;}\" data-widget_type=\"gallery.default\">\n\t\t\t\t<div class=\"elementor-widget-container\">\n\t\t\t\t\t\t\t<div class=\"elementor-gallery__container\">\n\t\t\t\t\t\t\t<div class=\"e-gallery-item elementor-gallery-item elementor-animated-content\">\n\t\t\t\t\t<div class=\"e-gallery-image elementor-gallery-item__image\" data-thumbnail=\"https:\/\/karayerlesim.bosphorusboatshow.com\/wp-content\/uploads\/sites\/4\/2024\/01\/idromar.png\" data-width=\"160\" data-height=\"100\" aria-label=\"\" role=\"img\" ><\/div>\n\t\t\t\t\t\t\t\t\t\t\t\t\t\t<\/div>\n\t\t\t\t\t\t\t<div class=\"e-gallery-item elementor-gallery-item elementor-animated-content\">\n\t\t\t\t\t<div class=\"e-gallery-image elementor-gallery-item__image\" data-thumbnail=\"https:\/\/karayerlesim.bosphorusboatshow.com\/wp-content\/uploads\/sites\/4\/2024\/01\/zipwake.png\" data-width=\"160\" data-height=\"100\" aria-label=\"\" role=\"img\" ><\/div>\n\t\t\t\t\t\t\t\t\t\t\t\t\t\t<\/div>\n\t\t\t\t\t\t\t<div class=\"e-gallery-item elementor-gallery-item elementor-animated-content\">\n\t\t\t\t\t<div class=\"e-gallery-image elementor-gallery-item__image\" data-thumbnail=\"https:\/\/karayerlesim.bosphorusboatshow.com\/wp-content\/uploads\/sites\/4\/2024\/01\/arimar.png\" data-width=\"160\" data-height=\"100\" aria-label=\"\" role=\"img\" ><\/div>\n\t\t\t\t\t\t\t\t\t\t\t\t\t\t<\/div>\n\t\t\t\t\t\t\t<div class=\"e-gallery-item elementor-gallery-item elementor-animated-content\">\n\t\t\t\t\t<div class=\"e-gallery-image elementor-gallery-item__image\" data-thumbnail=\"https:\/\/karayerlesim.bosphorusboatshow.com\/wp-content\/uploads\/sites\/4\/2024\/01\/lopolight.png\" data-width=\"160\" data-height=\"100\" aria-label=\"\" role=\"img\" ><\/div>\n\t\t\t\t\t\t\t\t\t\t\t\t\t\t<\/div>\n\t\t\t\t\t\t\t<div class=\"e-gallery-item elementor-gallery-item elementor-animated-content\">\n\t\t\t\t\t<div class=\"e-gallery-image elementor-gallery-item__image\" data-thumbnail=\"https:\/\/karayerlesim.bosphorusboatshow.com\/wp-content\/uploads\/sites\/4\/2024\/01\/tecnoinox.png\" data-width=\"160\" data-height=\"100\" aria-label=\"\" role=\"img\" ><\/div>\n\t\t\t\t\t\t\t\t\t\t\t\t\t\t<\/div>\n\t\t\t\t\t\t\t<div class=\"e-gallery-item elementor-gallery-item elementor-animated-content\">\n\t\t\t\t\t<div class=\"e-gallery-image elementor-gallery-item__image\" data-thumbnail=\"https:\/\/karayerlesim.bosphorusboatshow.com\/wp-content\/uploads\/sites\/4\/2024\/01\/webasto.png\" data-width=\"160\" data-height=\"100\" aria-label=\"\" role=\"img\" ><\/div>\n\t\t\t\t\t\t\t\t\t\t\t\t\t\t<\/div>\n\t\t\t\t\t\t\t<div class=\"e-gallery-item elementor-gallery-item elementor-animated-content\">\n\t\t\t\t\t<div class=\"e-gallery-image elementor-gallery-item__image\" data-thumbnail=\"https:\/\/karayerlesim.bosphorusboatshow.com\/wp-content\/uploads\/sites\/4\/2024\/01\/altra-logo.png\" data-width=\"160\" data-height=\"100\" aria-label=\"\" role=\"img\" ><\/div>\n\t\t\t\t\t\t\t\t\t\t\t\t\t\t<\/div>\n\t\t\t\t\t\t\t<div class=\"e-gallery-item elementor-gallery-item elementor-animated-content\">\n\t\t\t\t\t<div class=\"e-gallery-image elementor-gallery-item__image\" data-thumbnail=\"https:\/\/karayerlesim.bosphorusboatshow.com\/wp-content\/uploads\/sites\/4\/2024\/01\/astellogo.png\" data-width=\"160\" data-height=\"100\" aria-label=\"\" role=\"img\" ><\/div>\n\t\t\t\t\t\t\t\t\t\t\t\t\t\t<\/div>\n\t\t\t\t\t\t\t<div class=\"e-gallery-item elementor-gallery-item elementor-animated-content\">\n\t\t\t\t\t<div class=\"e-gallery-image elementor-gallery-item__image\" data-thumbnail=\"https:\/\/karayerlesim.bosphorusboatshow.com\/wp-content\/uploads\/sites\/4\/2024\/01\/casolux.png\" data-width=\"160\" data-height=\"100\" aria-label=\"\" role=\"img\" ><\/div>\n\t\t\t\t\t\t\t\t\t\t\t\t\t\t<\/div>\n\t\t\t\t\t\t\t<div class=\"e-gallery-item elementor-gallery-item elementor-animated-content\">\n\t\t\t\t\t<div class=\"e-gallery-image elementor-gallery-item__image\" data-thumbnail=\"https:\/\/karayerlesim.bosphorusboatshow.com\/wp-content\/uploads\/sites\/4\/2024\/01\/techni.png\" data-width=\"160\" data-height=\"100\" aria-label=\"\" role=\"img\" ><\/div>\n\t\t\t\t\t\t\t\t\t\t\t\t\t\t<\/div>\n\t\t\t\t\t\t\t<div class=\"e-gallery-item elementor-gallery-item elementor-animated-content\">\n\t\t\t\t\t<div class=\"e-gallery-image elementor-gallery-item__image\" data-thumbnail=\"https:\/\/karayerlesim.bosphorusboatshow.com\/wp-content\/uploads\/sites\/4\/2024\/01\/cemlogo.png\" data-width=\"160\" data-height=\"100\" aria-label=\"\" role=\"img\" ><\/div>\n\t\t\t\t\t\t\t\t\t\t\t\t\t\t<\/div>\n\t\t\t\t\t\t\t<div class=\"e-gallery-item elementor-gallery-item elementor-animated-content\">\n\t\t\t\t\t<div class=\"e-gallery-image elementor-gallery-item__image\" data-thumbnail=\"https:\/\/karayerlesim.bosphorusboatshow.com\/wp-content\/uploads\/sites\/4\/2024\/01\/indelwebasto.png\" data-width=\"160\" data-height=\"100\" aria-label=\"\" role=\"img\" ><\/div>\n\t\t\t\t\t\t\t\t\t\t\t\t\t\t<\/div>\n\t\t\t\t\t<\/div>\n\t\t\t\t\t<\/div>\n\t\t\t\t<\/div>\n\t\t\t\t<div class=\"elementor-element elementor-element-8ce2f38 elementor-widget-divider--view-line elementor-widget elementor-widget-divider\" data-id=\"8ce2f38\" data-element_type=\"widget\" data-e-type=\"widget\" data-widget_type=\"divider.default\">\n\t\t\t\t<div class=\"elementor-widget-container\">\n\t\t\t\t\t\t\t<div class=\"elementor-divider\">\n\t\t\t<span class=\"elementor-divider-separator\">\n\t\t\t\t\t\t<\/span>\n\t\t<\/div>\n\t\t\t\t\t\t<\/div>\n\t\t\t\t<\/div>\n\t\t\t\t\t<\/div>\n\t\t\t\t<\/div>\n\t\t<div data-particle_enable=\"false\" data-particle-mobile-disabled=\"false\" class=\"elementor-element elementor-element-e95b055 e-flex e-con-boxed e-con e-parent\" data-id=\"e95b055\" data-element_type=\"container\" data-e-type=\"container\">\n\t\t\t\t\t<div class=\"e-con-inner\">\n\t\t\t\t<div class=\"elementor-element elementor-element-35a7340 elementor-widget elementor-widget-heading\" data-id=\"35a7340\" data-element_type=\"widget\" data-e-type=\"widget\" data-widget_type=\"heading.default\">\n\t\t\t\t<div class=\"elementor-widget-container\">\n\t\t\t\t\t<h4 class=\"elementor-heading-title elementor-size-default\">Kat\u0131l\u0131mc\u0131 Kategorileri<\/h4>\t\t\t\t<\/div>\n\t\t\t\t<\/div>\n\t\t\t\t<div class=\"elementor-element elementor-element-4983632 elementor-icon-list--layout-inline elementor-list-item-link-full_width elementor-widget elementor-widget-icon-list\" data-id=\"4983632\" data-element_type=\"widget\" data-e-type=\"widget\" data-widget_type=\"icon-list.default\">\n\t\t\t\t<div class=\"elementor-widget-container\">\n\t\t\t\t\t\t\t<ul class=\"elementor-icon-list-items elementor-inline-items\">\n\t\t\t\t\t\t\t<li class=\"elementor-icon-list-item elementor-inline-item\">\n\t\t\t\t\t\t\t\t\t\t\t<span class=\"elementor-icon-list-icon\">\n\t\t\t\t\t\t\t<svg xmlns=\"http:\/\/www.w3.org\/2000\/svg\" id=\"Layer_1\" data-name=\"Layer 1\" viewBox=\"0 0 1000 1000\"><defs><style>      .cls-1 {        fill: #fff;      }      .cls-1, .cls-2 {        stroke-width: 0px;      }      .cls-2 {        fill: #832880;      }    <\/style><\/defs><circle class=\"cls-2\" cx=\"500\" cy=\"500\" r=\"500\"><\/circle><path class=\"cls-1\" d=\"M752.2,550.63c-.97-1.84-1.97-3.64-3.02-5.4-.3-.51-.6-1.03-.91-1.54-.18-.29-.35-.59-.53-.87-20.81-34.59-51.99-61.8-89.05-76.99,8.07-4.92,15.75-10.48,23.03-16.7,10.03-8.55,18.82-18.48,26.41-29.79,7.59-11.3,13.66-23.98,18.22-38.04,4.55-14.05,6.83-30.25,6.83-48.59v-1.84c0-50.72-18.76-91.05-56.28-121-37.53-29.94-89.22-44.92-155.09-44.92H224.43v641.69c52.65-140.08,131.51-246.84,243.94-310.96-1.85,3.21-3.65,6.4-5.41,9.58-35.34,34.84-57.37,84.01-57.37,138.5,0,105.66,82.82,191.31,184.99,191.31s184.99-85.65,184.99-191.31c0-33.81-8.49-65.56-23.37-93.11Z\"><\/path><\/svg>\t\t\t\t\t\t<\/span>\n\t\t\t\t\t\t\t\t\t\t<span class=\"elementor-icon-list-text\">Ekipman \/ Aksesuar<\/span>\n\t\t\t\t\t\t\t\t\t<\/li>\n\t\t\t\t\t\t<\/ul>\n\t\t\t\t\t\t<\/div>\n\t\t\t\t<\/div>\n\t\t\t\t\t<\/div>\n\t\t\t\t<\/div>\n\t\t\t\t<\/div>\n\t\t","protected":false},"excerpt":{"rendered":"<p>Hall 8 Stant A07 \u0130stanbul&#8217;da yatlara teknik destek ve k\u0131\u015fl\u0131k depolama hizmeti veren bir \u015firket olarak 1972 y\u0131l\u0131nda \u0130stanbul&#8217;da kurulmu\u015ftur. 1984 y\u0131l\u0131ndan sonra Marina Deniz Ara\u00e7lar\u0131 A.\u015e. sat\u0131\u015f ve servis departmanlar\u0131n\u0131n kurulmas\u0131 ile uluslararas\u0131 denizcilik markalar\u0131n\u0131 T\u00fcrkiye&#8217;de temsil etmeye ba\u015flam\u0131\u015ft\u0131r. \u015eu anda Marina Deniz Ara\u00e7lar\u0131 A.\u015e. ve Tuzla Serbest B\u00f6lgesi&#8217;ndeki \u015fubesi a\u015fa\u011f\u0131daki hizmetleri aktif olarak [&hellip;]<\/p>\n","protected":false},"featured_media":2474,"template":"","meta":{"inline_featured_image":false,"wds_primary_product_brand":0,"wds_primary_product_cat":0},"product_brand":[],"product_cat":[15],"product_tag":[],"class_list":{"0":"post-449","1":"product","2":"type-product","3":"status-publish","4":"has-post-thumbnail","6":"product_cat-uncategorized","8":"first","9":"instock","10":"shipping-taxable","11":"product-type-simple"},"_links":{"self":[{"href":"https:\/\/karayerlesim.bosphorusboatshow.com\/tr\/wp-json\/wp\/v2\/product\/449","targetHints":{"allow":["GET"]}}],"collection":[{"href":"https:\/\/karayerlesim.bosphorusboatshow.com\/tr\/wp-json\/wp\/v2\/product"}],"about":[{"href":"https:\/\/karayerlesim.bosphorusboatshow.com\/tr\/wp-json\/wp\/v2\/types\/product"}],"version-history":[{"count":32,"href":"https:\/\/karayerlesim.bosphorusboatshow.com\/tr\/wp-json\/wp\/v2\/product\/449\/revisions"}],"predecessor-version":[{"id":9169,"href":"https:\/\/karayerlesim.bosphorusboatshow.com\/tr\/wp-json\/wp\/v2\/product\/449\/revisions\/9169"}],"wp:featuredmedia":[{"embeddable":true,"href":"https:\/\/karayerlesim.bosphorusboatshow.com\/tr\/wp-json\/wp\/v2\/media\/2474"}],"wp:attachment":[{"href":"https:\/\/karayerlesim.bosphorusboatshow.com\/tr\/wp-json\/wp\/v2\/media?parent=449"}],"wp:term":[{"taxonomy":"product_brand","embeddable":true,"href":"https:\/\/karayerlesim.bosphorusboatshow.com\/tr\/wp-json\/wp\/v2\/product_brand?post=449"},{"taxonomy":"product_cat","embeddable":true,"href":"https:\/\/karayerlesim.bosphorusboatshow.com\/tr\/wp-json\/wp\/v2\/product_cat?post=449"},{"taxonomy":"product_tag","embeddable":true,"href":"https:\/\/karayerlesim.bosphorusboatshow.com\/tr\/wp-json\/wp\/v2\/product_tag?post=449"}],"curies":[{"name":"wp","href":"https:\/\/api.w.org\/{rel}","templated":true}]}}