{"id":359,"date":"2023-11-30T16:21:49","date_gmt":"2023-11-30T13:21:49","guid":{"rendered":"https:\/\/karayerlesim.bosphorusboatshow.com\/tr\/?post_type=product&#038;p=359"},"modified":"2025-01-31T16:36:41","modified_gmt":"2025-01-31T13:36:41","slug":"shrenna","status":"publish","type":"product","link":"https:\/\/karayerlesim.bosphorusboatshow.com\/tr\/katilimci-markalar\/shrenna\/","title":{"rendered":"Sherenna BytheSea"},"content":{"rendered":"\t\t<div data-elementor-type=\"product-post\" data-elementor-id=\"359\" class=\"elementor elementor-359\" data-elementor-post-type=\"product\">\n\t\t\t\t<div data-particle_enable=\"false\" data-particle-mobile-disabled=\"false\" class=\"elementor-element elementor-element-cca9ed1 e-flex e-con-boxed e-con e-parent\" data-id=\"cca9ed1\" data-element_type=\"container\" data-e-type=\"container\">\n\t\t\t\t\t<div class=\"e-con-inner\">\n\t\t<div data-particle_enable=\"false\" data-particle-mobile-disabled=\"false\" class=\"elementor-element elementor-element-50f8ada e-flex e-con-boxed e-con e-child\" data-id=\"50f8ada\" data-element_type=\"container\" data-e-type=\"container\">\n\t\t\t\t\t<div class=\"e-con-inner\">\n\t\t\t\t<div class=\"elementor-element elementor-element-0bda8f6 elementor-widget elementor-widget-button\" data-id=\"0bda8f6\" data-element_type=\"widget\" data-e-type=\"widget\" data-widget_type=\"button.default\">\n\t\t\t\t<div class=\"elementor-widget-container\">\n\t\t\t\t\t\t\t\t\t<div class=\"elementor-button-wrapper\">\n\t\t\t\t\t<a class=\"elementor-button elementor-button-link elementor-size-sm\" href=\"https:\/\/karayerlesim.bosphorusboatshow.com\/tr\/\">\n\t\t\t\t\t\t<span class=\"elementor-button-content-wrapper\">\n\t\t\t\t\t\t<span class=\"elementor-button-icon\">\n\t\t\t\t<i aria-hidden=\"true\" class=\"fas fa-map-pin\"><\/i>\t\t\t<\/span>\n\t\t\t\t\t\t\t\t\t<span class=\"elementor-button-text\">Hall 3 Stant D-12<\/span>\n\t\t\t\t\t<\/span>\n\t\t\t\t\t<\/a>\n\t\t\t\t<\/div>\n\t\t\t\t\t\t\t\t<\/div>\n\t\t\t\t<\/div>\n\t\t\t\t<div class=\"elementor-element elementor-element-ceb1452 elementor-widget elementor-widget-text-editor\" data-id=\"ceb1452\" data-element_type=\"widget\" data-e-type=\"widget\" data-widget_type=\"text-editor.default\">\n\t\t\t\t<div class=\"elementor-widget-container\">\n\t\t\t\t\t\t\t\t\t<p>Sherenna BytheSea denizde ya\u015faman\u0131n tecr\u00fcbesi, D\u00fcnya trendlerinin paralelinde yenilik\u00e7ili\u011fin dinamizmi, ince zevkin birle\u015fmesi ve titiz bir ara\u015ft\u0131rma ve \u00fcretim s\u00fcrecinin bir araya gelmesi ile ortaya \u00e7\u0131kt\u0131.<br \/>Tekstil uygulamalar\u0131nda sizin i\u00e7in en \u00f6zel kuma\u015f koleksiyonlar\u0131n\u0131, en fonksiyonel teknik tekstil \u00fcr\u00fcnleri, leke ve s\u0131v\u0131 tutmaz kuma\u015flar\u0131, el dokumalar\u0131n\u0131, ipek iplikleri, saf pamuk \u00fcr\u00fcnleri, en kaliteli do\u011fal malzemeleri derledik, estetik ve fonksiyonu birle\u015ftirdik. Orjinal tasar\u0131mlar \u00fcrettik, keyif ve konfor ile kullanaca\u011f\u0131n\u0131z s\u0131ra d\u0131\u015f\u0131, zarif \u00fcr\u00fcnler yaratt\u0131k.<br \/>Marin aksesuar konusunda D\u00fcnya standartlar\u0131nda \u00fcr\u00fcnler haz\u0131rlad\u0131k. T\u00fcm tasar\u0131mlar titiz ara\u015ft\u0131rmalar, y\u00fcksek kalite standartlar\u0131, rafine ya\u015fam zevkinin bir araya geldi\u011fi orijinal \u00fcr\u00fcnler olarak \u015fekillendi. B\u00f6ylece dekorasyonu tamamlayacak s\u0131ra d\u0131\u015f\u0131 tasar\u0131mlar fonksiyon ve estetik ile birle\u015fti.<br \/>T\u00fcm \u00fcr\u00fcnleri, m\u00fc\u015fterinin zevk, istek ve gereksinimlerini bir araya getiren \u00f6zel \u00e7al\u0131\u015fmalar yap\u0131yoruz. Bu alanda teknik ve estetik t\u00fcm detaylar\u0131 harmanlayarak, mimari yakla\u015f\u0131m\u0131m\u0131z\u0131n \u00f6zg\u00fcnl\u00fc\u011f\u00fcn\u00fc ve \u00fcretim s\u00fcrecindeki teknik birikimimizin avantaj\u0131n\u0131 projelerimize ta\u015f\u0131yoruz.<\/p>\t\t\t\t\t\t\t\t<\/div>\n\t\t\t\t<\/div>\n\t\t<div data-particle_enable=\"false\" data-particle-mobile-disabled=\"false\" class=\"elementor-element elementor-element-c1cf3f8 e-flex e-con-boxed e-con e-child\" data-id=\"c1cf3f8\" data-element_type=\"container\" data-e-type=\"container\">\n\t\t\t\t\t<div class=\"e-con-inner\">\n\t\t\t\t<div class=\"elementor-element elementor-element-5e6e324 elementor-widget elementor-widget-text-editor\" data-id=\"5e6e324\" data-element_type=\"widget\" data-e-type=\"widget\" data-widget_type=\"text-editor.default\">\n\t\t\t\t<div class=\"elementor-widget-container\">\n\t\t\t\t\t\t\t\t\t<p><a href=\"http:\/\/www.sherenna.com.tr\"><strong>www.sherenna.com.tr<\/strong><\/a><\/p>\t\t\t\t\t\t\t\t<\/div>\n\t\t\t\t<\/div>\n\t\t\t\t\t<\/div>\n\t\t\t\t<\/div>\n\t\t\t\t\t<\/div>\n\t\t\t\t<\/div>\n\t\t\t\t\t<\/div>\n\t\t\t\t<\/div>\n\t\t<div data-particle_enable=\"false\" data-particle-mobile-disabled=\"false\" class=\"elementor-element elementor-element-4d679f8 e-flex e-con-boxed e-con e-parent\" data-id=\"4d679f8\" data-element_type=\"container\" data-e-type=\"container\">\n\t\t\t\t\t<div class=\"e-con-inner\">\n\t\t\t\t<div class=\"elementor-element elementor-element-d725c37 elementor-widget-divider--view-line elementor-widget elementor-widget-divider\" data-id=\"d725c37\" data-element_type=\"widget\" data-e-type=\"widget\" data-widget_type=\"divider.default\">\n\t\t\t\t<div class=\"elementor-widget-container\">\n\t\t\t\t\t\t\t<div class=\"elementor-divider\">\n\t\t\t<span class=\"elementor-divider-separator\">\n\t\t\t\t\t\t<\/span>\n\t\t<\/div>\n\t\t\t\t\t\t<\/div>\n\t\t\t\t<\/div>\n\t\t\t\t\t<\/div>\n\t\t\t\t<\/div>\n\t\t<div data-particle_enable=\"false\" data-particle-mobile-disabled=\"false\" class=\"elementor-element elementor-element-5ca012e e-flex e-con-boxed e-con e-parent\" data-id=\"5ca012e\" data-element_type=\"container\" data-e-type=\"container\">\n\t\t\t\t\t<div class=\"e-con-inner\">\n\t\t\t\t<div class=\"elementor-element elementor-element-ea84309 elementor-widget elementor-widget-heading\" data-id=\"ea84309\" data-element_type=\"widget\" data-e-type=\"widget\" data-widget_type=\"heading.default\">\n\t\t\t\t<div class=\"elementor-widget-container\">\n\t\t\t\t\t<h4 class=\"elementor-heading-title elementor-size-default\">Kat\u0131l\u0131mc\u0131 Kategorileri<\/h4>\t\t\t\t<\/div>\n\t\t\t\t<\/div>\n\t\t\t\t<div class=\"elementor-element elementor-element-69989db elementor-icon-list--layout-inline elementor-list-item-link-full_width elementor-widget elementor-widget-icon-list\" data-id=\"69989db\" data-element_type=\"widget\" data-e-type=\"widget\" data-widget_type=\"icon-list.default\">\n\t\t\t\t<div class=\"elementor-widget-container\">\n\t\t\t\t\t\t\t<ul class=\"elementor-icon-list-items elementor-inline-items\">\n\t\t\t\t\t\t\t<li class=\"elementor-icon-list-item elementor-inline-item\">\n\t\t\t\t\t\t\t\t\t\t\t<span class=\"elementor-icon-list-icon\">\n\t\t\t\t\t\t\t<svg xmlns=\"http:\/\/www.w3.org\/2000\/svg\" id=\"Layer_1\" data-name=\"Layer 1\" viewBox=\"0 0 1000 1000\"><defs><style>      .cls-1 {        fill: #fff;      }      .cls-1, .cls-2 {        stroke-width: 0px;      }      .cls-2 {        fill: #832880;      }    <\/style><\/defs><circle class=\"cls-2\" cx=\"500\" cy=\"500\" r=\"500\"><\/circle><path class=\"cls-1\" d=\"M752.2,550.63c-.97-1.84-1.97-3.64-3.02-5.4-.3-.51-.6-1.03-.91-1.54-.18-.29-.35-.59-.53-.87-20.81-34.59-51.99-61.8-89.05-76.99,8.07-4.92,15.75-10.48,23.03-16.7,10.03-8.55,18.82-18.48,26.41-29.79,7.59-11.3,13.66-23.98,18.22-38.04,4.55-14.05,6.83-30.25,6.83-48.59v-1.84c0-50.72-18.76-91.05-56.28-121-37.53-29.94-89.22-44.92-155.09-44.92H224.43v641.69c52.65-140.08,131.51-246.84,243.94-310.96-1.85,3.21-3.65,6.4-5.41,9.58-35.34,34.84-57.37,84.01-57.37,138.5,0,105.66,82.82,191.31,184.99,191.31s184.99-85.65,184.99-191.31c0-33.81-8.49-65.56-23.37-93.11Z\"><\/path><\/svg>\t\t\t\t\t\t<\/span>\n\t\t\t\t\t\t\t\t\t\t<span class=\"elementor-icon-list-text\">Ekipman \/ Aksesuar <\/span>\n\t\t\t\t\t\t\t\t\t<\/li>\n\t\t\t\t\t\t<\/ul>\n\t\t\t\t\t\t<\/div>\n\t\t\t\t<\/div>\n\t\t\t\t\t<\/div>\n\t\t\t\t<\/div>\n\t\t\t\t<\/div>\n\t\t","protected":false},"excerpt":{"rendered":"<p>Hall 3 Stant D-12 Sherenna BytheSea denizde ya\u015faman\u0131n tecr\u00fcbesi, D\u00fcnya trendlerinin paralelinde yenilik\u00e7ili\u011fin dinamizmi, ince zevkin birle\u015fmesi ve titiz bir ara\u015ft\u0131rma ve \u00fcretim s\u00fcrecinin bir araya gelmesi ile ortaya \u00e7\u0131kt\u0131.Tekstil uygulamalar\u0131nda sizin i\u00e7in en \u00f6zel kuma\u015f koleksiyonlar\u0131n\u0131, en fonksiyonel teknik tekstil \u00fcr\u00fcnleri, leke ve s\u0131v\u0131 tutmaz kuma\u015flar\u0131, el dokumalar\u0131n\u0131, ipek iplikleri, saf pamuk \u00fcr\u00fcnleri, en [&hellip;]<\/p>\n","protected":false},"featured_media":5836,"template":"","meta":{"inline_featured_image":false,"wds_primary_product_brand":0,"wds_primary_product_cat":0},"product_brand":[],"product_cat":[15],"product_tag":[],"class_list":{"0":"post-359","1":"product","2":"type-product","3":"status-publish","4":"has-post-thumbnail","6":"product_cat-uncategorized","8":"first","9":"instock","10":"shipping-taxable","11":"product-type-simple"},"_links":{"self":[{"href":"https:\/\/karayerlesim.bosphorusboatshow.com\/tr\/wp-json\/wp\/v2\/product\/359","targetHints":{"allow":["GET"]}}],"collection":[{"href":"https:\/\/karayerlesim.bosphorusboatshow.com\/tr\/wp-json\/wp\/v2\/product"}],"about":[{"href":"https:\/\/karayerlesim.bosphorusboatshow.com\/tr\/wp-json\/wp\/v2\/types\/product"}],"version-history":[{"count":20,"href":"https:\/\/karayerlesim.bosphorusboatshow.com\/tr\/wp-json\/wp\/v2\/product\/359\/revisions"}],"predecessor-version":[{"id":9853,"href":"https:\/\/karayerlesim.bosphorusboatshow.com\/tr\/wp-json\/wp\/v2\/product\/359\/revisions\/9853"}],"wp:featuredmedia":[{"embeddable":true,"href":"https:\/\/karayerlesim.bosphorusboatshow.com\/tr\/wp-json\/wp\/v2\/media\/5836"}],"wp:attachment":[{"href":"https:\/\/karayerlesim.bosphorusboatshow.com\/tr\/wp-json\/wp\/v2\/media?parent=359"}],"wp:term":[{"taxonomy":"product_brand","embeddable":true,"href":"https:\/\/karayerlesim.bosphorusboatshow.com\/tr\/wp-json\/wp\/v2\/product_brand?post=359"},{"taxonomy":"product_cat","embeddable":true,"href":"https:\/\/karayerlesim.bosphorusboatshow.com\/tr\/wp-json\/wp\/v2\/product_cat?post=359"},{"taxonomy":"product_tag","embeddable":true,"href":"https:\/\/karayerlesim.bosphorusboatshow.com\/tr\/wp-json\/wp\/v2\/product_tag?post=359"}],"curies":[{"name":"wp","href":"https:\/\/api.w.org\/{rel}","templated":true}]}}