{"id":3305,"date":"2024-01-23T10:40:12","date_gmt":"2024-01-23T07:40:12","guid":{"rendered":"https:\/\/karayerlesim.bosphorusboatshow.com\/tr\/?post_type=product&#038;p=3305"},"modified":"2025-02-03T13:49:33","modified_gmt":"2025-02-03T10:49:33","slug":"das-otomotiv","status":"publish","type":"product","link":"https:\/\/karayerlesim.bosphorusboatshow.com\/tr\/katilimci-markalar\/das-otomotiv\/","title":{"rendered":"Das Otomotiv"},"content":{"rendered":"\t\t<div data-elementor-type=\"product-post\" data-elementor-id=\"3305\" class=\"elementor elementor-3305\" data-elementor-post-type=\"product\">\n\t\t\t\t<div data-particle_enable=\"false\" data-particle-mobile-disabled=\"false\" class=\"elementor-element elementor-element-dfe73c3 e-flex e-con-boxed e-con e-parent\" data-id=\"dfe73c3\" data-element_type=\"container\" data-e-type=\"container\">\n\t\t\t\t\t<div class=\"e-con-inner\">\n\t\t\t\t<div class=\"elementor-element elementor-element-5b41c81 elementor-widget elementor-widget-button\" data-id=\"5b41c81\" data-element_type=\"widget\" data-e-type=\"widget\" data-widget_type=\"button.default\">\n\t\t\t\t<div class=\"elementor-widget-container\">\n\t\t\t\t\t\t\t\t\t<div class=\"elementor-button-wrapper\">\n\t\t\t\t\t<a class=\"elementor-button elementor-button-link elementor-size-sm\" href=\"https:\/\/karayerlesim.bosphorusboatshow.com\/tr\/\">\n\t\t\t\t\t\t<span class=\"elementor-button-content-wrapper\">\n\t\t\t\t\t\t<span class=\"elementor-button-icon\">\n\t\t\t\t<i aria-hidden=\"true\" class=\"fas fa-map-pin\"><\/i>\t\t\t<\/span>\n\t\t\t\t\t\t\t\t\t<span class=\"elementor-button-text\">Hall 3 Stant D02<\/span>\n\t\t\t\t\t<\/span>\n\t\t\t\t\t<\/a>\n\t\t\t\t<\/div>\n\t\t\t\t\t\t\t\t<\/div>\n\t\t\t\t<\/div>\n\t\t\t\t<div class=\"elementor-element elementor-element-a13a444 elementor-widget elementor-widget-text-editor\" data-id=\"a13a444\" data-element_type=\"widget\" data-e-type=\"widget\" data-widget_type=\"text-editor.default\">\n\t\t\t\t<div class=\"elementor-widget-container\">\n\t\t\t\t\t\t\t\t\t<p>Das Makina Kiralama San. Ve Tic. Ltd. \u015eti. \u0130\u015f hayat\u0131nda k\u0131rk be\u015f y\u0131ll\u0131k tecr\u00fcbesiyle, daima end\u00fcstriyel anlamda iyi olan\u0131 ve \u00f6nde gelen mal ve hizmetleri m\u00fc\u015fterilerine sunmay\u0131 misyon edinmi\u015ftir. Vazge\u00e7ilmez hedefi, faaliyet g\u00f6sterdi\u011fi her alanda en iyisi olmak ve att\u0131\u011f\u0131 her ad\u0131mda; m\u00fc\u015fterileri, tedarik\u00e7ileri ve \u00e7al\u0131\u015fanlar\u0131na, katma de\u011fer yaratmakt\u0131r. Deneyimlerimiz ve m\u00fc\u015fterilerimizin g\u00fcveni bizi d\u00fcnya \u00e7ap\u0131nda tan\u0131nan ve g\u00fcvenilir bir tedarik\u00e7i haline getirmi\u015ftir. Das Makina Kiralama San. Ve Tic. Ltd. \u015eti. Cimolai Technology S.p.a. Marin ekipmanlar\u0131 yetkili distrib\u00fct\u00f6r\u00fc olarak faaliyet g\u00f6stermektedir. Cimolai \u00fcr\u00fcnlerinin sat\u0131\u015f ve servisinden sorumlu olarak, Azerbaycan, Kazakistan, T\u00fcrkmenistan, Irak, baz\u0131 Afrika, Avrupa ve Asya \u00fclkeleri de dahil olmak \u00fczere, bir\u00e7ok \u00fclkede \u00e7al\u0131\u015fmalar\u0131n\u0131 s\u00fcrd\u00fcren T\u00fcrk in\u015faat \u015firketlerine hizmet vermektedir. Das Makina Kiralama San. Ve Tic. Ltd. \u015eti. Fabrika e\u011fitimli teknisyen ve m\u00fchendisleri ile i\u015f ortaklar\u0131n\u0131n servis ihtiya\u00e7lar\u0131n\u0131 ve yedek par\u00e7a ihtiya\u00e7lar\u0131n\u0131 kar\u015f\u0131lamaktad\u0131r. Sat\u0131\u015f Sonras\u0131 Servis Hizmetleriyle sekt\u00f6rde hat\u0131r\u0131 say\u0131l\u0131r bir konumda olan Das\u2019\u0131n, servis a\u011f\u0131 ve servis hizmeti verilen \u00fclkelerin say\u0131s\u0131 her ge\u00e7en g\u00fcn artmaktad\u0131r, Son olarak 60\u2019tan fazla \u00fclke i\u00e7in servis ve yedek par\u00e7a hizmetini vermektedir.<\/p>\t\t\t\t\t\t\t\t<\/div>\n\t\t\t\t<\/div>\n\t\t<div data-particle_enable=\"false\" data-particle-mobile-disabled=\"false\" class=\"elementor-element elementor-element-7be2390 e-flex e-con-boxed e-con e-child\" data-id=\"7be2390\" data-element_type=\"container\" data-e-type=\"container\">\n\t\t\t\t\t<div class=\"e-con-inner\">\n\t\t\t\t<div class=\"elementor-element elementor-element-3c2023c elementor-widget elementor-widget-text-editor\" data-id=\"3c2023c\" data-element_type=\"widget\" data-e-type=\"widget\" data-widget_type=\"text-editor.default\">\n\t\t\t\t<div class=\"elementor-widget-container\">\n\t\t\t\t\t\t\t\t\t<p><strong><a href=\"http:\/\/dasmakina.com.tr\">dasmakina.com.tr<\/a><\/strong><\/p>\t\t\t\t\t\t\t\t<\/div>\n\t\t\t\t<\/div>\n\t\t\t\t\t<\/div>\n\t\t\t\t<\/div>\n\t\t\t\t\t<\/div>\n\t\t\t\t<\/div>\n\t\t<div data-particle_enable=\"false\" data-particle-mobile-disabled=\"false\" class=\"elementor-element elementor-element-5bbb5ef e-flex e-con-boxed e-con e-parent\" data-id=\"5bbb5ef\" data-element_type=\"container\" data-e-type=\"container\">\n\t\t\t\t\t<div class=\"e-con-inner\">\n\t\t\t\t<div class=\"elementor-element elementor-element-23da26e elementor-widget elementor-widget-gallery\" data-id=\"23da26e\" data-element_type=\"widget\" data-e-type=\"widget\" data-settings=\"{&quot;columns&quot;:5,&quot;gap&quot;:{&quot;unit&quot;:&quot;px&quot;,&quot;size&quot;:5,&quot;sizes&quot;:[]},&quot;gallery_layout&quot;:&quot;grid&quot;,&quot;columns_tablet&quot;:2,&quot;columns_mobile&quot;:1,&quot;gap_tablet&quot;:{&quot;unit&quot;:&quot;px&quot;,&quot;size&quot;:10,&quot;sizes&quot;:[]},&quot;gap_mobile&quot;:{&quot;unit&quot;:&quot;px&quot;,&quot;size&quot;:10,&quot;sizes&quot;:[]},&quot;aspect_ratio&quot;:&quot;3:2&quot;,&quot;content_hover_animation&quot;:&quot;fade-in&quot;}\" data-widget_type=\"gallery.default\">\n\t\t\t\t<div class=\"elementor-widget-container\">\n\t\t\t\t\t\t\t<div class=\"elementor-gallery__container\">\n\t\t\t\t\t\t\t<div class=\"e-gallery-item elementor-gallery-item elementor-animated-content\">\n\t\t\t\t\t<div class=\"e-gallery-image elementor-gallery-item__image\" data-thumbnail=\"https:\/\/karayerlesim.bosphorusboatshow.com\/wp-content\/uploads\/sites\/4\/2024\/01\/cimolailogo.png\" data-width=\"160\" data-height=\"100\" aria-label=\"\" role=\"img\" ><\/div>\n\t\t\t\t\t\t\t\t\t\t\t\t\t\t<\/div>\n\t\t\t\t\t<\/div>\n\t\t\t\t\t<\/div>\n\t\t\t\t<\/div>\n\t\t\t\t\t<\/div>\n\t\t\t\t<\/div>\n\t\t<div data-particle_enable=\"false\" data-particle-mobile-disabled=\"false\" class=\"elementor-element elementor-element-370a9c7 e-flex e-con-boxed e-con e-parent\" data-id=\"370a9c7\" data-element_type=\"container\" data-e-type=\"container\">\n\t\t\t\t\t<div class=\"e-con-inner\">\n\t\t\t\t<div class=\"elementor-element elementor-element-481daaa elementor-widget-divider--view-line elementor-widget elementor-widget-divider\" data-id=\"481daaa\" data-element_type=\"widget\" data-e-type=\"widget\" data-widget_type=\"divider.default\">\n\t\t\t\t<div class=\"elementor-widget-container\">\n\t\t\t\t\t\t\t<div class=\"elementor-divider\">\n\t\t\t<span class=\"elementor-divider-separator\">\n\t\t\t\t\t\t<\/span>\n\t\t<\/div>\n\t\t\t\t\t\t<\/div>\n\t\t\t\t<\/div>\n\t\t\t\t<div class=\"elementor-element elementor-element-8c244ef elementor-widget elementor-widget-gallery\" data-id=\"8c244ef\" data-element_type=\"widget\" data-e-type=\"widget\" data-settings=\"{&quot;columns&quot;:5,&quot;gap&quot;:{&quot;unit&quot;:&quot;px&quot;,&quot;size&quot;:5,&quot;sizes&quot;:[]},&quot;gallery_layout&quot;:&quot;grid&quot;,&quot;columns_tablet&quot;:2,&quot;columns_mobile&quot;:1,&quot;gap_tablet&quot;:{&quot;unit&quot;:&quot;px&quot;,&quot;size&quot;:10,&quot;sizes&quot;:[]},&quot;gap_mobile&quot;:{&quot;unit&quot;:&quot;px&quot;,&quot;size&quot;:10,&quot;sizes&quot;:[]},&quot;aspect_ratio&quot;:&quot;3:2&quot;,&quot;content_hover_animation&quot;:&quot;fade-in&quot;}\" data-widget_type=\"gallery.default\">\n\t\t\t\t<div class=\"elementor-widget-container\">\n\t\t\t\t\t\t\t<div class=\"elementor-gallery__container\">\n\t\t\t\t\t\t\t<div class=\"e-gallery-item elementor-gallery-item elementor-animated-content\">\n\t\t\t\t\t<div class=\"e-gallery-image elementor-gallery-item__image\" data-thumbnail=\"https:\/\/karayerlesim.bosphorusboatshow.com\/wp-content\/uploads\/sites\/4\/2025\/02\/MBH600-300x225.jpg\" data-width=\"300\" data-height=\"225\" aria-label=\"\" role=\"img\" ><\/div>\n\t\t\t\t\t\t\t\t\t\t\t\t\t\t<\/div>\n\t\t\t\t\t<\/div>\n\t\t\t\t\t<\/div>\n\t\t\t\t<\/div>\n\t\t\t\t<div class=\"elementor-element elementor-element-2a8a956 elementor-widget-divider--view-line elementor-widget elementor-widget-divider\" data-id=\"2a8a956\" data-element_type=\"widget\" data-e-type=\"widget\" data-widget_type=\"divider.default\">\n\t\t\t\t<div class=\"elementor-widget-container\">\n\t\t\t\t\t\t\t<div class=\"elementor-divider\">\n\t\t\t<span class=\"elementor-divider-separator\">\n\t\t\t\t\t\t<\/span>\n\t\t<\/div>\n\t\t\t\t\t\t<\/div>\n\t\t\t\t<\/div>\n\t\t\t\t\t<\/div>\n\t\t\t\t<\/div>\n\t\t<div data-particle_enable=\"false\" data-particle-mobile-disabled=\"false\" class=\"elementor-element elementor-element-e492901 e-flex e-con-boxed e-con e-parent\" data-id=\"e492901\" data-element_type=\"container\" data-e-type=\"container\">\n\t\t\t\t\t<div class=\"e-con-inner\">\n\t\t\t\t<div class=\"elementor-element elementor-element-f3797b6 elementor-widget elementor-widget-heading\" data-id=\"f3797b6\" data-element_type=\"widget\" data-e-type=\"widget\" data-widget_type=\"heading.default\">\n\t\t\t\t<div class=\"elementor-widget-container\">\n\t\t\t\t\t<h4 class=\"elementor-heading-title elementor-size-default\">Kat\u0131l\u0131mc\u0131 Kategorileri<\/h4>\t\t\t\t<\/div>\n\t\t\t\t<\/div>\n\t\t\t\t<div class=\"elementor-element elementor-element-c9e127b elementor-icon-list--layout-inline elementor-list-item-link-full_width elementor-widget elementor-widget-icon-list\" data-id=\"c9e127b\" data-element_type=\"widget\" data-e-type=\"widget\" data-widget_type=\"icon-list.default\">\n\t\t\t\t<div class=\"elementor-widget-container\">\n\t\t\t\t\t\t\t<ul class=\"elementor-icon-list-items elementor-inline-items\">\n\t\t\t\t\t\t\t<li class=\"elementor-icon-list-item elementor-inline-item\">\n\t\t\t\t\t\t\t\t\t\t\t<span class=\"elementor-icon-list-icon\">\n\t\t\t\t\t\t\t<svg xmlns=\"http:\/\/www.w3.org\/2000\/svg\" id=\"Layer_1\" data-name=\"Layer 1\" viewBox=\"0 0 1000 1000\"><defs><style>      .cls-1 {        fill: #fff;      }      .cls-1, .cls-2 {        stroke-width: 0px;      }      .cls-2 {        fill: #832880;      }    <\/style><\/defs><circle class=\"cls-2\" cx=\"500\" cy=\"500\" r=\"500\"><\/circle><path class=\"cls-1\" d=\"M752.2,550.63c-.97-1.84-1.97-3.64-3.02-5.4-.3-.51-.6-1.03-.91-1.54-.18-.29-.35-.59-.53-.87-20.81-34.59-51.99-61.8-89.05-76.99,8.07-4.92,15.75-10.48,23.03-16.7,10.03-8.55,18.82-18.48,26.41-29.79,7.59-11.3,13.66-23.98,18.22-38.04,4.55-14.05,6.83-30.25,6.83-48.59v-1.84c0-50.72-18.76-91.05-56.28-121-37.53-29.94-89.22-44.92-155.09-44.92H224.43v641.69c52.65-140.08,131.51-246.84,243.94-310.96-1.85,3.21-3.65,6.4-5.41,9.58-35.34,34.84-57.37,84.01-57.37,138.5,0,105.66,82.82,191.31,184.99,191.31s184.99-85.65,184.99-191.31c0-33.81-8.49-65.56-23.37-93.11Z\"><\/path><\/svg>\t\t\t\t\t\t<\/span>\n\t\t\t\t\t\t\t\t\t\t<span class=\"elementor-icon-list-text\">Ekipman \/ Aksesuar <\/span>\n\t\t\t\t\t\t\t\t\t<\/li>\n\t\t\t\t\t\t<\/ul>\n\t\t\t\t\t\t<\/div>\n\t\t\t\t<\/div>\n\t\t\t\t\t<\/div>\n\t\t\t\t<\/div>\n\t\t\t\t<\/div>\n\t\t","protected":false},"excerpt":{"rendered":"<p>Hall 3 Stant D02 Das Makina Kiralama San. Ve Tic. Ltd. \u015eti. \u0130\u015f hayat\u0131nda k\u0131rk be\u015f y\u0131ll\u0131k tecr\u00fcbesiyle, daima end\u00fcstriyel anlamda iyi olan\u0131 ve \u00f6nde gelen mal ve hizmetleri m\u00fc\u015fterilerine sunmay\u0131 misyon edinmi\u015ftir. Vazge\u00e7ilmez hedefi, faaliyet g\u00f6sterdi\u011fi her alanda en iyisi olmak ve att\u0131\u011f\u0131 her ad\u0131mda; m\u00fc\u015fterileri, tedarik\u00e7ileri ve \u00e7al\u0131\u015fanlar\u0131na, katma de\u011fer yaratmakt\u0131r. Deneyimlerimiz ve [&hellip;]<\/p>\n","protected":false},"featured_media":4003,"template":"","meta":{"inline_featured_image":false,"wds_primary_product_brand":0,"wds_primary_product_cat":0},"product_brand":[],"product_cat":[15],"product_tag":[],"class_list":{"0":"post-3305","1":"product","2":"type-product","3":"status-publish","4":"has-post-thumbnail","6":"product_cat-uncategorized","8":"first","9":"instock","10":"shipping-taxable","11":"product-type-simple"},"_links":{"self":[{"href":"https:\/\/karayerlesim.bosphorusboatshow.com\/tr\/wp-json\/wp\/v2\/product\/3305","targetHints":{"allow":["GET"]}}],"collection":[{"href":"https:\/\/karayerlesim.bosphorusboatshow.com\/tr\/wp-json\/wp\/v2\/product"}],"about":[{"href":"https:\/\/karayerlesim.bosphorusboatshow.com\/tr\/wp-json\/wp\/v2\/types\/product"}],"version-history":[{"count":25,"href":"https:\/\/karayerlesim.bosphorusboatshow.com\/tr\/wp-json\/wp\/v2\/product\/3305\/revisions"}],"predecessor-version":[{"id":9929,"href":"https:\/\/karayerlesim.bosphorusboatshow.com\/tr\/wp-json\/wp\/v2\/product\/3305\/revisions\/9929"}],"wp:featuredmedia":[{"embeddable":true,"href":"https:\/\/karayerlesim.bosphorusboatshow.com\/tr\/wp-json\/wp\/v2\/media\/4003"}],"wp:attachment":[{"href":"https:\/\/karayerlesim.bosphorusboatshow.com\/tr\/wp-json\/wp\/v2\/media?parent=3305"}],"wp:term":[{"taxonomy":"product_brand","embeddable":true,"href":"https:\/\/karayerlesim.bosphorusboatshow.com\/tr\/wp-json\/wp\/v2\/product_brand?post=3305"},{"taxonomy":"product_cat","embeddable":true,"href":"https:\/\/karayerlesim.bosphorusboatshow.com\/tr\/wp-json\/wp\/v2\/product_cat?post=3305"},{"taxonomy":"product_tag","embeddable":true,"href":"https:\/\/karayerlesim.bosphorusboatshow.com\/tr\/wp-json\/wp\/v2\/product_tag?post=3305"}],"curies":[{"name":"wp","href":"https:\/\/api.w.org\/{rel}","templated":true}]}}