{"id":3192,"date":"2024-01-23T10:11:08","date_gmt":"2024-01-23T07:11:08","guid":{"rendered":"https:\/\/karayerlesim.bosphorusboatshow.com\/tr\/?post_type=product&#038;p=3192"},"modified":"2025-02-03T16:09:08","modified_gmt":"2025-02-03T13:09:08","slug":"hunters-yacht","status":"publish","type":"product","link":"https:\/\/karayerlesim.bosphorusboatshow.com\/tr\/katilimci-markalar\/hunters-yacht\/","title":{"rendered":"Hunters Yacht"},"content":{"rendered":"\t\t<div data-elementor-type=\"product-post\" data-elementor-id=\"3192\" class=\"elementor elementor-3192\" data-elementor-post-type=\"product\">\n\t\t\t\t<div data-particle_enable=\"false\" data-particle-mobile-disabled=\"false\" class=\"elementor-element elementor-element-f0fa77e e-flex e-con-boxed e-con e-parent\" data-id=\"f0fa77e\" data-element_type=\"container\" data-e-type=\"container\">\n\t\t\t\t\t<div class=\"e-con-inner\">\n\t\t\t\t<div class=\"elementor-element elementor-element-3b9e5d3 elementor-widget elementor-widget-button\" data-id=\"3b9e5d3\" data-element_type=\"widget\" data-e-type=\"widget\" data-widget_type=\"button.default\">\n\t\t\t\t<div class=\"elementor-widget-container\">\n\t\t\t\t\t\t\t\t\t<div class=\"elementor-button-wrapper\">\n\t\t\t\t\t<a class=\"elementor-button elementor-button-link elementor-size-sm\" href=\"https:\/\/karayerlesim.bosphorusboatshow.com\/tr\/\">\n\t\t\t\t\t\t<span class=\"elementor-button-content-wrapper\">\n\t\t\t\t\t\t<span class=\"elementor-button-icon\">\n\t\t\t\t<i aria-hidden=\"true\" class=\"fas fa-map-pin\"><\/i>\t\t\t<\/span>\n\t\t\t\t\t\t\t\t\t<span class=\"elementor-button-text\">Hall 1 Stant C13<\/span>\n\t\t\t\t\t<\/span>\n\t\t\t\t\t<\/a>\n\t\t\t\t<\/div>\n\t\t\t\t\t\t\t\t<\/div>\n\t\t\t\t<\/div>\n\t\t\t\t<div class=\"elementor-element elementor-element-b229e2f elementor-widget elementor-widget-text-editor\" data-id=\"b229e2f\" data-element_type=\"widget\" data-e-type=\"widget\" data-widget_type=\"text-editor.default\">\n\t\t\t\t<div class=\"elementor-widget-container\">\n\t\t\t\t\t\t\t\t\t<p>&#8220;Hunters M 40: Yenilik\u00e7i Tasar\u0131m\u0131 ve Teknolojik Donan\u0131m\u0131yla Fark Yarat\u0131yor!<\/p><p>Deniz tutkunlar\u0131n\u0131 etkileyici bir deneyimle bulu\u015fturan Hunters M 40, A Design Award 2021 Yacht and Marine Vessels kategorisindeki ba\u015far\u0131s\u0131yla dikkat \u00e7ekiyor. Tamamen teknolojik ve \u015f\u0131k tasar\u0131m\u0131yla \u00f6ne \u00e7\u0131kan bu yeni nesil motor yat, 12 metrelik boyutuyla nadir bulunan 3 kabinli konseptiyle benzersiz bir seyir deneyimi sunuyor. Teknenin arka k\u0131sm\u0131nda yer alan dikey olarak \u00e7al\u0131\u015fan s\u00fcrg\u00fcl\u00fc platform, suya kolay eri\u015fim sa\u011flamakla kalmay\u0131p ayn\u0131 zamanda iskeleye rahat\u00e7a ula\u015f\u0131m imkan\u0131 sunuyor.<\/p><p>K\u0131\u00e7 koltu\u011fundaki \u00e7ift tarafl\u0131 s\u0131rt, seyir halindeyken manzara keyfini en \u00fcst d\u00fczeye \u00e7\u0131kar\u0131rken, gizli \u00e7apa ve far\u0131yla da estetik bir g\u00f6rsel \u015f\u00f6len sunuyor. Hunters M 40&#8217;\u0131n 12 metrelik alan\u0131n\u0131 en etkili \u015fekilde kullanman\u0131za olanak tan\u0131yan kayan platform, fonksiyonelli\u011fi ve kullan\u0131m kolayl\u0131\u011f\u0131yla \u00f6ne \u00e7\u0131k\u0131yor. Karbon Fiber, CTP, renkli cam ve paslanmaz \u00e7elik gibi y\u00fcksek kaliteli malzemeler kullan\u0131larak \u00fcretilen bu teknolojik harikada, sadece yat\u0131n g\u00f6vdesinde kullan\u0131lan paslanmaz \u00e7elik detaylar, \u015f\u0131kl\u0131\u011f\u0131 ve dayan\u0131kl\u0131l\u0131\u011f\u0131 bir araya getiriyor.<\/p><p>Hunters M 40, fuar boyunca ziyaret\u00e7ilere benzersiz bir yat deneyimi ya\u015fatmak \u00fczere tasarland\u0131. Hem fonksiyonelli\u011fi hem de esteti\u011fi bir araya getiren bu m\u00fckemmel tasar\u0131m, deniz severlere l\u00fcks ve konforun yeni bir boyutunu sunuyor. Fuar\u0131m\u0131za bekliyor, Hunters M 40&#8217;\u0131n e\u015fsiz d\u00fcnyas\u0131n\u0131 ke\u015ffetmeye davet ediyoruz.&#8221;<\/p>\t\t\t\t\t\t\t\t<\/div>\n\t\t\t\t<\/div>\n\t\t<div data-particle_enable=\"false\" data-particle-mobile-disabled=\"false\" class=\"elementor-element elementor-element-81ca461 e-flex e-con-boxed e-con e-child\" data-id=\"81ca461\" data-element_type=\"container\" data-e-type=\"container\">\n\t\t\t\t\t<div class=\"e-con-inner\">\n\t\t\t\t<div class=\"elementor-element elementor-element-ef2ee9b elementor-widget elementor-widget-text-editor\" data-id=\"ef2ee9b\" data-element_type=\"widget\" data-e-type=\"widget\" data-widget_type=\"text-editor.default\">\n\t\t\t\t<div class=\"elementor-widget-container\">\n\t\t\t\t\t\t\t\t\t<div id=\"qid_88\" class=\"jfAnswer jfSubmission-answer isTextbox\"><div class=\"sc-lbhJGD fsgvyP jfAnswer-container\"><div class=\"sc-eJwWfJ cUDtym jfAnswer-answer-wrapper\"><div class=\"jfAnswer-answer\"><strong><a href=\"http:\/\/www.huntersyacht.com\">www.huntersyacht.com<\/a><\/strong><\/div><\/div><\/div><div class=\"jfAnswer-addNote\"><div class=\"jfAnswer-addNote-button forNoteCount\" aria-hidden=\"true\">\u00a0<\/div><\/div><\/div><div id=\"qid_49\" class=\"jfAnswer jfSubmission-answer isFileupload\"><div class=\"jfAnswer-container\"><div class=\"jfAnswer-question\">\u00a0<\/div><\/div><\/div>\t\t\t\t\t\t\t\t<\/div>\n\t\t\t\t<\/div>\n\t\t\t\t\t<\/div>\n\t\t\t\t<\/div>\n\t\t\t\t\t<\/div>\n\t\t\t\t<\/div>\n\t\t<div data-particle_enable=\"false\" data-particle-mobile-disabled=\"false\" class=\"elementor-element elementor-element-8207d91 e-flex e-con-boxed e-con e-parent\" data-id=\"8207d91\" data-element_type=\"container\" data-e-type=\"container\">\n\t\t\t\t\t<div class=\"e-con-inner\">\n\t\t\t\t<div class=\"elementor-element elementor-element-76f8596 elementor-widget-divider--view-line elementor-widget elementor-widget-divider\" data-id=\"76f8596\" data-element_type=\"widget\" data-e-type=\"widget\" data-widget_type=\"divider.default\">\n\t\t\t\t<div class=\"elementor-widget-container\">\n\t\t\t\t\t\t\t<div class=\"elementor-divider\">\n\t\t\t<span class=\"elementor-divider-separator\">\n\t\t\t\t\t\t<\/span>\n\t\t<\/div>\n\t\t\t\t\t\t<\/div>\n\t\t\t\t<\/div>\n\t\t\t\t\t<\/div>\n\t\t\t\t<\/div>\n\t\t<div data-particle_enable=\"false\" data-particle-mobile-disabled=\"false\" class=\"elementor-element elementor-element-4ef9270 e-flex e-con-boxed e-con e-parent\" data-id=\"4ef9270\" data-element_type=\"container\" data-e-type=\"container\">\n\t\t\t\t\t<div class=\"e-con-inner\">\n\t\t\t\t<div class=\"elementor-element elementor-element-26d0e9a elementor-widget elementor-widget-gallery\" data-id=\"26d0e9a\" data-element_type=\"widget\" data-e-type=\"widget\" data-settings=\"{&quot;columns&quot;:3,&quot;gallery_layout&quot;:&quot;grid&quot;,&quot;columns_tablet&quot;:2,&quot;columns_mobile&quot;:1,&quot;gap&quot;:{&quot;unit&quot;:&quot;px&quot;,&quot;size&quot;:10,&quot;sizes&quot;:[]},&quot;gap_tablet&quot;:{&quot;unit&quot;:&quot;px&quot;,&quot;size&quot;:10,&quot;sizes&quot;:[]},&quot;gap_mobile&quot;:{&quot;unit&quot;:&quot;px&quot;,&quot;size&quot;:10,&quot;sizes&quot;:[]},&quot;link_to&quot;:&quot;file&quot;,&quot;aspect_ratio&quot;:&quot;3:2&quot;,&quot;overlay_background&quot;:&quot;yes&quot;,&quot;content_hover_animation&quot;:&quot;fade-in&quot;}\" data-widget_type=\"gallery.default\">\n\t\t\t\t<div class=\"elementor-widget-container\">\n\t\t\t\t\t\t\t<div class=\"elementor-gallery__container\">\n\t\t\t\t\t\t\t<a class=\"e-gallery-item elementor-gallery-item elementor-animated-content\" href=\"https:\/\/karayerlesim.bosphorusboatshow.com\/wp-content\/uploads\/sites\/4\/2024\/01\/Untitled-1_0002_hunter_post2_logosuz.jpg\" data-elementor-open-lightbox=\"yes\" data-elementor-lightbox-slideshow=\"26d0e9a\" data-elementor-lightbox-title=\"Untitled-1_0002_hunter_post2_logosuz\" data-e-action-hash=\"#elementor-action%3Aaction%3Dlightbox%26settings%3DeyJpZCI6MzUzMCwidXJsIjoiaHR0cHM6XC9cL2thcmF5ZXJsZXNpbS5ib3NwaG9ydXNib2F0c2hvdy5jb21cL3dwLWNvbnRlbnRcL3VwbG9hZHNcL3NpdGVzXC80XC8yMDI0XC8wMVwvVW50aXRsZWQtMV8wMDAyX2h1bnRlcl9wb3N0Ml9sb2dvc3V6LmpwZyIsInNsaWRlc2hvdyI6IjI2ZDBlOWEifQ%3D%3D\">\n\t\t\t\t\t<div class=\"e-gallery-image elementor-gallery-item__image\" data-thumbnail=\"https:\/\/karayerlesim.bosphorusboatshow.com\/wp-content\/uploads\/sites\/4\/2024\/01\/Untitled-1_0002_hunter_post2_logosuz-300x169.jpg\" data-width=\"300\" data-height=\"169\" aria-label=\"\" role=\"img\" ><\/div>\n\t\t\t\t\t\t\t\t\t\t\t<div class=\"elementor-gallery-item__overlay\"><\/div>\n\t\t\t\t\t\t\t\t\t\t\t\t\t\t<\/a>\n\t\t\t\t\t\t\t<a class=\"e-gallery-item elementor-gallery-item elementor-animated-content\" href=\"https:\/\/karayerlesim.bosphorusboatshow.com\/wp-content\/uploads\/sites\/4\/2024\/01\/Untitled-1_0003_DSCF1766.jpg\" data-elementor-open-lightbox=\"yes\" data-elementor-lightbox-slideshow=\"26d0e9a\" data-elementor-lightbox-title=\"Untitled-1_0003_DSCF1766\" data-e-action-hash=\"#elementor-action%3Aaction%3Dlightbox%26settings%3DeyJpZCI6MzUzMiwidXJsIjoiaHR0cHM6XC9cL2thcmF5ZXJsZXNpbS5ib3NwaG9ydXNib2F0c2hvdy5jb21cL3dwLWNvbnRlbnRcL3VwbG9hZHNcL3NpdGVzXC80XC8yMDI0XC8wMVwvVW50aXRsZWQtMV8wMDAzX0RTQ0YxNzY2LmpwZyIsInNsaWRlc2hvdyI6IjI2ZDBlOWEifQ%3D%3D\">\n\t\t\t\t\t<div class=\"e-gallery-image elementor-gallery-item__image\" data-thumbnail=\"https:\/\/karayerlesim.bosphorusboatshow.com\/wp-content\/uploads\/sites\/4\/2024\/01\/Untitled-1_0003_DSCF1766-300x169.jpg\" data-width=\"300\" data-height=\"169\" aria-label=\"\" role=\"img\" ><\/div>\n\t\t\t\t\t\t\t\t\t\t\t<div class=\"elementor-gallery-item__overlay\"><\/div>\n\t\t\t\t\t\t\t\t\t\t\t\t\t\t<\/a>\n\t\t\t\t\t\t\t<a class=\"e-gallery-item elementor-gallery-item elementor-animated-content\" href=\"https:\/\/karayerlesim.bosphorusboatshow.com\/wp-content\/uploads\/sites\/4\/2024\/01\/Untitled-1_0004_DSCF1765.jpg\" data-elementor-open-lightbox=\"yes\" data-elementor-lightbox-slideshow=\"26d0e9a\" data-elementor-lightbox-title=\"Untitled-1_0004_DSCF1765\" data-e-action-hash=\"#elementor-action%3Aaction%3Dlightbox%26settings%3DeyJpZCI6MzUzNCwidXJsIjoiaHR0cHM6XC9cL2thcmF5ZXJsZXNpbS5ib3NwaG9ydXNib2F0c2hvdy5jb21cL3dwLWNvbnRlbnRcL3VwbG9hZHNcL3NpdGVzXC80XC8yMDI0XC8wMVwvVW50aXRsZWQtMV8wMDA0X0RTQ0YxNzY1LmpwZyIsInNsaWRlc2hvdyI6IjI2ZDBlOWEifQ%3D%3D\">\n\t\t\t\t\t<div class=\"e-gallery-image elementor-gallery-item__image\" data-thumbnail=\"https:\/\/karayerlesim.bosphorusboatshow.com\/wp-content\/uploads\/sites\/4\/2024\/01\/Untitled-1_0004_DSCF1765-300x169.jpg\" data-width=\"300\" data-height=\"169\" aria-label=\"\" role=\"img\" ><\/div>\n\t\t\t\t\t\t\t\t\t\t\t<div class=\"elementor-gallery-item__overlay\"><\/div>\n\t\t\t\t\t\t\t\t\t\t\t\t\t\t<\/a>\n\t\t\t\t\t\t\t<a class=\"e-gallery-item elementor-gallery-item elementor-animated-content\" href=\"https:\/\/karayerlesim.bosphorusboatshow.com\/wp-content\/uploads\/sites\/4\/2024\/01\/Untitled-1_0001_Hunters1.jpg\" data-elementor-open-lightbox=\"yes\" data-elementor-lightbox-slideshow=\"26d0e9a\" data-elementor-lightbox-title=\"Untitled-1_0001_Hunters1\" data-e-action-hash=\"#elementor-action%3Aaction%3Dlightbox%26settings%3DeyJpZCI6MzUzNiwidXJsIjoiaHR0cHM6XC9cL2thcmF5ZXJsZXNpbS5ib3NwaG9ydXNib2F0c2hvdy5jb21cL3dwLWNvbnRlbnRcL3VwbG9hZHNcL3NpdGVzXC80XC8yMDI0XC8wMVwvVW50aXRsZWQtMV8wMDAxX0h1bnRlcnMxLmpwZyIsInNsaWRlc2hvdyI6IjI2ZDBlOWEifQ%3D%3D\">\n\t\t\t\t\t<div class=\"e-gallery-image elementor-gallery-item__image\" data-thumbnail=\"https:\/\/karayerlesim.bosphorusboatshow.com\/wp-content\/uploads\/sites\/4\/2024\/01\/Untitled-1_0001_Hunters1-300x169.jpg\" data-width=\"300\" data-height=\"169\" aria-label=\"\" role=\"img\" ><\/div>\n\t\t\t\t\t\t\t\t\t\t\t<div class=\"elementor-gallery-item__overlay\"><\/div>\n\t\t\t\t\t\t\t\t\t\t\t\t\t\t<\/a>\n\t\t\t\t\t<\/div>\n\t\t\t\t\t<\/div>\n\t\t\t\t<\/div>\n\t\t\t\t<div class=\"elementor-element elementor-element-76f6a43 elementor-widget-divider--view-line elementor-widget elementor-widget-divider\" data-id=\"76f6a43\" data-element_type=\"widget\" data-e-type=\"widget\" data-widget_type=\"divider.default\">\n\t\t\t\t<div class=\"elementor-widget-container\">\n\t\t\t\t\t\t\t<div class=\"elementor-divider\">\n\t\t\t<span class=\"elementor-divider-separator\">\n\t\t\t\t\t\t<\/span>\n\t\t<\/div>\n\t\t\t\t\t\t<\/div>\n\t\t\t\t<\/div>\n\t\t\t\t\t<\/div>\n\t\t\t\t<\/div>\n\t\t<div data-particle_enable=\"false\" data-particle-mobile-disabled=\"false\" class=\"elementor-element elementor-element-3a65aad e-flex e-con-boxed e-con e-parent\" data-id=\"3a65aad\" data-element_type=\"container\" data-e-type=\"container\">\n\t\t\t\t\t<div class=\"e-con-inner\">\n\t\t\t\t<div class=\"elementor-element elementor-element-e2adee6 elementor-widget elementor-widget-heading\" data-id=\"e2adee6\" data-element_type=\"widget\" data-e-type=\"widget\" data-widget_type=\"heading.default\">\n\t\t\t\t<div class=\"elementor-widget-container\">\n\t\t\t\t\t<h4 class=\"elementor-heading-title elementor-size-default\">Kat\u0131l\u0131mc\u0131 Kategorileri<\/h4>\t\t\t\t<\/div>\n\t\t\t\t<\/div>\n\t\t\t\t<div class=\"elementor-element elementor-element-b89446c elementor-icon-list--layout-inline elementor-list-item-link-full_width elementor-widget elementor-widget-icon-list\" data-id=\"b89446c\" data-element_type=\"widget\" data-e-type=\"widget\" data-widget_type=\"icon-list.default\">\n\t\t\t\t<div class=\"elementor-widget-container\">\n\t\t\t\t\t\t\t<ul class=\"elementor-icon-list-items elementor-inline-items\">\n\t\t\t\t\t\t\t<li class=\"elementor-icon-list-item elementor-inline-item\">\n\t\t\t\t\t\t\t\t\t\t\t<span class=\"elementor-icon-list-icon\">\n\t\t\t\t\t\t\t<svg xmlns=\"http:\/\/www.w3.org\/2000\/svg\" id=\"Layer_1\" data-name=\"Layer 1\" viewBox=\"0 0 1000 1000\"><defs><style>      .cls-1 {        fill: #fff;      }      .cls-1, .cls-2 {        stroke-width: 0px;      }      .cls-2 {        fill: #832880;      }    <\/style><\/defs><circle class=\"cls-2\" cx=\"500\" cy=\"500\" r=\"500\"><\/circle><path class=\"cls-1\" d=\"M752.2,550.63c-.97-1.84-1.97-3.64-3.02-5.4-.3-.51-.6-1.03-.91-1.54-.18-.29-.35-.59-.53-.87-20.81-34.59-51.99-61.8-89.05-76.99,8.07-4.92,15.75-10.48,23.03-16.7,10.03-8.55,18.82-18.48,26.41-29.79,7.59-11.3,13.66-23.98,18.22-38.04,4.55-14.05,6.83-30.25,6.83-48.59v-1.84c0-50.72-18.76-91.05-56.28-121-37.53-29.94-89.22-44.92-155.09-44.92H224.43v641.69c52.65-140.08,131.51-246.84,243.94-310.96-1.85,3.21-3.65,6.4-5.41,9.58-35.34,34.84-57.37,84.01-57.37,138.5,0,105.66,82.82,191.31,184.99,191.31s184.99-85.65,184.99-191.31c0-33.81-8.49-65.56-23.37-93.11Z\"><\/path><\/svg>\t\t\t\t\t\t<\/span>\n\t\t\t\t\t\t\t\t\t\t<span class=\"elementor-icon-list-text\">Motoryacht<\/span>\n\t\t\t\t\t\t\t\t\t<\/li>\n\t\t\t\t\t\t<\/ul>\n\t\t\t\t\t\t<\/div>\n\t\t\t\t<\/div>\n\t\t\t\t\t<\/div>\n\t\t\t\t<\/div>\n\t\t\t\t<\/div>\n\t\t","protected":false},"excerpt":{"rendered":"<p>Hall 1 Stant C13 &#8220;Hunters M 40: Yenilik\u00e7i Tasar\u0131m\u0131 ve Teknolojik Donan\u0131m\u0131yla Fark Yarat\u0131yor! Deniz tutkunlar\u0131n\u0131 etkileyici bir deneyimle bulu\u015fturan Hunters M 40, A Design Award 2021 Yacht and Marine Vessels kategorisindeki ba\u015far\u0131s\u0131yla dikkat \u00e7ekiyor. Tamamen teknolojik ve \u015f\u0131k tasar\u0131m\u0131yla \u00f6ne \u00e7\u0131kan bu yeni nesil motor yat, 12 metrelik boyutuyla nadir bulunan 3 kabinli konseptiyle [&hellip;]<\/p>\n","protected":false},"featured_media":3528,"template":"","meta":{"inline_featured_image":false,"wds_primary_product_brand":0,"wds_primary_product_cat":0},"product_brand":[],"product_cat":[15],"product_tag":[],"class_list":{"0":"post-3192","1":"product","2":"type-product","3":"status-publish","4":"has-post-thumbnail","6":"product_cat-uncategorized","8":"first","9":"instock","10":"shipping-taxable","11":"product-type-simple"},"_links":{"self":[{"href":"https:\/\/karayerlesim.bosphorusboatshow.com\/tr\/wp-json\/wp\/v2\/product\/3192","targetHints":{"allow":["GET"]}}],"collection":[{"href":"https:\/\/karayerlesim.bosphorusboatshow.com\/tr\/wp-json\/wp\/v2\/product"}],"about":[{"href":"https:\/\/karayerlesim.bosphorusboatshow.com\/tr\/wp-json\/wp\/v2\/types\/product"}],"version-history":[{"count":21,"href":"https:\/\/karayerlesim.bosphorusboatshow.com\/tr\/wp-json\/wp\/v2\/product\/3192\/revisions"}],"predecessor-version":[{"id":9956,"href":"https:\/\/karayerlesim.bosphorusboatshow.com\/tr\/wp-json\/wp\/v2\/product\/3192\/revisions\/9956"}],"wp:featuredmedia":[{"embeddable":true,"href":"https:\/\/karayerlesim.bosphorusboatshow.com\/tr\/wp-json\/wp\/v2\/media\/3528"}],"wp:attachment":[{"href":"https:\/\/karayerlesim.bosphorusboatshow.com\/tr\/wp-json\/wp\/v2\/media?parent=3192"}],"wp:term":[{"taxonomy":"product_brand","embeddable":true,"href":"https:\/\/karayerlesim.bosphorusboatshow.com\/tr\/wp-json\/wp\/v2\/product_brand?post=3192"},{"taxonomy":"product_cat","embeddable":true,"href":"https:\/\/karayerlesim.bosphorusboatshow.com\/tr\/wp-json\/wp\/v2\/product_cat?post=3192"},{"taxonomy":"product_tag","embeddable":true,"href":"https:\/\/karayerlesim.bosphorusboatshow.com\/tr\/wp-json\/wp\/v2\/product_tag?post=3192"}],"curies":[{"name":"wp","href":"https:\/\/api.w.org\/{rel}","templated":true}]}}