{"id":298,"date":"2023-11-30T15:31:36","date_gmt":"2023-11-30T12:31:36","guid":{"rendered":"https:\/\/karayerlesim.bosphorusboatshow.com\/tr\/?post_type=product&#038;p=298"},"modified":"2025-02-04T15:53:30","modified_gmt":"2025-02-04T12:53:30","slug":"rock-harbour-yacht","status":"publish","type":"product","link":"https:\/\/karayerlesim.bosphorusboatshow.com\/tr\/katilimci-markalar\/rock-harbour-yacht\/","title":{"rendered":"RockHarbour Yacht"},"content":{"rendered":"\t\t<div data-elementor-type=\"product-post\" data-elementor-id=\"298\" class=\"elementor elementor-298\" data-elementor-post-type=\"product\">\n\t\t\t\t<div data-particle_enable=\"false\" data-particle-mobile-disabled=\"false\" class=\"elementor-element elementor-element-be9a469 e-flex e-con-boxed e-con e-parent\" data-id=\"be9a469\" data-element_type=\"container\" data-e-type=\"container\">\n\t\t\t\t\t<div class=\"e-con-inner\">\n\t\t\t\t<div class=\"elementor-element elementor-element-5e99130 elementor-widget elementor-widget-button\" data-id=\"5e99130\" data-element_type=\"widget\" data-e-type=\"widget\" data-widget_type=\"button.default\">\n\t\t\t\t<div class=\"elementor-widget-container\">\n\t\t\t\t\t\t\t\t\t<div class=\"elementor-button-wrapper\">\n\t\t\t\t\t<a class=\"elementor-button elementor-button-link elementor-size-sm\" href=\"https:\/\/karayerlesim.bosphorusboatshow.com\/tr\/\">\n\t\t\t\t\t\t<span class=\"elementor-button-content-wrapper\">\n\t\t\t\t\t\t<span class=\"elementor-button-icon\">\n\t\t\t\t<i aria-hidden=\"true\" class=\"fas fa-map-pin\"><\/i>\t\t\t<\/span>\n\t\t\t\t\t\t\t\t\t<span class=\"elementor-button-text\">Hall 1 Stant B3<\/span>\n\t\t\t\t\t<\/span>\n\t\t\t\t\t<\/a>\n\t\t\t\t<\/div>\n\t\t\t\t\t\t\t\t<\/div>\n\t\t\t\t<\/div>\n\t\t\t\t<div class=\"elementor-element elementor-element-2923559 elementor-widget elementor-widget-text-editor\" data-id=\"2923559\" data-element_type=\"widget\" data-e-type=\"widget\" data-widget_type=\"text-editor.default\">\n\t\t\t\t<div class=\"elementor-widget-container\">\n\t\t\t\t\t\t\t\t\t<p><span style=\"color: #0a1551; font-family: Circular, -apple-system, BlinkMacSystemFont, 'Segoe UI', Roboto, Helvetica, Arial, sans-serif, 'Apple Color Emoji', 'Segoe UI Emoji', 'Segoe UI Symbol'; font-size: 16px; white-space-collapse: preserve; font-weight: var( --e-global-typography-text-font-weight ); text-align: var(--text-align);\">1989 y\u0131l\u0131nda T\u00fcrkiye\u2019nin ilk resmi yat sat\u0131\u015f firmas\u0131 olarak kurulan Karina, d\u00fcnyan\u0131n \u00f6nde gelen markalar\u0131n\u0131n temsilcili\u011finin yan\u0131 s\u0131ra, geni\u015f portf\u00f6y\u00fc ve kurumsal uluslararas\u0131 ba\u011flant\u0131lar\u0131yla ikinci el tekne al\u0131m-sat\u0131m\u0131, tecr\u00fcbeli kadrosuyla teknik servis, sigorta, ta\u015f\u0131ma ve dan\u0131\u015fmanl\u0131k hizmetlerini bir \u00e7at\u0131 alt\u0131nda sunmaktad\u0131r. Azimut Yachts, Fairline Yachts ve Williams Jet Tender markalar\u0131n\u0131n T\u00fcrkiye temsilcili\u011fini s\u00fcrd\u00fcrmektedir.<\/span><\/p>\t\t\t\t\t\t\t\t<\/div>\n\t\t\t\t<\/div>\n\t\t\t\t\t<\/div>\n\t\t\t\t<\/div>\n\t\t<div data-particle_enable=\"false\" data-particle-mobile-disabled=\"false\" class=\"elementor-element elementor-element-f627dda e-flex e-con-boxed e-con e-parent\" data-id=\"f627dda\" data-element_type=\"container\" data-e-type=\"container\">\n\t\t\t\t\t<div class=\"e-con-inner\">\n\t\t\t\t<div class=\"elementor-element elementor-element-da387a7 elementor-widget-divider--view-line elementor-widget elementor-widget-divider\" data-id=\"da387a7\" data-element_type=\"widget\" data-e-type=\"widget\" data-widget_type=\"divider.default\">\n\t\t\t\t<div class=\"elementor-widget-container\">\n\t\t\t\t\t\t\t<div class=\"elementor-divider\">\n\t\t\t<span class=\"elementor-divider-separator\">\n\t\t\t\t\t\t<\/span>\n\t\t<\/div>\n\t\t\t\t\t\t<\/div>\n\t\t\t\t<\/div>\n\t\t\t\t\t<\/div>\n\t\t\t\t<\/div>\n\t\t<div data-particle_enable=\"false\" data-particle-mobile-disabled=\"false\" class=\"elementor-element elementor-element-74dddcf e-flex e-con-boxed e-con e-parent\" data-id=\"74dddcf\" data-element_type=\"container\" data-e-type=\"container\">\n\t\t\t\t\t<div class=\"e-con-inner\">\n\t\t\t\t<div class=\"elementor-element elementor-element-06f3e74 elementor-widget elementor-widget-heading\" data-id=\"06f3e74\" data-element_type=\"widget\" data-e-type=\"widget\" data-widget_type=\"heading.default\">\n\t\t\t\t<div class=\"elementor-widget-container\">\n\t\t\t\t\t<h4 class=\"elementor-heading-title elementor-size-default\">Kat\u0131l\u0131mc\u0131 Kategorileri<\/h4>\t\t\t\t<\/div>\n\t\t\t\t<\/div>\n\t\t\t\t<div class=\"elementor-element elementor-element-8420dfe elementor-icon-list--layout-inline elementor-list-item-link-full_width elementor-widget elementor-widget-icon-list\" data-id=\"8420dfe\" data-element_type=\"widget\" data-e-type=\"widget\" data-widget_type=\"icon-list.default\">\n\t\t\t\t<div class=\"elementor-widget-container\">\n\t\t\t\t\t\t\t<ul class=\"elementor-icon-list-items elementor-inline-items\">\n\t\t\t\t\t\t\t<li class=\"elementor-icon-list-item elementor-inline-item\">\n\t\t\t\t\t\t\t\t\t\t\t<span class=\"elementor-icon-list-icon\">\n\t\t\t\t\t\t\t<svg xmlns=\"http:\/\/www.w3.org\/2000\/svg\" id=\"Layer_1\" data-name=\"Layer 1\" viewBox=\"0 0 1000 1000\"><defs><style>      .cls-1 {        fill: #fff;      }      .cls-1, .cls-2 {        stroke-width: 0px;      }      .cls-2 {        fill: #832880;      }    <\/style><\/defs><circle class=\"cls-2\" cx=\"500\" cy=\"500\" r=\"500\"><\/circle><path class=\"cls-1\" d=\"M752.2,550.63c-.97-1.84-1.97-3.64-3.02-5.4-.3-.51-.6-1.03-.91-1.54-.18-.29-.35-.59-.53-.87-20.81-34.59-51.99-61.8-89.05-76.99,8.07-4.92,15.75-10.48,23.03-16.7,10.03-8.55,18.82-18.48,26.41-29.79,7.59-11.3,13.66-23.98,18.22-38.04,4.55-14.05,6.83-30.25,6.83-48.59v-1.84c0-50.72-18.76-91.05-56.28-121-37.53-29.94-89.22-44.92-155.09-44.92H224.43v641.69c52.65-140.08,131.51-246.84,243.94-310.96-1.85,3.21-3.65,6.4-5.41,9.58-35.34,34.84-57.37,84.01-57.37,138.5,0,105.66,82.82,191.31,184.99,191.31s184.99-85.65,184.99-191.31c0-33.81-8.49-65.56-23.37-93.11Z\"><\/path><\/svg>\t\t\t\t\t\t<\/span>\n\t\t\t\t\t\t\t\t\t\t<span class=\"elementor-icon-list-text\">Rib \/ \u015ei\u015fme Bot<\/span>\n\t\t\t\t\t\t\t\t\t<\/li>\n\t\t\t\t\t\t\t\t<li class=\"elementor-icon-list-item elementor-inline-item\">\n\t\t\t\t\t\t\t\t\t\t\t<span class=\"elementor-icon-list-icon\">\n\t\t\t\t\t\t\t<svg xmlns=\"http:\/\/www.w3.org\/2000\/svg\" id=\"Layer_1\" data-name=\"Layer 1\" viewBox=\"0 0 1000 1000\"><defs><style>      .cls-1 {        fill: #fff;      }      .cls-1, .cls-2 {        stroke-width: 0px;      }      .cls-2 {        fill: #832880;      }    <\/style><\/defs><circle class=\"cls-2\" cx=\"500\" cy=\"500\" r=\"500\"><\/circle><path class=\"cls-1\" d=\"M752.2,550.63c-.97-1.84-1.97-3.64-3.02-5.4-.3-.51-.6-1.03-.91-1.54-.18-.29-.35-.59-.53-.87-20.81-34.59-51.99-61.8-89.05-76.99,8.07-4.92,15.75-10.48,23.03-16.7,10.03-8.55,18.82-18.48,26.41-29.79,7.59-11.3,13.66-23.98,18.22-38.04,4.55-14.05,6.83-30.25,6.83-48.59v-1.84c0-50.72-18.76-91.05-56.28-121-37.53-29.94-89.22-44.92-155.09-44.92H224.43v641.69c52.65-140.08,131.51-246.84,243.94-310.96-1.85,3.21-3.65,6.4-5.41,9.58-35.34,34.84-57.37,84.01-57.37,138.5,0,105.66,82.82,191.31,184.99,191.31s184.99-85.65,184.99-191.31c0-33.81-8.49-65.56-23.37-93.11Z\"><\/path><\/svg>\t\t\t\t\t\t<\/span>\n\t\t\t\t\t\t\t\t\t\t<span class=\"elementor-icon-list-text\">Motoryacht<\/span>\n\t\t\t\t\t\t\t\t\t<\/li>\n\t\t\t\t\t\t\t\t<li class=\"elementor-icon-list-item elementor-inline-item\">\n\t\t\t\t\t\t\t\t\t\t\t<span class=\"elementor-icon-list-icon\">\n\t\t\t\t\t\t\t<svg xmlns=\"http:\/\/www.w3.org\/2000\/svg\" id=\"Layer_1\" data-name=\"Layer 1\" viewBox=\"0 0 1000 1000\"><defs><style>      .cls-1 {        fill: #fff;      }      .cls-1, .cls-2 {        stroke-width: 0px;      }      .cls-2 {        fill: #832880;      }    <\/style><\/defs><circle class=\"cls-2\" cx=\"500\" cy=\"500\" r=\"500\"><\/circle><path class=\"cls-1\" d=\"M752.2,550.63c-.97-1.84-1.97-3.64-3.02-5.4-.3-.51-.6-1.03-.91-1.54-.18-.29-.35-.59-.53-.87-20.81-34.59-51.99-61.8-89.05-76.99,8.07-4.92,15.75-10.48,23.03-16.7,10.03-8.55,18.82-18.48,26.41-29.79,7.59-11.3,13.66-23.98,18.22-38.04,4.55-14.05,6.83-30.25,6.83-48.59v-1.84c0-50.72-18.76-91.05-56.28-121-37.53-29.94-89.22-44.92-155.09-44.92H224.43v641.69c52.65-140.08,131.51-246.84,243.94-310.96-1.85,3.21-3.65,6.4-5.41,9.58-35.34,34.84-57.37,84.01-57.37,138.5,0,105.66,82.82,191.31,184.99,191.31s184.99-85.65,184.99-191.31c0-33.81-8.49-65.56-23.37-93.11Z\"><\/path><\/svg>\t\t\t\t\t\t<\/span>\n\t\t\t\t\t\t\t\t\t\t<span class=\"elementor-icon-list-text\">Hizmet<\/span>\n\t\t\t\t\t\t\t\t\t<\/li>\n\t\t\t\t\t\t<\/ul>\n\t\t\t\t\t\t<\/div>\n\t\t\t\t<\/div>\n\t\t\t\t\t<\/div>\n\t\t\t\t<\/div>\n\t\t<div data-particle_enable=\"false\" data-particle-mobile-disabled=\"false\" class=\"elementor-element elementor-element-3dfecb2 e-flex e-con-boxed e-con e-parent\" data-id=\"3dfecb2\" data-element_type=\"container\" data-e-type=\"container\">\n\t\t\t\t\t<div class=\"e-con-inner\">\n\t\t\t\t<div class=\"elementor-element elementor-element-1e6f501 elementor-widget elementor-widget-spacer\" data-id=\"1e6f501\" data-element_type=\"widget\" data-e-type=\"widget\" data-widget_type=\"spacer.default\">\n\t\t\t\t<div class=\"elementor-widget-container\">\n\t\t\t\t\t\t\t<div class=\"elementor-spacer\">\n\t\t\t<div class=\"elementor-spacer-inner\"><\/div>\n\t\t<\/div>\n\t\t\t\t\t\t<\/div>\n\t\t\t\t<\/div>\n\t\t\t\t\t<\/div>\n\t\t\t\t<\/div>\n\t\t\t\t<\/div>\n\t\t","protected":false},"excerpt":{"rendered":"<p>Hall 1 Stant B3 1989 y\u0131l\u0131nda T\u00fcrkiye\u2019nin ilk resmi yat sat\u0131\u015f firmas\u0131 olarak kurulan Karina, d\u00fcnyan\u0131n \u00f6nde gelen markalar\u0131n\u0131n temsilcili\u011finin yan\u0131 s\u0131ra, geni\u015f portf\u00f6y\u00fc ve kurumsal uluslararas\u0131 ba\u011flant\u0131lar\u0131yla ikinci el tekne al\u0131m-sat\u0131m\u0131, tecr\u00fcbeli kadrosuyla teknik servis, sigorta, ta\u015f\u0131ma ve dan\u0131\u015fmanl\u0131k hizmetlerini bir \u00e7at\u0131 alt\u0131nda sunmaktad\u0131r. Azimut Yachts, Fairline Yachts ve Williams Jet Tender markalar\u0131n\u0131n T\u00fcrkiye [&hellip;]<\/p>\n","protected":false},"featured_media":9869,"template":"","meta":{"inline_featured_image":false,"wds_primary_product_brand":0,"wds_primary_product_cat":0},"product_brand":[],"product_cat":[15],"product_tag":[],"class_list":{"0":"post-298","1":"product","2":"type-product","3":"status-publish","4":"has-post-thumbnail","6":"product_cat-uncategorized","8":"first","9":"instock","10":"shipping-taxable","11":"product-type-simple"},"_links":{"self":[{"href":"https:\/\/karayerlesim.bosphorusboatshow.com\/tr\/wp-json\/wp\/v2\/product\/298","targetHints":{"allow":["GET"]}}],"collection":[{"href":"https:\/\/karayerlesim.bosphorusboatshow.com\/tr\/wp-json\/wp\/v2\/product"}],"about":[{"href":"https:\/\/karayerlesim.bosphorusboatshow.com\/tr\/wp-json\/wp\/v2\/types\/product"}],"version-history":[{"count":27,"href":"https:\/\/karayerlesim.bosphorusboatshow.com\/tr\/wp-json\/wp\/v2\/product\/298\/revisions"}],"predecessor-version":[{"id":9985,"href":"https:\/\/karayerlesim.bosphorusboatshow.com\/tr\/wp-json\/wp\/v2\/product\/298\/revisions\/9985"}],"wp:featuredmedia":[{"embeddable":true,"href":"https:\/\/karayerlesim.bosphorusboatshow.com\/tr\/wp-json\/wp\/v2\/media\/9869"}],"wp:attachment":[{"href":"https:\/\/karayerlesim.bosphorusboatshow.com\/tr\/wp-json\/wp\/v2\/media?parent=298"}],"wp:term":[{"taxonomy":"product_brand","embeddable":true,"href":"https:\/\/karayerlesim.bosphorusboatshow.com\/tr\/wp-json\/wp\/v2\/product_brand?post=298"},{"taxonomy":"product_cat","embeddable":true,"href":"https:\/\/karayerlesim.bosphorusboatshow.com\/tr\/wp-json\/wp\/v2\/product_cat?post=298"},{"taxonomy":"product_tag","embeddable":true,"href":"https:\/\/karayerlesim.bosphorusboatshow.com\/tr\/wp-json\/wp\/v2\/product_tag?post=298"}],"curies":[{"name":"wp","href":"https:\/\/api.w.org\/{rel}","templated":true}]}}